{"id":59,"date":"2021-07-27T14:35:05","date_gmt":"2021-07-27T14:35:05","guid":{"rendered":"https:\/\/asrp-systems.com\/?page_id=59"},"modified":"2023-11-19T14:33:59","modified_gmt":"2023-11-19T13:33:59","slug":"imprint","status":"publish","type":"page","link":"https:\/\/asrp-systems.com\/index.php\/imprint\/","title":{"rendered":"Imprint"},"content":{"rendered":"<p>[et_pb_section fb_built=&#8221;1&#8243; _builder_version=&#8221;4.21.0&#8243; _module_preset=&#8221;default&#8221; custom_padding=&#8221;||1vw||false|false&#8221; global_colors_info=&#8221;{}&#8221;][et_pb_row _builder_version=&#8221;4.21.0&#8243; _module_preset=&#8221;default&#8221; custom_padding=&#8221;1vw||1vw||true|false&#8221; global_colors_info=&#8221;{}&#8221;][et_pb_column type=&#8221;4_4&#8243; _builder_version=&#8221;4.16&#8243; _module_preset=&#8221;default&#8221; global_colors_info=&#8221;{}&#8221;][et_pb_text _builder_version=&#8221;4.23.1&#8243; _module_preset=&#8221;default&#8221; text_text_color=&#8221;#00171f&#8221; text_font_size=&#8221;16px&#8221; text_line_height=&#8221;1.2em&#8221; header_4_font=&#8221;|700|||||||&#8221; header_4_font_size=&#8221;25px&#8221; header_4_line_height=&#8221;1.4em&#8221; custom_padding=&#8221;0vw||0vw||true|false&#8221; hover_enabled=&#8221;0&#8243; global_colors_info=&#8221;{}&#8221; sticky_enabled=&#8221;0&#8243;]<\/p>\n<h4><strong>Imprint<\/strong><\/h4>\n<p style=\"text-align: justify;\"><strong>ASRP-Systems Ltd.<\/strong><br \/>Hark\u00e1ly u. 10.<br \/>6000 KECSKEM\u00c9T<br \/>HUNGARY<br \/>Phone: +36 (70) 309 4621<br \/>Email: <a href=\"mailto:info@asrp-systems.com\">info@asrp-systems.com<\/a><br \/>Web: <a href=\"http:\/\/www.asrp-systems.com\">www.asrp-systems.com<\/a><\/p>\n<p style=\"text-align: justify;\"><strong>Managing Director:<\/strong> Attila G\u00f6nczi<br \/><strong>Register Court:<\/strong> Kecskem\u00e9ti T\u00f6rv\u00e9nysz\u00e9k C\u00e9gb\u00edr\u00f3s\u00e1ga (Court of Registry of the Kecskem\u00e9t General Court)<br \/><strong>Registration Number:<\/strong> 03-09-135260<\/p>\n<p style=\"text-align: justify;\"><strong>Tax Identification Number<\/strong>: 27194854-2-03<br \/><strong>International (EU) Tax Identification Number:<\/strong> HU27194854<\/p>\n<p style=\"text-align: justify;\"><strong>Responsible for the content:<\/strong><br \/>Attila G\u00f6nczi<br \/>ASRP-Systems Ltd.<br \/>Hark\u00e1ly u. 10.<br \/>6000 KECSKEM\u00c9T<br \/>HUNGARY<br \/>Phone: +36 (70) 309 4621<br \/>Email: <a href=\"mailto:info@asrp-systems.com\">info@asrp-systems.com<\/a><\/p>\n<p style=\"text-align: justify;\"><strong>Picture Credits:<\/strong><br \/><span>&#8211; iStockphoto<br \/><\/span><span>&#8211; Dreamstime<br \/><\/span>&#8211; ASRP-Systems Ltd.<\/p>\n<p>[\/et_pb_text][\/et_pb_column][\/et_pb_row][\/et_pb_section]<\/p>\n","protected":false},"excerpt":{"rendered":"<p>Imprint ASRP-Systems Ltd.Hark\u00e1ly u. 10.6000 KECSKEM\u00c9THUNGARYPhone: +36 (70) 309 4621Email: info@asrp-systems.comWeb: www.asrp-systems.com Managing Director: Attila G\u00f6ncziRegister Court: Kecskem\u00e9ti T\u00f6rv\u00e9nysz\u00e9k C\u00e9gb\u00edr\u00f3s\u00e1ga (Court of Registry of the Kecskem\u00e9t General Court)Registration Number: 03-09-135260 Tax Identification Number: 27194854-2-03International (EU) Tax Identification Number: HU27194854 Responsible for the content:Attila G\u00f6ncziASRP-Systems Ltd.Hark\u00e1ly u. 10.6000 KECSKEM\u00c9THUNGARYPhone: +36 (70) 309 4621Email: info@asrp-systems.com Picture Credits:- [&hellip;]<\/p>\n","protected":false},"author":1,"featured_media":0,"parent":0,"menu_order":0,"comment_status":"closed","ping_status":"closed","template":"","meta":{"_et_pb_use_builder":"on","_et_pb_old_content":"","_et_gb_content_width":"","footnotes":""},"class_list":["post-59","page","type-page","status-publish","hentry"],"aioseo_notices":[],"_links":{"self":[{"href":"https:\/\/asrp-systems.com\/index.php\/wp-json\/wp\/v2\/pages\/59","targetHints":{"allow":["GET"]}}],"collection":[{"href":"https:\/\/asrp-systems.com\/index.php\/wp-json\/wp\/v2\/pages"}],"about":[{"href":"https:\/\/asrp-systems.com\/index.php\/wp-json\/wp\/v2\/types\/page"}],"author":[{"embeddable":true,"href":"https:\/\/asrp-systems.com\/index.php\/wp-json\/wp\/v2\/users\/1"}],"replies":[{"embeddable":true,"href":"https:\/\/asrp-systems.com\/index.php\/wp-json\/wp\/v2\/comments?post=59"}],"version-history":[{"count":10,"href":"https:\/\/asrp-systems.com\/index.php\/wp-json\/wp\/v2\/pages\/59\/revisions"}],"predecessor-version":[{"id":686,"href":"https:\/\/asrp-systems.com\/index.php\/wp-json\/wp\/v2\/pages\/59\/revisions\/686"}],"wp:attachment":[{"href":"https:\/\/asrp-systems.com\/index.php\/wp-json\/wp\/v2\/media?parent=59"}],"curies":[{"name":"wp","href":"https:\/\/api.w.org\/{rel}","templated":true}]}}