{"id":989,"date":"2021-07-27T14:29:13","date_gmt":"2021-07-27T13:29:13","guid":{"rendered":"https:\/\/asrp-systems.com\/index.php\/szerzodesi-feltetelek\/"},"modified":"2025-03-19T16:31:55","modified_gmt":"2025-03-19T15:31:55","slug":"szerzodesi-feltetelek","status":"publish","type":"page","link":"https:\/\/asrp-systems.com\/hu\/index.php\/szerzodesi-feltetelek\/","title":{"rendered":"\u00c1ltal\u00e1nos Szerz\u0151d\u00e9si Felt\u00e9telek"},"content":{"rendered":"<p>[et_pb_section fb_built=&#8221;1&#8243; _builder_version=&#8221;4.21.0&#8243; _module_preset=&#8221;default&#8221; custom_padding=&#8221;||||false|false&#8221; global_colors_info=&#8221;{}&#8221;][et_pb_row _builder_version=&#8221;4.21.0&#8243; _module_preset=&#8221;default&#8221; global_colors_info=&#8221;{}&#8221;][et_pb_column type=&#8221;4_4&#8243; _builder_version=&#8221;4.21.0&#8243; _module_preset=&#8221;default&#8221; global_colors_info=&#8221;{}&#8221;][et_pb_text _builder_version=&#8221;4.27.4&#8243; _module_preset=&#8221;default&#8221; text_text_color=&#8221;#00171f&#8221; text_font_size=&#8221;16px&#8221; text_line_height=&#8221;1.2em&#8221; header_text_color=&#8221;#00171f&#8221; header_font_size=&#8221;25px&#8221; header_4_font=&#8221;|700|||||||&#8221; header_4_text_color=&#8221;#00171f&#8221; header_4_font_size=&#8221;25px&#8221; header_4_line_height=&#8221;1.4em&#8221; custom_padding=&#8221;0vw||0vw||true|false&#8221; hover_enabled=&#8221;0&#8243; global_colors_info=&#8221;{}&#8221; sticky_enabled=&#8221;0&#8243;]<\/p>\n<h4>\u00c1ltal\u00e1nos Szerz\u0151d\u00e9si Felt\u00e9telek (\u00c1SZF)<\/h4>\n<p style=\"text-align: justify;\">Az al\u00e1bbi felt\u00e9telek az ASRP-Systems Kft., mint Szolg\u00e1ltat\u00f3 \u00e9s a Megrendel\u0151 k\u00f6z\u00f6tt l\u00e9trej\u00f6tt minden szerz\u0151d\u00e9sre \u00e9s sz\u00e1ll\u00edt\u00e1sra vonatkoznak, amelyek a Megrendel\u0151 ig\u00e9nyei alapj\u00e1n l\u00e9trej\u00f6v\u0151 hardware \u00e9s szoftver megold\u00e1sok fejleszt\u00e9s\u00e9re ir\u00e1nyulnak.<\/p>\n<p>&nbsp;<\/p>\n<h1>1. \u00c1ltal\u00e1nos felt\u00e9telek<\/h1>\n<p style=\"text-align: justify;\">1.1 Szolg\u00e1ltat\u00f3 adatai:<\/p>\n<ul style=\"text-align: justify;\">\n<li>C\u00e9gn\u00e9v: ASRP-Systems Kft.<\/li>\n<li>C\u00edm: H-6000 Kecskem\u00e9t, Hark\u00e1ly utca 10., Magyarorsz\u00e1g<\/li>\n<li>C\u00e9gjegyz\u00e9ksz\u00e1m: 03-09-135260<\/li>\n<li>Ad\u00f3sz\u00e1m: 27194854-2-03<\/li>\n<li>EU ad\u00f3sz\u00e1m: HU27194854<\/li>\n<li>Nyilv\u00e1ntart\u00e1sba bejegyz\u0151 hat\u00f3s\u00e1g neve: Kecskem\u00e9ti T\u00f6rv\u00e9nysz\u00e9k C\u00e9gb\u00edr\u00f3s\u00e1ga<\/li>\n<li>\u00dcgyvezet\u0151 igazgat\u00f3 \u00e9s alap\u00edt\u00f3: G\u00f6nczi Attila<\/li>\n<li>Telefon: +36 (70) 309 4621<\/li>\n<li><span><\/span>Email<span>:<\/span> <a href=\"mailto:info@asrp-systems.com\">info@asrp-systems.com<\/a><\/li>\n<li><span><\/span>Weboldal: <span>asrp-systems.com<\/span><\/li>\n<\/ul>\n<p style=\"text-align: justify;\">1.2 A jelen \u00c1SZF-ben nem szab\u00e1lyozott k\u00e9rd\u00e9sekre, valamint jelen \u00c1SZF \u00e9rtelmez\u00e9s\u00e9re a magyar jog az ir\u00e1nyad\u00f3.<\/p>\n<p style=\"text-align: justify;\">1.3 A jelen \u00c1SZF 2023. november 19. napj\u00e1t\u00f3l hat\u00e1lyos \u00e9s visszavon\u00e1sig hat\u00e1lyban marad. A jelen \u00c1SZF m\u00f3dos\u00edt\u00e1sait a szolg\u00e1ltat\u00f3 a weboldalon k\u00f6zz\u00e9teszi. A m\u00f3dos\u00edt\u00e1sok nem \u00e9rintik a kor\u00e1bban megk\u00f6t\u00f6tt szerz\u0151d\u00e9seket, azaz a m\u00f3dos\u00edt\u00e1soknak nincs visszahat\u00f3 hat\u00e1lya. Sz\u00fcks\u00e9g eset\u00e9n a jelenlegi szerz\u0151d\u00e9s(ek) m\u00f3dos\u00edt\u00e1s\u00e1ra csak akkor van lehet\u0151s\u00e9g, ha mindk\u00e9t f\u00e9l \u00edr\u00e1sban beleegyezett a m\u00f3dos\u00edt\u00e1sba.<\/p>\n<p style=\"text-align: justify;\">1.4 Szolg\u00e1ltat\u00f3 a jelen dokumentumban meghat\u00e1rozott felt\u00e9telek szerint ad aj\u00e1nlatot, ami tartalmazza a szolg\u00e1ltat\u00e1sok munkad\u00edj\u00e1t \u00e9s a v\u00e1rhat\u00f3 k\u00f6lts\u00e9geket is.<\/p>\n<p style=\"text-align: justify;\">1.5 Az ASRP-Systems garant\u00e1lja, hogy jogosult az \u00e1raj\u00e1nlatban r\u00e9szletezett szolg\u00e1ltat\u00e1s(ok) elv\u00e9gz\u00e9s\u00e9re.<\/p>\n<p style=\"text-align: justify;\">1.6 Ha a szerz\u0151d\u00e9s kifejezetten nem tartalmazza, az ASRP-Systems Kft. \u00c1ltal\u00e1nos Szerz\u0151d\u00e9si Felt\u00e9teleinek a szerz\u0151d\u00e9s al\u00e1\u00edr\u00e1sakor \u00e9rv\u00e9nyes v\u00e1ltozata az ut\u00f3megrendel\u00e9sekre \u00e9s a folyamatos \u00fczleti kapcsolatok r\u00e9szek\u00e9nt \u00e9rv\u00e9nyes.<\/p>\n<p style=\"text-align: justify;\">1.7 Az \u00fcgyf\u00e9l tudom\u00e1sul veszi, hogy az ASRP-Systems Kft. \u00e1ltal ny\u00fajtott b\u00e1rmely szolg\u00e1ltat\u00e1s egyedi, az \u00fcgyf\u00e9l ig\u00e9nyeihez szabott tervez\u00e9s\u0171, ez\u00e9rt vissza nem t\u00e9r\u00edthet\u0151.<\/p>\n<h1>2. Szerz\u0151d\u00e9s \u00e9s szolg\u00e1ltat\u00e1sok<\/h1>\n<p style=\"text-align: justify;\">2.1 A szerz\u0151d\u00e9s b\u00e1rmely m\u00f3dos\u00edt\u00e1s\u00e1t \u00edr\u00e1sban kell megtenni, amihez az ASRP-Systems Kft. belegyez\u00e9se sz\u00fcks\u00e9ges.<\/p>\n<p style=\"text-align: justify;\">2.2 Elt\u00e9r\u0151 rendelkez\u00e9s hi\u00e1ny\u00e1ban minden \u00e1r nett\u00f3.<\/p>\n<p style=\"text-align: justify;\">2.3 Az ASRP-Systems garant\u00e1lja, hogy az \u00fcgyf\u00e9lnek annyi munka\u00f3r\u00e1t sz\u00e1ml\u00e1z ki, amennyi a munka elv\u00e9gz\u00e9s\u00e9hez t\u00e9nylegesen sz\u00fcks\u00e9ges volt. A munkaid\u0151 nyomon k\u00f6vet\u00e9se munkaid\u0151-nyilv\u00e1ntart\u00e1son alapul.<\/p>\n<p style=\"text-align: justify;\">2.4 Az ASRP-Systems Kft. jogosult harmadik felet megb\u00edzni a szerz\u0151d\u00e9ses szolg\u00e1ltat\u00e1s eg\u00e9sz\u00e9nek vagy egy r\u00e9sz\u00e9nek elv\u00e9gz\u00e9s\u00e9vel, de a tev\u00e9kenys\u00e9g\u00e9\u00e9rt \u00fagy felel, mintha azt saj\u00e1t maga v\u00e9gezte volna el. Az ASRP-Systems Kft. v\u00e1llalja, hogy k\u00f6telezetts\u00e9get r\u00f3 a harmadik f\u00e9lre a megrendel\u00e9sb\u0151l ered\u0151 jogok \u00e9s k\u00f6telezetts\u00e9gek, k\u00fcl\u00f6n\u00f6s tekintettel a titoktart\u00e1si k\u00f6telezetts\u00e9g betart\u00e1s\u00e1ra vonatkoz\u00f3an.<\/p>\n<p style=\"text-align: justify;\">2.5 Az ASRP-Systems jogosult r\u00e9szszolg\u00e1ltat\u00e1sokat ny\u00fajtani \u00e9s kisz\u00e1ml\u00e1zni az \u00fcgyf\u00e9l sz\u00e1m\u00e1ra. Az \u00fcgyf\u00e9l v\u00e1llalja a r\u00e9szszolg\u00e1ltat\u00e1s elfogad\u00e1s\u00e1t.<\/p>\n<h1>3. Szerz\u0151d\u00e9s felmond\u00e1sa<\/h1>\n<p style=\"text-align: justify;\">3.1 A szerz\u0151d\u00e9st b\u00e1rmelyik f\u00e9l alapos indokkal, egy h\u00f3napos felmond\u00e1si id\u0151vel b\u00e1rmikor felmondhatja. A felmond\u00e1si sz\u00e1nd\u00e9kot a m\u00e1sik f\u00e9llel \u00edr\u00e1sban kell k\u00f6z\u00f6lni. Alapos indok p\u00e9ld\u00e1ul: (i) nem megfelel\u0151 munkak\u00f6r\u00fclm\u00e9nyek (pl. szem\u00e9lyes konfliktusok, inform\u00e1ci\u00f3 sz\u00e1nd\u00e9kos visszatart\u00e1sa); (ii) a hat\u00e1rid\u0151k ism\u00e9telt figyelmen k\u00edv\u00fcl hagy\u00e1sa; (iii) vis major esetek (pl. term\u00e9szeti katasztr\u00f3fa, h\u00e1bor\u00fa, cs\u0151d stb.); vagy (iv) a jelen szerz\u0151d\u00e9s b\u00e1rmely l\u00e9nyeges rendelkez\u00e9s\u00e9nek megszeg\u00e9se.<\/p>\n<p style=\"text-align: justify;\">3.2 Felmond\u00e1s eset\u00e9n: (i) tov\u00e1bbi munkav\u00e9gz\u00e9s nem t\u00f6rt\u00e9nik; (ii) sz\u00e1ml\u00e1t kell ki\u00e1ll\u00edtani minden olyan munk\u00e1r\u00f3l, amelyet m\u00e1r elv\u00e9geztek, \u00e9s amelyr\u0151l m\u00e9g nem \u00e1ll\u00edtottak ki sz\u00e1ml\u00e1t; (iii) a felmond\u00e1s id\u0151pontj\u00e1ig l\u00e9trehozott eredm\u00e9nyek az \u00fcgyf\u00e9l sz\u00e1m\u00e1ra \u00e1tad\u00e1sra ker\u00fclnek.<\/p>\n<h1>4. Fizet\u00e9si felt\u00e9telek<\/h1>\n<p style=\"text-align: justify;\">4.1 Az \u00fcgyf\u00e9l k\u00f6teles a fizet\u00e9st legk\u00e9s\u0151bb az esed\u00e9kess\u00e9g napj\u00e1t k\u00f6vet\u0151 \u00f6t napon bel\u00fcl teljes\u00edteni. Amennyiben ezen id\u0151n bel\u00fcl a k\u00f6vetel\u00e9s nem ker\u00fcl kifizet\u00e9sre, az fizet\u00e9si k\u00e9sedelemnek min\u0151s\u00fcl. Fizet\u00e9si k\u00e9sedelem eset\u00e9n az \u00fcgyf\u00e9l az Eur\u00f3pai K\u00f6zponti Banki alapkamat k\u00e9tszeres\u00e9nek megfelel\u0151 k\u00e9sedelmi kamat megfizet\u00e9s\u00e9re k\u00f6teles.<\/p>\n<p style=\"text-align: justify;\">4.2 Ha a fizet\u00e9s az esed\u00e9kess\u00e9g id\u0151pontj\u00e1ig nem t\u00f6rt\u00e9nik meg, az ASRP-Systems Kft. fenntartja a jogot, hogy le\u00e1ll\u00edtsa a munk\u00e1t, am\u00edg a teljes fizet\u00e9s nem \u00e9rkezik meg. Ebben az esetben a kor\u00e1bban egyeztetett hat\u00e1rid\u0151k nem garant\u00e1lhat\u00f3k.<\/p>\n<p style=\"text-align: justify;\">4.3 Amennyiben a megrendelt munka legal\u00e1bb 50%-a nem ker\u00fcl v\u00e9grehat\u00e1sra a megbesz\u00e9lt (aj\u00e1nlatban felt\u00fcntetett) hat\u00e1rid\u0151n bel\u00fcl &#8211; az \u00fcgyf\u00e9lre visszavezethet\u0151 ok(ok) miatt &#8211; az ASRP-Systems Kft. fenntartja a jogot, hogy a szerz\u0151d\u00e9sben szerepl\u0151 teljes megrendel\u00e9s \u00e9rt\u00e9k\u00e9nek 50%-\u00e1t kisz\u00e1ml\u00e1zza az elmaradt bev\u00e9telei r\u00e9szbeni fedez\u00e9s\u00e9re. Kiv\u00e9telt k\u00e9peznek a vis major esetek (pl. term\u00e9szeti katasztr\u00f3fa, h\u00e1bor\u00fa stb.) amelyekr\u0151l az \u00fcgyf\u00e9lnek mindig \u00edr\u00e1sban \u00e9rtes\u00edtenie kell az ASRP-Systems Kft.-t.<\/p>\n<p style=\"text-align: justify;\">4.4 Ha az ASRP-Systems Kft. szolg\u00e1ltat\u00e1sait az \u00fcgyf\u00e9l orsz\u00e1g\u00e1ban ad\u00f3k vagy illet\u00e9kek (pl. kivon\u00e1si illet\u00e9k) terhelik \u00e9s\/vagy az ad\u00f3k \u00e9s illet\u00e9kek a szolg\u00e1ltat\u00e1s id\u0151tartama alatt emelkednek, az \u00fcgyf\u00e9l v\u00e1llalja, hogy az \u00edgy kies\u0151 bev\u00e9telt az ASRP-Systems Kft.-nek az ad\u00f3- vagy illet\u00e9kk\u00f6lts\u00e9gek \u00e1tv\u00e1llal\u00e1s\u00e1val megt\u00e9r\u00edti.<\/p>\n<h1>5. Garancia<\/h1>\n<p style=\"text-align: justify;\">5.1 Az ASRP-Systems Kft., igazgat\u00f3i, alkalmazottai, tan\u00e1csad\u00f3i, helyettes\u00edt\u0151i vagy alv\u00e1llalkoz\u00f3i \u00e1ltal elk\u00f6vetett tervez\u00e9si hib\u00e1kat az ASRP-Systems Kft. a lehet\u0151 legr\u00f6videbb id\u0151n bel\u00fcl p\u00f3td\u00edj n\u00e9lk\u00fcl kijav\u00edtja, \u00e9s az el\u0151rehalad\u00e1sr\u00f3l napi rendszeress\u00e9ggel t\u00e1j\u00e9koztatja az \u00fcgyfelet.<\/p>\n<p style=\"text-align: justify;\">5.2 Az \u00fcgyf\u00e9l jogosult, hogy az ASRP-Systems Kft. int\u00e9zked\u00e9sei, szab\u00e1lys\u00e9rt\u00e9se vagy nem kiel\u00e9g\u00edt\u0151 teljes\u00edtm\u00e9nye miatt elszenvedett vesztes\u00e9geket az ASRP-Systems Kft. megb\u00edz\u00e1si d\u00edj\u00e1b\u00f3l visszatartsa.<\/p>\n<p style=\"text-align: justify;\">5.3 Az ASRP-Systems Kft. az \u00e1ltala ny\u00fajtott szolg\u00e1ltat\u00e1s \u00e9s a szerz\u0151d\u00e9s teljes\u00edt\u00e9se sor\u00e1n l\u00e9trej\u00f6v\u0151 fejleszt\u00e9si eredm\u00e9nyek\u00e9rt 12 h\u00f3nap garanci\u00e1t v\u00e1llal.<\/p>\n<h1>6. Felel\u0151ss\u00e9g<\/h1>\n<p style=\"text-align: justify;\">6.1 Az ASRP-Systems Kft. a test-, \u00e9let- vagy eg\u00e9szs\u00e9gk\u00e1rosod\u00e1sb\u00f3l ered\u0151 k\u00e1rok\u00e9rt a Magyar T\u00f6rv\u00e9ny szerinti jogszab\u00e1lyi rendelkez\u00e9sek szerint felel.<\/p>\n<p style=\"text-align: justify;\">6.2 Az ASRP-Systems Kft. felel\u0151ss\u00e9ggel tartozik minden olyan l\u00e9nyeges szerz\u0151d\u00e9ses k\u00f6telezetts\u00e9g megszeg\u00e9s\u00e9\u00e9rt, amely\u00e9rt maga az ASRP-Systems Kft, igazgat\u00f3i, alkalmazottai, tan\u00e1csad\u00f3i, helyettes\u00edt\u0151i vagy alv\u00e1llalkoz\u00f3i felel\u0151sek. Azaz olyan k\u00f6telezetts\u00e9gek\u00e9rt, amelyek a szerz\u0151d\u00e9s megfelel\u0151 teljes\u00edt\u00e9s\u00e9hez \u00e9s a szerz\u0151d\u00e9ses c\u00e9l el\u00e9r\u00e9s\u00e9hez sz\u00fcks\u00e9gesek, \u00e9s amelyek teljes\u00edt\u00e9s\u00e9re az \u00fcgyf\u00e9l sz\u00e1m\u00edthat.<\/p>\n<p style=\"text-align: justify;\">6.3 Az ASRP-Systems ezen t\u00falmen\u0151en kiz\u00e1r minden felel\u0151ss\u00e9get \u00e9s nem v\u00e1llal semmilyen m\u00e1s garanci\u00e1t az 5. szakaszban kifejezetten meghat\u00e1rozottakon k\u00edv\u00fcl. Ennek megfelel\u0151en az ASRP-Systems Kft., annak igazgat\u00f3i, alkalmazottai, tan\u00e1csad\u00f3i, k\u00e9pvisel\u0151i, helyettes\u00edt\u0151i vagy alv\u00e1llalkoz\u00f3i nem felel\u0151sek sem az \u00fcgyf\u00e9llel, sem annak \u00fcgyfeleivel szemben a be\u00e1gyazott rendszerek m\u0171k\u00f6d\u00e9s\u00e9nek \u00e1ll\u00edt\u00f3lagos hi\u00e1nyoss\u00e1gaib\u00f3l ered\u0151, k\u00f6vetkezm\u00e9nyes vagy egy\u00e9b k\u00e1rok\u00e9rt vagy vesztes\u00e9gek\u00e9rt. Az ASRP-Systems ilyen k\u00e1rok\u00e9rt \u00e9s vesztes\u00e9gek\u00e9rt val\u00f3 felel\u0151ss\u00e9ge nem haladhatja meg a megb\u00edz\u00e1si d\u00edj \u00f6sszeg\u00e9t, ezen t\u00falmen\u0151en k\u00e1rt\u00e9r\u00edt\u00e9si k\u00f6vetel\u00e9s kiz\u00e1r\u00f3lag sz\u00e1nd\u00e9kos k\u00e1rokoz\u00e1s eset\u00e9n lehet.<\/p>\n<p style=\"text-align: justify;\">6.4 A felel\u0151ss\u00e9g fenti kiz\u00e1r\u00e1sai \u00e9s korl\u00e1toz\u00e1sai az ASRP-Systems Kft., igazgat\u00f3i, alkalmazottai, tan\u00e1csad\u00f3i, helyettes\u00edt\u0151i vagy alv\u00e1llalkoz\u00f3i minden szem\u00e9lyes felel\u0151ss\u00e9g\u00e9re vonatkoznak.<\/p>\n<h1>7. A fejleszt\u00e9s eredm\u00e9nyei<\/h1>\n<p style=\"text-align: justify;\">7.1 Az ASRP-Systems Kft. fejleszt\u00e9si eredm\u00e9nyei kiz\u00e1r\u00f3lag a szerz\u0151d\u00e9sben v\u00e1llalt m\u00e9rt\u00e9kben ker\u00fclnek \u00e1tad\u00e1sra az \u00fcgyf\u00e9l sz\u00e1m\u00e1ra.<\/p>\n<p style=\"text-align: justify;\">7.2 Az ASRP-Systems Kft. a szerz\u0151d\u00e9s teljes\u00edt\u00e9se sor\u00e1n k\u00e9sz\u00fclt tal\u00e1lm\u00e1nyokat, fejleszt\u00e9seket csak abban az esetben k\u00f6teles az \u00fcgyf\u00e9lnek \u00e1tadni, ha err\u0151l meg\u00e1llapodtak, \u00e9s ha mentes\u00fcl a feltal\u00e1l\u00f3 d\u00edjaz\u00e1s\u00e1val kapcsolatos mindennem\u0171 k\u00f6telezetts\u00e9g al\u00f3l.<\/p>\n<h1>8. Tulajdonjog \u00e9s egy\u00e9b jogok fenntart\u00e1sa<\/h1>\n<p style=\"text-align: justify;\">8.1 Az ASRP-Systems Kft. fenntart minden, az \u00fcgyf\u00e9lre \u00e1truh\u00e1zott jogot, \u00edgy k\u00fcl\u00f6n\u00f6sen a tulajdonjogot, a v\u00e9delmi jogokat vagy a haszn\u00e1lati jogokat mindaddig, am\u00edg a meg\u00e1llapod\u00e1s szerinti d\u00edjaz\u00e1st teljes m\u00e9rt\u00e9kben ki nem fizetik.<\/p>\n<p style=\"text-align: justify;\">8.2 Jelen fenntart\u00e1s a folyamatban l\u00e9v\u0151 \u00fczleti kapcsolatra vonatkozik mindaddig, am\u00edg az \u00fcgyf\u00e9llel szemben az \u00fczleti kapcsolatb\u00f3l ered\u0151 \u00f6sszes k\u00f6vetel\u00e9st nem teljes\u00edtik. A f\u00e9lre\u00e9rt\u00e9sek elker\u00fcl\u00e9se v\u00e9gett: (i) az ASRP-Systems Kft. nem tart fenn semmilyen tulajdonjogot vagy egy\u00e9b jogot olyan jogok tekintet\u00e9ben, amelyet az \u00fcgyf\u00e9l teljes m\u00e9rt\u00e9kben kifizetett, \u00e9s (ii) a kor\u00e1bbi szerz\u0151d\u00e9sek alapj\u00e1n megszerzett szellemi tulajdonjogokat a k\u00e9s\u0151bbi szerz\u0151d\u00e9sek nem \u00e9rintik.<\/p>\n<h1>9. Egy\u00e9b rendelkez\u00e9sek<\/h1>\n<p style=\"text-align: justify;\">9.1 A jelen szerz\u0151d\u00e9sb\u0151l ered\u0151 vit\u00e1s helyzetet \u00e9s azzal kapcsolatos minden k\u00f6telezetts\u00e9g \u00e9s jogvita eset\u00e9ben a felek k\u00f6lcs\u00f6n\u00f6s egyeztet\u00e9ssel pr\u00f3b\u00e1lnak megegyezni. Amennyiben ez nem vezet eredm\u00e9nyre, \u00fagy \u00e9rt\u00e9khat\u00e1rt\u00f3l f\u00fcgg\u0151en kik\u00f6tik a Kecskem\u00e9ti J\u00e1r\u00e1sb\u00edr\u00f3s\u00e1g, vagy a Kecskem\u00e9ti T\u00f6rv\u00e9nysz\u00e9k kiz\u00e1r\u00f3lagos illet\u0151s\u00e9g\u00e9t. A szerz\u0151d\u00e9ses viszonyra \u00e9s valamennyi abb\u00f3l ered\u0151 jogviszonyra kiz\u00e1r\u00f3lag a magyarorsz\u00e1gi jog alkalmazand\u00f3.<\/p>\n<p style=\"text-align: justify;\">9.2 A kapcsolattart\u00f3 felek meg\u00e1llapodnak abban, hogy egy\u00fcttm\u0171k\u00f6dnek a megrendel\u00e9s teljes\u00edt\u00e9s\u00e9ben, \u00e9s minden sz\u00fcks\u00e9ges inform\u00e1ci\u00f3t \u00e9s seg\u00e9dletet megadnak egym\u00e1snak. A megrendel\u00e9s teljes\u00edt\u00e9s\u00e9hez rendelkez\u00e9sre bocs\u00e1tott dokumentumokat a m\u00e1sik szerz\u0151d\u0151 f\u00e9l k\u00e9r\u00e9s\u00e9re a megrendel\u00e9s teljes\u00edt\u00e9s\u00e9t k\u00f6vet\u0151en halad\u00e9ktalanul vissza kell k\u00fcldeni.<\/p>\n<p style=\"text-align: justify;\">9.3 Mindk\u00e9t f\u00e9l k\u00f6telezetts\u00e9get v\u00e1llal a szerz\u0151d\u00e9s teljes\u00edt\u00e9se k\u00f6zben tudom\u00e1s\u00e1ra jutott olyan adat, inform\u00e1ci\u00f3, \u00fczleti titok meg\u0151rz\u00e9s\u00e9re, melynek titokban marad\u00e1s\u00e1hoz a m\u00e1sik f\u00e9lnek \u00e9rdeke f\u0171z\u0151dik.<\/p>\n<p style=\"text-align: justify;\">9.4 Az \u00fcgyf\u00e9l szem\u00e9lyes adatait az ASRP-Systems Kft. a szerz\u0151d\u00e9s teljes\u00edt\u00e9s\u00e9hez \u00e9s az \u00fcgyf\u00e9lkapcsolatok kezel\u00e9s\u00e9hez sz\u00fcks\u00e9ges m\u00e9rt\u00e9kben t\u00e1rolja.<\/p>\n<p style=\"text-align: justify;\">9.5 Az olyan, utaz\u00e1ssal kapcsolatos k\u00f6lts\u00e9geket, mint a rep\u00fcl\u00e9s, sz\u00e1ll\u00e1s \u00e9s aut\u00f3haszn\u00e1lat (bele\u00e9rtve az aut\u00f3b\u00e9rl\u00e9st, \u00fczemanyagot \u00e9s parkol\u00e1si d\u00edjat), a t\u00e9nyleges sz\u00e1ml\u00e1k alapj\u00e1n k\u00fcl\u00f6n sz\u00e1m\u00edtjuk \u00e9s sz\u00e1ml\u00e1zzuk ki. A helysz\u00edni munkav\u00e9gz\u00e9s d\u00edj\u00e1t az \u00e1raj\u00e1nlat nem tartalmazza. Ha helysz\u00edni munkav\u00e9gz\u00e9s sz\u00fcks\u00e9ges, akkor az arra vonatkoz\u00f3 k\u00f6lts\u00e9gek, az \u00fcgyf\u00e9llel val\u00f3 egyeztet\u00e9s alapj\u00e1n, k\u00fcl\u00f6n \u00e1raj\u00e1nlatban ker\u00fclnek r\u00f6gz\u00edt\u00e9sre. A helysz\u00edni munkav\u00e9gz\u00e9st az \u00fcgyf\u00e9lnek el\u0151zetesen \u00e9s \u00edr\u00e1sban j\u00f3v\u00e1 kell hagynia.<\/p>\n<p style=\"text-align: justify;\">9.6 Az ASRP-Systems Kft. nem k\u00f6teles szolg\u00e1ltat\u00e1st ny\u00fajtani a megfelel\u0151 \u00edr\u00e1sos megrendel\u0151 k\u00e9zhezv\u00e9tel\u00e9t megel\u0151z\u0151en.<\/p>\n<p style=\"text-align: justify;\">9.7 A munkav\u00e9gz\u00e9s minden esetben az \u00fcgyf\u00e9llel val\u00f3 el\u0151zetes egyeztet\u00e9sen alapul.<\/p>\n<p style=\"text-align: justify;\">9.8 Az alapszerz\u0151d\u00e9sben nem szab\u00e1lyozott k\u00e9rd\u00e9sekre az \u00c1ltal\u00e1nos Szerz\u0151d\u00e9si Felt\u00e9telekben foglaltak vonatkoznak, illetve az alapszerz\u0151d\u00e9s kiz\u00e1r\u00f3lag az \u00c1ltal\u00e1nos Szerz\u0151d\u00e9si Felt\u00e9telekkel egy\u00fctt \u00e9rv\u00e9nyes, melynek megismer\u00e9s\u00e9t a felek a szerz\u0151d\u00e9s al\u00e1\u00edr\u00e1s\u00e1val kifejezetten elismerik.<\/p>\n<p style=\"text-align: justify;\">9.9 Az ASRP-Systems Kft. \u00c1ltal\u00e1nos Szerz\u0151d\u00e9si Felt\u00e9teleit (\u00c1SZF) magyar nyelven, valamint n\u00e9met \u00e9s angol ford\u00edt\u00e1sban lehet el\u00e9rni, vita eset\u00e9n a magyar v\u00e1ltozat az ir\u00e1nyad\u00f3.<\/p>\n<p style=\"text-align: justify;\"><em>Az utols\u00f3 friss\u00edt\u00e9s d\u00e1tuma: 2025. m\u00e1rcius 19.<\/em><\/p>\n<p><em> <\/em><\/p>\n<p>[\/et_pb_text][\/et_pb_column][\/et_pb_row][\/et_pb_section]<\/p>\n","protected":false},"excerpt":{"rendered":"<p>\u00c1ltal\u00e1nos Szerz\u0151d\u00e9si Felt\u00e9telek (\u00c1SZF) Az al\u00e1bbi felt\u00e9telek az ASRP-Systems Kft., mint Szolg\u00e1ltat\u00f3 \u00e9s a Megrendel\u0151 k\u00f6z\u00f6tt l\u00e9trej\u00f6tt minden szerz\u0151d\u00e9sre \u00e9s sz\u00e1ll\u00edt\u00e1sra vonatkoznak, amelyek a Megrendel\u0151 ig\u00e9nyei alapj\u00e1n l\u00e9trej\u00f6v\u0151 hardware \u00e9s szoftver megold\u00e1sok fejleszt\u00e9s\u00e9re ir\u00e1nyulnak. &nbsp; 1. \u00c1ltal\u00e1nos felt\u00e9telek 1.1 Szolg\u00e1ltat\u00f3 adatai: C\u00e9gn\u00e9v: ASRP-Systems Kft. C\u00edm: H-6000 Kecskem\u00e9t, Hark\u00e1ly utca 10., Magyarorsz\u00e1g C\u00e9gjegyz\u00e9ksz\u00e1m: 03-09-135260 Ad\u00f3sz\u00e1m: 27194854-2-03 [&hellip;]<\/p>\n","protected":false},"author":1,"featured_media":0,"parent":0,"menu_order":0,"comment_status":"closed","ping_status":"closed","template":"","meta":{"_et_pb_use_builder":"on","_et_pb_old_content":"","_et_gb_content_width":"","footnotes":""},"class_list":["post-989","page","type-page","status-publish","hentry"],"aioseo_notices":[],"_links":{"self":[{"href":"https:\/\/asrp-systems.com\/hu\/index.php\/wp-json\/wp\/v2\/pages\/989","targetHints":{"allow":["GET"]}}],"collection":[{"href":"https:\/\/asrp-systems.com\/hu\/index.php\/wp-json\/wp\/v2\/pages"}],"about":[{"href":"https:\/\/asrp-systems.com\/hu\/index.php\/wp-json\/wp\/v2\/types\/page"}],"author":[{"embeddable":true,"href":"https:\/\/asrp-systems.com\/hu\/index.php\/wp-json\/wp\/v2\/users\/1"}],"replies":[{"embeddable":true,"href":"https:\/\/asrp-systems.com\/hu\/index.php\/wp-json\/wp\/v2\/comments?post=989"}],"version-history":[{"count":13,"href":"https:\/\/asrp-systems.com\/hu\/index.php\/wp-json\/wp\/v2\/pages\/989\/revisions"}],"predecessor-version":[{"id":1286,"href":"https:\/\/asrp-systems.com\/hu\/index.php\/wp-json\/wp\/v2\/pages\/989\/revisions\/1286"}],"wp:attachment":[{"href":"https:\/\/asrp-systems.com\/hu\/index.php\/wp-json\/wp\/v2\/media?parent=989"}],"curies":[{"name":"wp","href":"https:\/\/api.w.org\/{rel}","templated":true}]}}