{"id":968,"date":"2021-07-27T14:27:22","date_gmt":"2021-07-27T13:27:22","guid":{"rendered":"https:\/\/asrp-systems.com\/index.php\/megoldasok\/"},"modified":"2025-01-06T13:16:41","modified_gmt":"2025-01-06T12:16:41","slug":"megoldasok","status":"publish","type":"page","link":"https:\/\/asrp-systems.com\/hu\/index.php\/megoldasok\/","title":{"rendered":"Megold\u00e1sok"},"content":{"rendered":"<p>[et_pb_section fb_built=&#8221;1&#8243; _builder_version=&#8221;4.16&#8243; _module_preset=&#8221;default&#8221; global_colors_info=&#8221;{}&#8221;][et_pb_row _builder_version=&#8221;4.21.0&#8243; _module_preset=&#8221;default&#8221; custom_padding=&#8221;1vw||0vw||false|false&#8221; global_colors_info=&#8221;{}&#8221;][et_pb_column type=&#8221;4_4&#8243; _builder_version=&#8221;4.16&#8243; _module_preset=&#8221;default&#8221; global_colors_info=&#8221;{}&#8221;][et_pb_text _builder_version=&#8221;4.21.0&#8243; _module_preset=&#8221;default&#8221; text_text_color=&#8221;#00171f&#8221; text_font_size=&#8221;16px&#8221; text_line_height=&#8221;1.2em&#8221; header_font=&#8221;|600|||||||&#8221; header_text_color=&#8221;#00171f&#8221; header_line_height=&#8221;1.2em&#8221; global_colors_info=&#8221;{}&#8221;]<\/p>\n<h1 style=\"text-align: justify;\">Megold\u00e1saink<\/h1>\n<p style=\"text-align: justify;\">Ezen az oldalon megtal\u00e1lja saj\u00e1t term\u00e9keinket \u00e9s az \u00fcgyfeleink sz\u00e1m\u00e1ra k\u00edn\u00e1lt tervez\u00e9si csomagjainkat. Ha b\u00e1rmilyen k\u00e9rd\u00e9se van, forduljon hozz\u00e1nk bizalommal.<\/p>\n<h2 style=\"text-align: justify;\"><\/h2>\n<p style=\"text-align: justify;\">[\/et_pb_text][\/et_pb_column][\/et_pb_row][et_pb_row _builder_version=&#8221;4.21.0&#8243; _module_preset=&#8221;default&#8221; custom_padding=&#8221;0vw||2vw||false|false&#8221; global_colors_info=&#8221;{}&#8221;][et_pb_column type=&#8221;4_4&#8243; _builder_version=&#8221;4.21.0&#8243; _module_preset=&#8221;default&#8221; global_colors_info=&#8221;{}&#8221;][et_pb_blurb title=&#8221;STO-MOD-1A tervez\u00e9si csomag&#8221; use_icon=&#8221;on&#8221; font_icon=&#8221;&#xf042;||fa||900&#8243; icon_color=&#8221;#ee960a&#8221; icon_placement=&#8221;left&#8221; image_icon_width=&#8221;32px&#8221; content_max_width=&#8221;558px&#8221; _builder_version=&#8221;4.24.0&#8243; _module_preset=&#8221;default&#8221; header_text_color=&#8221;#00171f&#8221; header_line_height=&#8221;1.2em&#8221; body_text_color=&#8221;#00171f&#8221; body_font_size=&#8221;16px&#8221; body_line_height=&#8221;1.2em&#8221; image_icon_custom_margin=&#8221;-2px||||false|false&#8221; image_icon_custom_padding=&#8221;|||0px|false|false&#8221; custom_margin=&#8221;|||-426px|false|false&#8221; custom_padding=&#8221;0vw||0vw|0px|true|false&#8221; global_colors_info=&#8221;{}&#8221;]<\/p>\n<p style=\"text-align: justify;\"><span>A biztons\u00e1gos hajt\u00e1soknak felt\u00f6rekv\u0151 piacuk van. A hajt\u00f3alkalmaz\u00e1sok egyik leggyakrabban haszn\u00e1lt biztons\u00e1gi funkci\u00f3ja a Safe Torque Off (STO). C\u00e9lunk, hogy \u00fcgyfeleink sz\u00e1m\u00e1ra egy olyan &#8222;off the self&#8221; STO megold\u00e1st ny\u00fajtsunk, amely k\u00f6nnyen integr\u00e1lhat\u00f3 megl\u00e9v\u0151 meghajt\u00f3ikba, \u00e9s tartalmazza az \u00f6sszes hardver \u00e9s szoftver komponenst, valamint a tan\u00fas\u00edt\u00e1shoz sz\u00fcks\u00e9ges dokument\u00e1ci\u00f3t. Tervez\u00e9si csomagunk megv\u00e1s\u00e1rl\u00e1s\u00e1val jelent\u0151sen cs\u00f6kkenteni tudja a fejleszt\u00e9sre sz\u00e1nt id\u0151t.<\/span><\/p>\n<p style=\"text-align: justify;\"><em>[FRISS\u00cdT\u00c9SEK HAMAROSAN]<\/em><\/p>\n<p>[\/et_pb_blurb][et_pb_divider color=&#8221;#d6d6d6&#8243; divider_position=&#8221;center&#8221; divider_weight=&#8221;2px&#8221; _builder_version=&#8221;4.21.0&#8243; _module_preset=&#8221;default&#8221; width=&#8221;100%&#8221; max_width=&#8221;100%&#8221; custom_margin=&#8221;0px||0px||false|false&#8221; custom_padding=&#8221;0vw||0vw||true|false&#8221; global_colors_info=&#8221;{}&#8221;][\/et_pb_divider][\/et_pb_column][\/et_pb_row][\/et_pb_section]<\/p>\n","protected":false},"excerpt":{"rendered":"<p>Megold\u00e1saink Ezen az oldalon megtal\u00e1lja saj\u00e1t term\u00e9keinket \u00e9s az \u00fcgyfeleink sz\u00e1m\u00e1ra k\u00edn\u00e1lt tervez\u00e9si csomagjainkat. Ha b\u00e1rmilyen k\u00e9rd\u00e9se van, forduljon hozz\u00e1nk bizalommal. A biztons\u00e1gos hajt\u00e1soknak felt\u00f6rekv\u0151 piacuk van. A hajt\u00f3alkalmaz\u00e1sok egyik leggyakrabban haszn\u00e1lt biztons\u00e1gi funkci\u00f3ja a Safe Torque Off (STO). C\u00e9lunk, hogy \u00fcgyfeleink sz\u00e1m\u00e1ra egy olyan &#8222;off the self&#8221; STO megold\u00e1st ny\u00fajtsunk, amely k\u00f6nnyen integr\u00e1lhat\u00f3 megl\u00e9v\u0151 [&hellip;]<\/p>\n","protected":false},"author":1,"featured_media":0,"parent":0,"menu_order":0,"comment_status":"closed","ping_status":"closed","template":"","meta":{"_et_pb_use_builder":"on","_et_pb_old_content":"","_et_gb_content_width":"","footnotes":""},"class_list":["post-968","page","type-page","status-publish","hentry"],"aioseo_notices":[],"_links":{"self":[{"href":"https:\/\/asrp-systems.com\/hu\/index.php\/wp-json\/wp\/v2\/pages\/968","targetHints":{"allow":["GET"]}}],"collection":[{"href":"https:\/\/asrp-systems.com\/hu\/index.php\/wp-json\/wp\/v2\/pages"}],"about":[{"href":"https:\/\/asrp-systems.com\/hu\/index.php\/wp-json\/wp\/v2\/types\/page"}],"author":[{"embeddable":true,"href":"https:\/\/asrp-systems.com\/hu\/index.php\/wp-json\/wp\/v2\/users\/1"}],"replies":[{"embeddable":true,"href":"https:\/\/asrp-systems.com\/hu\/index.php\/wp-json\/wp\/v2\/comments?post=968"}],"version-history":[{"count":5,"href":"https:\/\/asrp-systems.com\/hu\/index.php\/wp-json\/wp\/v2\/pages\/968\/revisions"}],"predecessor-version":[{"id":1204,"href":"https:\/\/asrp-systems.com\/hu\/index.php\/wp-json\/wp\/v2\/pages\/968\/revisions\/1204"}],"wp:attachment":[{"href":"https:\/\/asrp-systems.com\/hu\/index.php\/wp-json\/wp\/v2\/media?parent=968"}],"curies":[{"name":"wp","href":"https:\/\/api.w.org\/{rel}","templated":true}]}}