{"id":965,"date":"2021-07-29T06:29:37","date_gmt":"2021-07-29T05:29:37","guid":{"rendered":"https:\/\/asrp-systems.com\/index.php\/partnerek\/"},"modified":"2025-01-06T16:44:14","modified_gmt":"2025-01-06T15:44:14","slug":"partnerek","status":"publish","type":"page","link":"https:\/\/asrp-systems.com\/hu\/index.php\/partnerek\/","title":{"rendered":"Partnerek"},"content":{"rendered":"<p>[et_pb_section fb_built=&#8221;1&#8243; _builder_version=&#8221;4.16&#8243; _module_preset=&#8221;default&#8221; global_colors_info=&#8221;{}&#8221;][et_pb_row _builder_version=&#8221;4.21.0&#8243; _module_preset=&#8221;default&#8221; custom_padding=&#8221;1vw||1vw||false|false&#8221; global_colors_info=&#8221;{}&#8221;][et_pb_column type=&#8221;4_4&#8243; _builder_version=&#8221;4.21.0&#8243; _module_preset=&#8221;default&#8221; global_colors_info=&#8221;{}&#8221;][et_pb_text _builder_version=&#8221;4.24.0&#8243; _module_preset=&#8221;default&#8221; text_text_color=&#8221;#00171f&#8221; text_font_size=&#8221;16px&#8221; text_line_height=&#8221;1.2em&#8221; header_font=&#8221;|600|||||||&#8221; header_text_color=&#8221;#00171f&#8221; header_font_size=&#8221;35px&#8221; global_colors_info=&#8221;{}&#8221;]<\/p>\n<h1>Partnereink<\/h1>\n<p>B\u00fcszk\u00e9k vagyunk arra, hogy partnereinkkel egy\u00fcttm\u0171k\u00f6dve a funkcion\u00e1lis biztons\u00e1g ter\u00fclet\u00e9n term\u00e9keinket \u00e9s szolg\u00e1ltat\u00e1sainkat \u00fcgyfeleink sz\u00e1m\u00e1ra el\u00e9rhet\u0151v\u00e9 tehetj\u00fck.<\/p>\n<p>&nbsp;<\/p>\n<p>[\/et_pb_text][et_pb_team_member name=&#8221;SafeTTy Systems Ltd.&#8221; image_url=&#8221;https:\/\/asrp-systems.com\/wp-content\/uploads\/2022\/01\/safetty_systems_logo_200.jpg&#8221; _builder_version=&#8221;4.21.0&#8243; _module_preset=&#8221;default&#8221; header_font=&#8221;|600|||||||&#8221; header_text_color=&#8221;#00171f&#8221; header_line_height=&#8221;1.2em&#8221; body_text_color=&#8221;#00171f&#8221; body_font_size=&#8221;16px&#8221; body_line_height=&#8221;1.2em&#8221; custom_margin=&#8221;|71px||71px|false|true&#8221; custom_padding=&#8221;0px||1vw||false|false&#8221; link_option_url=&#8221;www.safetty.net&#8221; global_colors_info=&#8221;{}&#8221;]<\/p>\n<p>A SafeTTy Systems szoftverfejleszt\u0151 partner\u00fcnkk\u00e9nt m\u0171k\u00f6dik.<\/p>\n<p>Az egyes\u00fclt kir\u00e1lys\u00e1gbeli sz\u00e9khely\u0171 SafeTTy Systems a \u201eTime Triggered\u201d (TT) szoftverfejleszt\u00e9sre specializ\u00e1l\u00f3dott a biztons\u00e1ggal kapcsolatos \u00e9s a biztons\u00e1g szempontj\u00e1b\u00f3l kritikus be\u00e1gyazott rendszerek sz\u00e1m\u00e1ra.<\/p>\n<p>A SafeTTy Systems az aut\u00f3iparban, az ipari automatiz\u00e1l\u00e1s, az orvostudom\u00e1ny \u00e9s a kapcsol\u00f3d\u00f3 \u00e1gazatok ter\u00fclet\u00e9n t\u00e1mogat projekteket.<\/p>\n<p>[\/et_pb_team_member][\/et_pb_column][\/et_pb_row][et_pb_row _builder_version=&#8221;4.21.0&#8243; _module_preset=&#8221;default&#8221; global_colors_info=&#8221;{}&#8221;][et_pb_column type=&#8221;4_4&#8243; _builder_version=&#8221;4.21.0&#8243; _module_preset=&#8221;default&#8221; global_colors_info=&#8221;{}&#8221;][et_pb_divider color=&#8221;#00171f&#8221; divider_weight=&#8221;2px&#8221; _builder_version=&#8221;4.21.0&#8243; _module_preset=&#8221;default&#8221; custom_margin=&#8221;-10px||-10px||true|false&#8221; global_colors_info=&#8221;{}&#8221;][\/et_pb_divider][\/et_pb_column][\/et_pb_row][et_pb_row column_structure=&#8221;1_2,1_2&#8243; _builder_version=&#8221;4.27.4&#8243; _module_preset=&#8221;default&#8221; custom_padding=&#8221;1px||2px||false|false&#8221; hover_enabled=&#8221;0&#8243; global_colors_info=&#8221;{}&#8221; sticky_enabled=&#8221;0&#8243;][et_pb_column type=&#8221;1_2&#8243; _builder_version=&#8221;4.21.0&#8243; _module_preset=&#8221;default&#8221; global_colors_info=&#8221;{}&#8221;][et_pb_image src=&#8221;https:\/\/asrp-systems.com\/wp-content\/uploads\/2023\/09\/LOGO_BLAU.png&#8221; title_text=&#8221;LOGO_BLAU&#8221; _builder_version=&#8221;4.23.4&#8243; _module_preset=&#8221;default&#8221; width=&#8221;51%&#8221; global_colors_info=&#8221;{}&#8221;][\/et_pb_image][\/et_pb_column][et_pb_column type=&#8221;1_2&#8243; _builder_version=&#8221;4.21.0&#8243; _module_preset=&#8221;default&#8221; global_colors_info=&#8221;{}&#8221;][et_pb_text _builder_version=&#8221;4.24.0&#8243; _module_preset=&#8221;default&#8221; text_text_color=&#8221;#00171f&#8221; text_font_size=&#8221;16px&#8221; text_line_height=&#8221;1.2em&#8221; header_font=&#8221;|600|||||||&#8221; header_text_color=&#8221;#00171f&#8221; header_font_size=&#8221;18px&#8221; header_line_height=&#8221;1.2em&#8221; custom_margin=&#8221;0px|||-332px|false|false&#8221; global_colors_info=&#8221;{}&#8221;]<\/p>\n<h1>Lapwing GmbH<\/h1>\n<p>A n\u00e9metorsz\u00e1gi sz\u00e9khely\u0171 Lapwing GmbH a funkcion\u00e1lis biztons\u00e1g tervez\u00e9s\u00e9nek specialist\u00e1ja.<\/p>\n<p>Lapwing GmbH a k\u00f6vetkez\u0151ket szolg\u00e1ltat\u00e1sokat ny\u00fajtja:<\/p>\n<ul>\n<li>Fejleszt\u00e9si tan\u00e1csad\u00e1s a funkcion\u00e1lis biztons\u00e1g ter\u00fclet\u00e9n (FuSi)<\/li>\n<li>Biztons\u00e1gmenedzsment (FSM)<\/li>\n<li>FMEDA<\/li>\n<li>Biztons\u00e1g- \u00e9s megb\u00edzhat\u00f3s\u00e1gmodellez\u00e9s (PFH, PFD, MTTFD, SFF, DC, FIT)<\/li>\n<li>Tan\u00fas\u00edt\u00e1st\u00e1mogat\u00e1s<\/li>\n<li>Vesz\u00e9ly- \u00e9s rizik\u00f3anal\u00edzis<\/li>\n<li>Oktat\u00e1sok, tr\u00e9ningek (FuSi \u00e9s g\u00e9pbiztons\u00e1g)<\/li>\n<li>Kalkul\u00e1ci\u00f3k k\u00e9sz\u00edt\u00e9se \u00e9s modellez\u00e9s<\/li>\n<li>Hibaar\u00e1ny sz\u00e1m\u00edt\u00e1sa a biztons\u00e1gi protokoll r\u00e9teghez<\/li>\n<li>Fel\u00fclvizsg\u00e1lat \u00e9s elemz\u00e9s<\/li>\n<li>Szoftver- \u00e9s hardverbiztons\u00e1gi elemz\u00e9sek<\/li>\n<li>Outsourcing t\u00e1mogat\u00e1s<\/li>\n<li>Ellen\u0151rz\u00e9s-vez\u00e9relt tervez\u00e9si t\u00e1mogat\u00e1s<\/li>\n<\/ul>\n<p>[\/et_pb_text][\/et_pb_column][\/et_pb_row][et_pb_row _builder_version=&#8221;4.27.4&#8243; _module_preset=&#8221;default&#8221; min_height=&#8221;55.8px&#8221;][et_pb_column _builder_version=&#8221;4.27.4&#8243; _module_preset=&#8221;default&#8221; type=&#8221;4_4&#8243;][et_pb_divider _builder_version=&#8221;4.27.4&#8243; _module_preset=&#8221;default&#8221; sticky_enabled=&#8221;0&#8243; color=&#8221;#00171f&#8221; divider_weight=&#8221;2px&#8221; custom_margin=&#8221;-10px||-10px||true|false&#8221;][\/et_pb_divider][\/et_pb_column][\/et_pb_row][et_pb_row _builder_version=&#8221;4.27.4&#8243; _module_preset=&#8221;default&#8221; column_structure=&#8221;1_2,1_2&#8243; custom_padding=&#8221;1px||||false|false&#8221; hover_enabled=&#8221;0&#8243; sticky_enabled=&#8221;0&#8243;][et_pb_column _builder_version=&#8221;4.27.4&#8243; _module_preset=&#8221;default&#8221; type=&#8221;1_2&#8243;][et_pb_image src=&#8221;https:\/\/asrp-systems.com\/wp-content\/uploads\/2025\/01\/Exida-Logo-1-e1736168442420.png&#8221; _builder_version=&#8221;4.27.4&#8243; _module_preset=&#8221;default&#8221; title_text=&#8221;Exida Logo&#8221; hover_enabled=&#8221;0&#8243; sticky_enabled=&#8221;0&#8243; width=&#8221;51.7%&#8221;][\/et_pb_image][\/et_pb_column][et_pb_column _builder_version=&#8221;4.27.4&#8243; _module_preset=&#8221;default&#8221; type=&#8221;1_2&#8243;][et_pb_text _builder_version=&#8221;4.27.4&#8243; _module_preset=&#8221;default&#8221; sticky_enabled=&#8221;0&#8243; text_text_color=&#8221;#00171f&#8221; text_font_size=&#8221;16px&#8221; text_line_height=&#8221;1.2em&#8221; header_font=&#8221;|600|||||||&#8221; header_text_color=&#8221;#00171f&#8221; header_font_size=&#8221;18px&#8221; header_line_height=&#8221;1.2em&#8221; custom_margin=&#8221;0px|||-332px|false|false&#8221;]<\/p>\n<h1>exida LLC<\/h1>\n<p style=\"text-align: justify;\">A 2000-ben megb\u00edzhat\u00f3s\u00e1gi \u00e9s biztons\u00e1gi szak\u00e9rt\u0151k \u00e1ltal alap\u00edtott exida a vil\u00e1g vezet\u0151 term\u00e9ktan\u00fas\u00edt\u00f3 \u00e9s tud\u00e1sv\u00e1llalata, amely az automatiz\u00e1l\u00e1si rendszerek biztons\u00e1g\u00e1ra, riszt\u00e1skezel\u00e9sre, kiberbiztons\u00e1gra \u00e9s rendelkez\u00e9sre \u00e1ll\u00e1sra szakosodott. Vil\u00e1gszerte t\u00f6bb, mint 20 telephellyel \u00e9s az ipar\u00e1g vezet\u0151 m\u00e9rn\u00f6keib\u0151l \u00e1ll\u00f3, t\u00f6bb, mint 500 \u00e9ves kombin\u00e1lt tud\u00e1ssal rendelkez\u0151 csapat\u00e1val lehet\u0151v\u00e9 teszi az exida sz\u00e1m\u00e1ra, hogy gyakorlati megold\u00e1sokat k\u00edn\u00e1ljon a legnehezebb biztons\u00e1gi tervez\u00e9si kih\u00edv\u00e1sok kezel\u00e9s\u00e9re is.<\/p>\n<p>[\/et_pb_text][\/et_pb_column][\/et_pb_row][\/et_pb_section]<\/p>\n","protected":false},"excerpt":{"rendered":"<p>Partnereink B\u00fcszk\u00e9k vagyunk arra, hogy partnereinkkel egy\u00fcttm\u0171k\u00f6dve a funkcion\u00e1lis biztons\u00e1g ter\u00fclet\u00e9n term\u00e9keinket \u00e9s szolg\u00e1ltat\u00e1sainkat \u00fcgyfeleink sz\u00e1m\u00e1ra el\u00e9rhet\u0151v\u00e9 tehetj\u00fck. &nbsp;A SafeTTy Systems szoftverfejleszt\u0151 partner\u00fcnkk\u00e9nt m\u0171k\u00f6dik. Az egyes\u00fclt kir\u00e1lys\u00e1gbeli sz\u00e9khely\u0171 SafeTTy Systems a \u201eTime Triggered\u201d (TT) szoftverfejleszt\u00e9sre specializ\u00e1l\u00f3dott a biztons\u00e1ggal kapcsolatos \u00e9s a biztons\u00e1g szempontj\u00e1b\u00f3l kritikus be\u00e1gyazott rendszerek sz\u00e1m\u00e1ra. A SafeTTy Systems az aut\u00f3iparban, az ipari automatiz\u00e1l\u00e1s, [&hellip;]<\/p>\n","protected":false},"author":1,"featured_media":0,"parent":0,"menu_order":0,"comment_status":"closed","ping_status":"closed","template":"","meta":{"_et_pb_use_builder":"on","_et_pb_old_content":"","_et_gb_content_width":"","footnotes":""},"class_list":["post-965","page","type-page","status-publish","hentry"],"aioseo_notices":[],"_links":{"self":[{"href":"https:\/\/asrp-systems.com\/hu\/index.php\/wp-json\/wp\/v2\/pages\/965","targetHints":{"allow":["GET"]}}],"collection":[{"href":"https:\/\/asrp-systems.com\/hu\/index.php\/wp-json\/wp\/v2\/pages"}],"about":[{"href":"https:\/\/asrp-systems.com\/hu\/index.php\/wp-json\/wp\/v2\/types\/page"}],"author":[{"embeddable":true,"href":"https:\/\/asrp-systems.com\/hu\/index.php\/wp-json\/wp\/v2\/users\/1"}],"replies":[{"embeddable":true,"href":"https:\/\/asrp-systems.com\/hu\/index.php\/wp-json\/wp\/v2\/comments?post=965"}],"version-history":[{"count":4,"href":"https:\/\/asrp-systems.com\/hu\/index.php\/wp-json\/wp\/v2\/pages\/965\/revisions"}],"predecessor-version":[{"id":1236,"href":"https:\/\/asrp-systems.com\/hu\/index.php\/wp-json\/wp\/v2\/pages\/965\/revisions\/1236"}],"wp:attachment":[{"href":"https:\/\/asrp-systems.com\/hu\/index.php\/wp-json\/wp\/v2\/media?parent=965"}],"curies":[{"name":"wp","href":"https:\/\/api.w.org\/{rel}","templated":true}]}}