{"id":962,"date":"2021-07-27T14:35:05","date_gmt":"2021-07-27T13:35:05","guid":{"rendered":"https:\/\/asrp-systems.com\/index.php\/impresszum\/"},"modified":"2024-02-22T10:35:04","modified_gmt":"2024-02-22T09:35:04","slug":"impresszum","status":"publish","type":"page","link":"https:\/\/asrp-systems.com\/hu\/index.php\/impresszum\/","title":{"rendered":"Impresszum"},"content":{"rendered":"<p>[et_pb_section fb_built=&#8221;1&#8243; _builder_version=&#8221;4.21.0&#8243; _module_preset=&#8221;default&#8221; custom_padding=&#8221;||1vw||false|false&#8221; global_colors_info=&#8221;{}&#8221;][et_pb_row _builder_version=&#8221;4.21.0&#8243; _module_preset=&#8221;default&#8221; custom_padding=&#8221;1vw||1vw||true|false&#8221; global_colors_info=&#8221;{}&#8221;][et_pb_column type=&#8221;4_4&#8243; _builder_version=&#8221;4.16&#8243; _module_preset=&#8221;default&#8221; global_colors_info=&#8221;{}&#8221;][et_pb_text _builder_version=&#8221;4.24.0&#8243; _module_preset=&#8221;default&#8221; text_text_color=&#8221;#00171f&#8221; text_font_size=&#8221;16px&#8221; text_line_height=&#8221;1.2em&#8221; header_4_font=&#8221;|700|||||||&#8221; header_4_font_size=&#8221;25px&#8221; header_4_line_height=&#8221;1.4em&#8221; custom_padding=&#8221;0vw||0vw||true|false&#8221; hover_enabled=&#8221;0&#8243; global_colors_info=&#8221;{}&#8221; sticky_enabled=&#8221;0&#8243;]<\/p>\n<h4><strong>Impresszum<\/strong><\/h4>\n<p style=\"text-align: justify;\"><strong>ASRP-Systems Kft.<\/strong><br \/>Hark\u00e1ly u. 10.<br \/>6000 KECSKEM\u00c9T<br \/>MAGYARORSZ\u00c1G<br \/>Telefon: +36 (70) 309 4621<br \/>Email: <a href=\"mailto:info@asrp-systems.com\">info@asrp-systems.com<\/a><br \/>Weboldal: <a href=\"http:\/\/www.asrp-systems.com\">www.asrp-systems.com<\/a><\/p>\n<p style=\"text-align: justify;\"><strong>\u00dcgyvezet\u0151 igazgat\u00f3:<\/strong> Attila G\u00f6nczi<br \/><strong>C\u00e9gb\u00edr\u00f3s\u00e1g:<\/strong> Kecskem\u00e9ti T\u00f6rv\u00e9nysz\u00e9k C\u00e9gb\u00edr\u00f3s\u00e1ga<br \/><strong>C\u00e9gjegyz\u00e9k sz\u00e1m:<\/strong> 03-09-135260<\/p>\n<p style=\"text-align: justify;\"><strong>Ad\u00f3sz\u00e1m:<\/strong> 27194854-2-03<br \/><strong>Nemzetk\u00f6zi (EU) ad\u00f3sz\u00e1m:<\/strong> HU27194854<\/p>\n<p style=\"text-align: justify;\"><strong>Tartalom\u00e9rt felel\u0151s szem\u00e9ly:<\/strong><br \/>G\u00f6nczi Attila<br \/>ASRP-Systems Kft.<br \/>Hark\u00e1ly u. 10.<br \/>6000 KECSKEM\u00c9T<br \/>MAGYARORSZ\u00c1G<br \/>Telefon: +36 (70) 309 4621<br \/>Email: <a href=\"mailto:info@asrp-systems.com\">info@asrp-systems.com<\/a><\/p>\n<p style=\"text-align: justify;\"><strong>K\u00e9pek sz\u00e1rmaz\u00e1sa:<\/strong><br \/><span>&#8211; iStockphoto<br \/><\/span><span>&#8211; Dreamstime<br \/><\/span>&#8211; ASRP-Systems Ltd.<\/p>\n<p>[\/et_pb_text][\/et_pb_column][\/et_pb_row][\/et_pb_section]<\/p>\n","protected":false},"excerpt":{"rendered":"<p>Impresszum ASRP-Systems Kft.Hark\u00e1ly u. 10.6000 KECSKEM\u00c9TMAGYARORSZ\u00c1GTelefon: +36 (70) 309 4621Email: info@asrp-systems.comWeboldal: www.asrp-systems.com \u00dcgyvezet\u0151 igazgat\u00f3: Attila G\u00f6ncziC\u00e9gb\u00edr\u00f3s\u00e1g: Kecskem\u00e9ti T\u00f6rv\u00e9nysz\u00e9k C\u00e9gb\u00edr\u00f3s\u00e1gaC\u00e9gjegyz\u00e9k sz\u00e1m: 03-09-135260 Ad\u00f3sz\u00e1m: 27194854-2-03Nemzetk\u00f6zi (EU) ad\u00f3sz\u00e1m: HU27194854 Tartalom\u00e9rt felel\u0151s szem\u00e9ly:G\u00f6nczi AttilaASRP-Systems Kft.Hark\u00e1ly u. 10.6000 KECSKEM\u00c9TMAGYARORSZ\u00c1GTelefon: +36 (70) 309 4621Email: info@asrp-systems.com K\u00e9pek sz\u00e1rmaz\u00e1sa:- iStockphoto- Dreamstime- ASRP-Systems Ltd.<\/p>\n","protected":false},"author":1,"featured_media":0,"parent":0,"menu_order":0,"comment_status":"closed","ping_status":"closed","template":"","meta":{"_et_pb_use_builder":"on","_et_pb_old_content":"","_et_gb_content_width":"","footnotes":""},"class_list":["post-962","page","type-page","status-publish","hentry"],"aioseo_notices":[],"_links":{"self":[{"href":"https:\/\/asrp-systems.com\/hu\/index.php\/wp-json\/wp\/v2\/pages\/962","targetHints":{"allow":["GET"]}}],"collection":[{"href":"https:\/\/asrp-systems.com\/hu\/index.php\/wp-json\/wp\/v2\/pages"}],"about":[{"href":"https:\/\/asrp-systems.com\/hu\/index.php\/wp-json\/wp\/v2\/types\/page"}],"author":[{"embeddable":true,"href":"https:\/\/asrp-systems.com\/hu\/index.php\/wp-json\/wp\/v2\/users\/1"}],"replies":[{"embeddable":true,"href":"https:\/\/asrp-systems.com\/hu\/index.php\/wp-json\/wp\/v2\/comments?post=962"}],"version-history":[{"count":4,"href":"https:\/\/asrp-systems.com\/hu\/index.php\/wp-json\/wp\/v2\/pages\/962\/revisions"}],"predecessor-version":[{"id":1054,"href":"https:\/\/asrp-systems.com\/hu\/index.php\/wp-json\/wp\/v2\/pages\/962\/revisions\/1054"}],"wp:attachment":[{"href":"https:\/\/asrp-systems.com\/hu\/index.php\/wp-json\/wp\/v2\/media?parent=962"}],"curies":[{"name":"wp","href":"https:\/\/api.w.org\/{rel}","templated":true}]}}