{"id":939,"date":"2021-08-01T08:47:38","date_gmt":"2021-08-01T07:47:38","guid":{"rendered":"https:\/\/asrp-systems.com\/index.php\/hardware-fejlesztes\/"},"modified":"2025-07-04T15:26:44","modified_gmt":"2025-07-04T14:26:44","slug":"hardware-fejlesztes","status":"publish","type":"page","link":"https:\/\/asrp-systems.com\/hu\/index.php\/hardware-fejlesztes\/","title":{"rendered":"Hardware fejleszt\u00e9s"},"content":{"rendered":"<p>[et_pb_section fb_built=&#8221;1&#8243; _builder_version=&#8221;4.21.0&#8243; _module_preset=&#8221;default&#8221; custom_padding=&#8221;||1vw||false|false&#8221; global_colors_info=&#8221;{}&#8221;][et_pb_row _builder_version=&#8221;4.21.0&#8243; _module_preset=&#8221;default&#8221; custom_padding=&#8221;1vw||0vw||false|false&#8221; global_colors_info=&#8221;{}&#8221;][et_pb_column type=&#8221;4_4&#8243; _builder_version=&#8221;4.16&#8243; _module_preset=&#8221;default&#8221; global_colors_info=&#8221;{}&#8221;][et_pb_text _builder_version=&#8221;4.27.4&#8243; _module_preset=&#8221;default&#8221; text_text_color=&#8221;#00171f&#8221; text_font_size=&#8221;16px&#8221; text_line_height=&#8221;1.2em&#8221; header_font=&#8221;|600|||||||&#8221; header_text_color=&#8221;#00171f&#8221; header_line_height=&#8221;1.2em&#8221; header_2_font=&#8221;|600|||||||&#8221; header_2_text_color=&#8221;#00171f&#8221; header_2_font_size=&#8221;18px&#8221; background_enable_image=&#8221;off&#8221; background_blend=&#8221;darken&#8221; custom_padding=&#8221;0vw||1vw||false|false&#8221; hover_enabled=&#8221;0&#8243; global_colors_info=&#8221;{}&#8221; sticky_enabled=&#8221;0&#8243;]<\/p>\n<h1 style=\"text-align: justify;\">Hardware fejleszt\u00e9s<\/h1>\n<p style=\"text-align: justify;\">Ha v\u00e1llalkoz\u00e1sa olyan elektronikai hardvert k\u00edv\u00e1n fejleszteni, amelynek meg kell felelnie a nemzetk\u00f6zi szabv\u00e1nyoknak (pl. funkcion\u00e1lis biztons\u00e1g EMC-re, elektromos biztons\u00e1g), \u00e9s amelyet szab\u00e1lyozott piacon (pl. az EU-ban) szeretne bevezetni, akkor val\u00f3sz\u00edn\u0171leg tal\u00e1lkozott m\u00e1r a k\u00f6vetkez\u0151 k\u00e9rd\u00e9sek n\u00e9melyik\u00e9vel:<\/p>\n<ul style=\"text-align: justify;\">\n<li style=\"list-style-type: none;\">\n<ul>\n<li>Melyek az alkalmazand\u00f3 nemzetk\u00f6zi biztons\u00e1gi \u00e9s term\u00e9kszabv\u00e1nyok?<\/li>\n<li>Rendelkezik megfelel\u0151 hardverfejleszt\u00e9si folyamattal?<\/li>\n<li>Rendelkez\u00e9sre \u00e1llnak k\u00f6vetelm\u00e9nyek, valamint azok helyesek \u00e9s teljesk\u00f6r\u0171ek?<\/li>\n<li>Van m\u0171k\u00f6d\u0151 k\u00f6vetelm\u00e9nymenedzsment rendszer a szervezetben?<\/li>\n<li>Hogyan tervezik meg az ellen\u0151rz\u00e9si \u00e9s \u00e9rv\u00e9nyes\u00edt\u00e9si tev\u00e9kenys\u00e9geket?<\/li>\n<li>A hardver architekt\u00fara dokument\u00e1lva van?<\/li>\n<li>A hardverfejleszt\u00e9s dokument\u00e1lva van?<\/li>\n<li>Rendelkezik a csapata el\u00e9g tapasztalattal ahhoz, hogy a gyakori fejleszt\u00e9si hib\u00e1kat sikeresen elker\u00fclje?<\/li>\n<li>Van m\u0171k\u00f6d\u0151 konfigur\u00e1ci\u00f3menedzsment?<\/li>\n<li>Van m\u0171k\u00f6d\u0151 v\u00e1ltoz\u00e1smenedzsment?<\/li>\n<li>Hogyan kezeli a panaszokat \u00e9s a helysz\u00edni hib\u00e1kat?<\/li>\n<li>A tervezet \u00e9s a hozz\u00e1 tartoz\u00f3 dokument\u00e1ci\u00f3 helyes \u00e9s teljesk\u00f6r\u0171?<\/li>\n<li>Van-e el\u00e9g f\u00fcggetlens\u00e9g a tervez\u00e9s\/megval\u00f3s\u00edt\u00e1s \u00e9s a hiteles\u00edt\u00e9s\/valid\u00e1l\u00e1s k\u00f6z\u00f6tt?<\/li>\n<li>Hogyan bizony\u00edtja \u00fcgyfel\u00e9nek \u00e9s a tan\u00fas\u00edt\u00f3 szervezeteknek, hogy term\u00e9ke megfelel a kapcsol\u00f3d\u00f3 szabv\u00e1nyoknak?<\/li>\n<\/ul>\n<\/li>\n<\/ul>\n<p style=\"text-align: justify;\">Mi, az ASRP-Systemsn\u00e9l t\u00f6bb, mint 17 \u00e9ves szakmai tapasztalattal rendelkez\u00fcnk aut\u00f3ipari \u00e9s ipari elektronikai hardverfejleszt\u00e9s ter\u00e9n. Az elm\u00falt 11 \u00e9vben els\u0151sorban a biztons\u00e1ggal kapcsolatos \u00e1ramk\u00f6r\u00f6k\u00f6n dolgoztunk. Sok ilyen projektn\u00e9l egy\u00fcttm\u0171k\u00f6dt\u00fcnk \u00fcgyfeleinkkel, partnereinkkel, valamint olyan f\u00fcggetlen tan\u00fas\u00edt\u00f3 szervezetekkel, mint a T\u00dcV Nord, a T\u00dcV Rheinland \u00e9s az exida LLC.<\/p>\n<p style=\"text-align: justify;\">K\u00e9szek vagyunk seg\u00edteni \u00d6nnek vagy csapat\u00e1nak a hardverfejleszt\u00e9si feladatok megold\u00e1s\u00e1ban az al\u00e1bbiak szerint:<\/p>\n<h2 style=\"text-align: justify;\">Dokument\u00e1ci\u00f3<\/h2>\n<p style=\"text-align: justify;\">\u00dcgyfeleink szak\u00e9rtelm\u00fcnkre t\u00e1maszkodnak az al\u00e1bbi dokumentumok elk\u00e9sz\u00edt\u00e9s\u00e9ben:<\/p>\n<ul style=\"text-align: justify;\">\n<li style=\"list-style-type: none;\">\n<ul>\n<li>K\u00f6vetelm\u00e9nyspecifik\u00e1ci\u00f3<\/li>\n<li>Hardver architekt\u00fara dokument\u00e1ci\u00f3<\/li>\n<li>Hardver fejleszt\u00e9si dokument\u00e1ci\u00f3<\/li>\n<li>Hardver tesztspecifik\u00e1ci\u00f3<\/li>\n<\/ul>\n<\/li>\n<\/ul>\n<p style=\"text-align: justify;\">A szakmai fejl\u0151d\u00e9shez a konzisztens hardver dokument\u00e1ci\u00f3 megl\u00e9te n\u00e9lk\u00fcl\u00f6zhetetlen. A megfelel\u0151 dokument\u00e1ci\u00f3 cs\u00f6kkenti a projekt kudarc\u00e1nak val\u00f3sz\u00edn\u0171s\u00e9g\u00e9t. Dokument\u00e1ci\u00f3 n\u00e9lk\u00fcl sokkal magasabb a kock\u00e1zata:<\/p>\n<ul style=\"text-align: justify;\">\n<li style=\"list-style-type: none;\">\n<ul>\n<li style=\"text-align: justify;\">hib\u00e1s tervez\u00e9si d\u00f6nt\u00e9sek (a hi\u00e1nyz\u00f3 k\u00f6vetelm\u00e9nyek miatt)<\/li>\n<li style=\"text-align: justify;\">szisztematikus hib\u00e1k (hi\u00e1nyz\u00f3 tervez\u00e9si sz\u00e1m\u00edt\u00e1sok, magyar\u00e1zatok stb.)<\/li>\n<li style=\"text-align: justify;\">kommunik\u00e1ci\u00f3s probl\u00e9m\u00e1k (az \u00e9rintettekkel, a csapattagokkal, a tan\u00fas\u00edt\u00f3 szervezetekkel) \u200b<\/li>\n<li style=\"text-align: justify;\">n\u00f6vekv\u0151 fejleszt\u00e9si k\u00f6lts\u00e9g \u00e9s id\u0151 (a sz\u00fcks\u00e9ges \u00fajratervez\u00e9si ciklusok n\u00f6vekv\u0151 sz\u00e1ma miatt)<\/li>\n<li style=\"text-align: justify;\">tud\u00e1sveszt\u00e9s (fluktu\u00e1ci\u00f3 miatt)<\/li>\n<\/ul>\n<\/li>\n<\/ul>\n<h2 style=\"text-align: justify;\">Kapcsol\u00e1si rajz- \u00e9s \u00e1ramk\u00f6rtervez\u00e9s<\/h2>\n<p style=\"text-align: justify;\">A bonyolults\u00e1g kezel\u00e9s\u00e9hez \u00e9s a tiszta \u00e1ramk\u00f6ri szerkezet el\u00e9r\u00e9s\u00e9hez el\u0151nyben r\u00e9szes\u00edtj\u00fck az \u00fan. Top-to-Bottom tervez\u00e9si m\u00f3dszert. \u00c1ll\u00e1spontunk szerint a j\u00f3 min\u0151s\u00e9g\u0171 sematikus dokumentumoknak ezt a megk\u00f6zel\u00edt\u00e9st kell t\u00fckr\u00f6zni\u00fck szerkezet\u00fckben, \u00e9s legal\u00e1bb h\u00e1rom absztrakci\u00f3s r\u00e9teget kell biztos\u00edtaniuk, amelyek mindegyike a rendszert, a funkci\u00f3blokkot, illetve a komponensszintet reprezent\u00e1lja. Az \u00e1tl\u00e1that\u00f3 kapcsol\u00e1si rajz strukt\u00fara elengedhetetlen a tervez\u00e9selemz\u00e9si technik\u00e1k, p\u00e9ld\u00e1ul a blokk-FMEA, FTA \u00e9s komponens FMEDA hat\u00e9kony alkalmaz\u00e1s\u00e1hoz, \u00e9s megk\u00f6nny\u00edti a fel\u00fclvizsg\u00e1lati folyamatokat is.<\/p>\n<p><img loading=\"lazy\" decoding=\"async\" src=\"https:\/\/asrp-systems.com\/wp-content\/uploads\/2021\/07\/SCH1-1024x441.png\" width=\"1024\" height=\"441\" alt=\"\" class=\"wp-image-87 aligncenter size-large\" \/><\/p>\n<p style=\"text-align: justify;\">Kapcsol\u00e1si rajzaink elk\u00e9sz\u00edt\u00e9s\u00e9hez a n\u00e9pszer\u0171 Altium Designer szoftvert haszn\u00e1ljuk, amellyel az elm\u00falt 16 \u00e9vben m\u00e1r sok tapasztalatot szerezt\u00fcnk.<\/p>\n<p style=\"text-align: justify;\">A szimul\u00e1ci\u00f3hoz az Analog Devices LTSpice-j\u00e9t (kor\u00e1bban Linear Technology) alkalmazzuk.<\/p>\n<h2>Layout-tervez\u00e9s<\/h2>\n<p style=\"text-align: justify;\">T\u00f6bb \u00fcgyfel\u00fcnk rendszeresen t\u00e1maszkodik szak\u00e9rtelm\u00fcnkre az EMC-vizsg\u00e1lati szabv\u00e1nyoknak megfelel\u0151 nyomtatott \u00e1ramk\u00f6ri lapok tervez\u00e9se sor\u00e1n. Eddig t\u00f6bb, mint 200 sikeres nyomtatott \u00e1ramk\u00f6ri tervet k\u00e9sz\u00edtett\u00fcnk. Sz\u00e1mos projektn\u00e9l az EMC tulajdons\u00e1gok mellett a mechanikai ig\u00e9nybev\u00e9tel \u00e9s az optim\u00e1lis termikus tulajdons\u00e1gok is fontos szerepet j\u00e1tszottak. A leg\u00f6sszetettebb NY\u00c1K-megrendel\u00e9s\u00fcnk egy biztons\u00e1gi vonatkoz\u00e1s\u00fa b\u0151v\u00edt\u0151k\u00e1rtya volt v\u00e1ltoztathat\u00f3 frekvenci\u00e1j\u00fa hajt\u00e1sokhoz a k\u00f6vetkez\u0151 f\u0151 param\u00e9terekkel:<\/p>\n<table style=\"background-color: 0xaaaaaa;\">\n<tbody>\n<tr>\n<td width=\"141\"><strong>M\u00e9retek:<\/strong><\/td>\n<td width=\"227\">127 x 88,9 mm<\/td>\n<\/tr>\n<tr>\n<td width=\"141\"><strong>Cu-r\u00e9tegek sz\u00e1ma:<\/strong><\/td>\n<td width=\"227\">10<\/td>\n<\/tr>\n<tr>\n<td width=\"141\"><strong>Alkatr\u00e9szek sz\u00e1ma:<\/strong><\/td>\n<td width=\"227\">1783<\/td>\n<\/tr>\n<tr>\n<td width=\"141\"><strong>\u00d6sszek\u00f6ttet\u00e9sek sz\u00e1ma:<\/strong><\/td>\n<td width=\"227\">3402<\/td>\n<\/tr>\n<tr>\n<td width=\"141\"><strong>Be\u00fcltet\u00e9s:<\/strong><\/td>\n<td width=\"227\">k\u00e9toldalas (SMT)<\/td>\n<\/tr>\n<\/tbody>\n<\/table>\n<p><img loading=\"lazy\" decoding=\"async\" src=\"https:\/\/asrp-systems.com\/wp-content\/uploads\/2021\/07\/PCB4-e1627456630237-1024x683.png\" width=\"1024\" height=\"683\" alt=\"\" class=\"wp-image-104 aligncenter size-large\" \/><\/p>\n<p style=\"text-align: justify;\">A nyomtatott \u00e1ramk\u00f6ri lapok tervez\u00e9shez az Altium Designer-t haszn\u00e1ljuk. A nyomtatott \u00e1ramk\u00f6r\u00f6k tervez\u00e9s\u00e9ben t\u00f6bb mint 16 \u00e9ves tapasztalattal rendelkez\u00fcnk.<\/p>\n<h2>Hardver tesztek<\/h2>\n<p style=\"text-align: justify;\">Jelenleg hardvertesztel\u00e9si k\u00e9pess\u00e9geink a funkci\u00f3- \u00e9s modultesztekre korl\u00e1toz\u00f3dnak. Terveink szerint hamarosan szolg\u00e1ltat\u00e1sainkat h\u0151k\u00e9palkot\u00e1ssal \u00e9s EMC el\u0151megfelel\u0151ss\u00e9gi teszttel b\u0151v\u00edtj\u00fck.<\/p>\n<p style=\"text-align: justify;\">Az elektrom\u00e1gneses \u00f6sszef\u00e9rhet\u0151s\u00e9g, az elektromos biztons\u00e1g \u00e9s k\u00f6rnyezeti vizsg\u00e1latok ter\u00e9n (pl. h\u0151m\u00e9rs\u00e9klet, \u00fct\u00e9s, rezg\u00e9s stb.) harmadik felekre t\u00e1maszkodunk.<\/p>\n<h2 style=\"text-align: justify;\">FMEDA<\/h2>\n<p style=\"text-align: justify;\">A biztons\u00e1gi szabv\u00e1nyok (pl. IEC 61508, ISO 26262 stb.) kvantitat\u00edv m\u00f3dszerek alkalmaz\u00e1s\u00e1t \u00edrj\u00e1k el\u0151 annak bizony\u00edt\u00e1s\u00e1ra, hogy egy adott \u00e1ramk\u00f6r megfelel a biztons\u00e1gi c\u00e9lkit\u0171z\u00e9seknek. A legt\u00f6bb esetben ez azt jelenti, hogy a biztons\u00e1ggal kapcsolatos elektronik\u00e1n egy \u00fagynevezett hibam\u00f3d- , hat\u00e1s- \u00e9s diagnosztikai elemz\u00e9st (FMEDA) kell v\u00e9gezni. Az FMEDA seg\u00edthet azonos\u00edtani a tervez\u00e9si hib\u00e1kat, \u00e9s egy\u00e9b param\u00e9terek mellett megadja egy adott biztons\u00e1gi funkci\u00f3 vesz\u00e9lyes meghib\u00e1sod\u00e1s\u00e1nak a val\u00f3sz\u00edn\u0171s\u00e9g\u00e9t. Az FMEDA-k v\u00e9grehajt\u00e1sa tapasztalatot \u00e9s alapos \u00e1ramk\u00f6r-elemz\u00e9si ismereteket ig\u00e9nyel.<\/p>\n<p style=\"text-align: justify;\">2024 elej\u00e9t\u0151l a FMEDA-k v\u00e9grehajt\u00e1s\u00e1hoz az <a href=\"https:\/\/www.exida.com\/OEMx\">exida LLC<\/a> \u00e1tal feljesztett OEMx szoftver is a rendelkez\u00e9s\u00fcnkre \u00e1ll.<\/p>\n<h1><img loading=\"lazy\" decoding=\"async\" src=\"https:\/\/asrp-systems.com\/wp-content\/uploads\/2022\/01\/FMEDA-1024x208.png\" width=\"1024\" height=\"208\" alt=\"\" class=\"wp-image-480 aligncenter size-large\" \/><\/h1>\n<h2>Tan\u00e1csad\u00e1s \u00e9s fel\u00fclvizsg\u00e1lat<\/h2>\n<p style=\"text-align: justify;\">Sz\u00edvesen seg\u00edt\u00fcnk tan\u00e1csad\u00e1si \u00e9s fel\u00fclvizsg\u00e1lati szolg\u00e1ltat\u00e1sokkal is a fent felsorolt hardverfejleszt\u00e9si tev\u00e9kenys\u00e9gekkel kapcsolatban. Forduljon hozz\u00e1nk bizalommal.<\/p>\n<p>[\/et_pb_text][\/et_pb_column][\/et_pb_row][et_pb_row _builder_version=&#8221;4.21.0&#8243; _module_preset=&#8221;default&#8221; custom_padding=&#8221;0vw||1vw||false|false&#8221; global_colors_info=&#8221;{}&#8221;][et_pb_column type=&#8221;4_4&#8243; _builder_version=&#8221;4.21.0&#8243; _module_preset=&#8221;default&#8221; global_colors_info=&#8221;{}&#8221;][et_pb_button button_url=&#8221;https:\/\/asrp-systems.com\/hu\/index.php\/kapcsolat\/&#8221; button_text=&#8221;KAPCSOLAT&#8221; _builder_version=&#8221;4.27.0&#8243; _module_preset=&#8221;default&#8221; custom_button=&#8221;on&#8221; button_text_size=&#8221;18px&#8221; button_text_color=&#8221;#FFFFFF&#8221; button_bg_color=&#8221;#ee960a&#8221; button_border_width=&#8221;0px&#8221; button_font=&#8221;|700||on|||||&#8221; button_icon_color=&#8221;#00171f&#8221; custom_padding=&#8221;||||false|false&#8221; box_shadow_style=&#8221;preset1&#8243; global_colors_info=&#8221;{}&#8221;][\/et_pb_button][\/et_pb_column][\/et_pb_row][\/et_pb_section]<\/p>\n","protected":false},"excerpt":{"rendered":"<p>Hardware fejleszt\u00e9s Ha v\u00e1llalkoz\u00e1sa olyan elektronikai hardvert k\u00edv\u00e1n fejleszteni, amelynek meg kell felelnie a nemzetk\u00f6zi szabv\u00e1nyoknak (pl. funkcion\u00e1lis biztons\u00e1g EMC-re, elektromos biztons\u00e1g), \u00e9s amelyet szab\u00e1lyozott piacon (pl. az EU-ban) szeretne bevezetni, akkor val\u00f3sz\u00edn\u0171leg tal\u00e1lkozott m\u00e1r a k\u00f6vetkez\u0151 k\u00e9rd\u00e9sek n\u00e9melyik\u00e9vel: Melyek az alkalmazand\u00f3 nemzetk\u00f6zi biztons\u00e1gi \u00e9s term\u00e9kszabv\u00e1nyok? Rendelkezik megfelel\u0151 hardverfejleszt\u00e9si folyamattal? Rendelkez\u00e9sre \u00e1llnak k\u00f6vetelm\u00e9nyek, valamint azok [&hellip;]<\/p>\n","protected":false},"author":1,"featured_media":0,"parent":0,"menu_order":0,"comment_status":"closed","ping_status":"closed","template":"","meta":{"_et_pb_use_builder":"on","_et_pb_old_content":"","_et_gb_content_width":"","footnotes":""},"class_list":["post-939","page","type-page","status-publish","hentry"],"aioseo_notices":[],"_links":{"self":[{"href":"https:\/\/asrp-systems.com\/hu\/index.php\/wp-json\/wp\/v2\/pages\/939","targetHints":{"allow":["GET"]}}],"collection":[{"href":"https:\/\/asrp-systems.com\/hu\/index.php\/wp-json\/wp\/v2\/pages"}],"about":[{"href":"https:\/\/asrp-systems.com\/hu\/index.php\/wp-json\/wp\/v2\/types\/page"}],"author":[{"embeddable":true,"href":"https:\/\/asrp-systems.com\/hu\/index.php\/wp-json\/wp\/v2\/users\/1"}],"replies":[{"embeddable":true,"href":"https:\/\/asrp-systems.com\/hu\/index.php\/wp-json\/wp\/v2\/comments?post=939"}],"version-history":[{"count":5,"href":"https:\/\/asrp-systems.com\/hu\/index.php\/wp-json\/wp\/v2\/pages\/939\/revisions"}],"predecessor-version":[{"id":1408,"href":"https:\/\/asrp-systems.com\/hu\/index.php\/wp-json\/wp\/v2\/pages\/939\/revisions\/1408"}],"wp:attachment":[{"href":"https:\/\/asrp-systems.com\/hu\/index.php\/wp-json\/wp\/v2\/media?parent=939"}],"curies":[{"name":"wp","href":"https:\/\/api.w.org\/{rel}","templated":true}]}}