{"id":932,"date":"2021-08-01T08:47:20","date_gmt":"2021-08-01T07:47:20","guid":{"rendered":"https:\/\/asrp-systems.com\/index.php\/funkcionalis-biztonsagtechnika\/"},"modified":"2024-08-12T16:32:14","modified_gmt":"2024-08-12T15:32:14","slug":"funkcionalis-biztonsagtechnika","status":"publish","type":"page","link":"https:\/\/asrp-systems.com\/hu\/index.php\/funkcionalis-biztonsagtechnika\/","title":{"rendered":"Funkcion\u00e1lis biztons\u00e1gtechnika"},"content":{"rendered":"<p>[et_pb_section fb_built=&#8221;1&#8243; _builder_version=&#8221;4.21.0&#8243; _module_preset=&#8221;default&#8221; custom_padding=&#8221;||1vw||false|false&#8221; global_colors_info=&#8221;{}&#8221;][et_pb_row _builder_version=&#8221;4.21.0&#8243; _module_preset=&#8221;default&#8221; custom_padding=&#8221;1vw||1vw||true|false&#8221; global_colors_info=&#8221;{}&#8221;][et_pb_column type=&#8221;4_4&#8243; _builder_version=&#8221;4.16&#8243; _module_preset=&#8221;default&#8221; global_colors_info=&#8221;{}&#8221;][et_pb_text _builder_version=&#8221;4.24.0&#8243; _module_preset=&#8221;default&#8221; text_text_color=&#8221;#00171f&#8221; text_font_size=&#8221;16px&#8221; text_line_height=&#8221;1.2em&#8221; header_2_font=&#8221;|600|||||||&#8221; header_2_text_color=&#8221;#00171f&#8221; header_2_font_size=&#8221;30px&#8221; header_2_line_height=&#8221;1.2em&#8221; header_4_font=&#8221;|600|||||||&#8221; header_4_text_color=&#8221;#00171f&#8221; header_4_line_height=&#8221;1.4em&#8221; custom_margin=&#8221;||0px|||&#8221; custom_padding=&#8221;||||false|false&#8221; text_font_tablet=&#8221;&#8221; text_font_phone=&#8221;&#8221; text_font_last_edited=&#8221;on|desktop&#8221; header_font_tablet=&#8221;&#8221; header_font_phone=&#8221;&#8221; header_font_last_edited=&#8221;on|phone&#8221; global_colors_info=&#8221;{}&#8221;]<\/p>\n<h2>Funkcion\u00e1lis biztons\u00e1gtechnika<\/h2>\n<div class=\"et_pb_module et_pb_text et_pb_text_16 et_pb_text_align_left et_pb_bg_layout_light\">\n<div class=\"et_pb_text_inner\">\n<p style=\"text-align: justify;\">Azokat a m\u0171szaki rendszereket (p\u00e9ld\u00e1ul g\u00e9peket), amelyek meghib\u00e1sod\u00e1sa anyagi k\u00e1rt, term\u00e9szeti katasztr\u00f3f\u00e1t, szem\u00e9lyi s\u00e9r\u00fcl\u00e9st vagy hal\u00e1lt okozhat, biztons\u00e1ggal kapcsolatos vagy biztons\u00e1gkritikus rendszereknek nevezz\u00fck. Az aut\u00f3iparban, az ipari automatiz\u00e1l\u00e1sban, a rep\u00fcl\u00e9s ter\u00fclet\u00e9n, az orvostechnik\u00e1ban, a nukle\u00e1ris, a vas\u00fati vagy ak\u00e1r a fogyaszt\u00f3i szektorban alkalmazott sz\u00e1mos elektronikus rendszer biztons\u00e1ggal kapcsolatos vagy biztons\u00e1gkritikus kateg\u00f3ri\u00e1ba sorolhat\u00f3. Ezek egy r\u00e9sz\u00e9t, amelyek megfelel\u0151 m\u0171k\u00f6d\u00e9se elengedhetetlen egy adott k\u00fcldet\u00e9s teljes\u00edt\u00e9s\u00e9hez (pl. rep\u00fcl\u00e9sir\u00e1ny\u00edt\u00f3 rendszerek, v\u00e9delmi rendszerek stb.), k\u00fcldet\u00e9skritikus rendszereknek nevezz\u00fck.<\/p>\n<p style=\"text-align: justify;\">A biztons\u00e1ggal kapcsolatos, biztons\u00e1gkritikus \u00e9s k\u00fcldet\u00e9skritikus rendszerek tervez\u00e9s\u00e9t, ellen\u0151rz\u00e9s\u00e9t, \u00fczembe helyez\u00e9s\u00e9t, \u00fczemeltet\u00e9s\u00e9t, karbantart\u00e1s\u00e1t \u00e9s leszerel\u00e9s\u00e9t nemzetk\u00f6zi szabv\u00e1nyok t\u00e1mogatj\u00e1k. A legfontosabb biztons\u00e1gi szabv\u00e1nyok k\u00f6z\u00fcl n\u00e9h\u00e1ny a k\u00f6vetkez\u0151 \u00e1br\u00e1n l\u00e1that\u00f3.<\/p>\n<\/div>\n<\/div>\n<div class=\"et_pb_module et_pb_image et_pb_image_4\"><span class=\"et_pb_image_wrap \"><img loading=\"lazy\" decoding=\"async\" width=\"2560\" height=\"951\" src=\"https:\/\/asrp-systems.com\/wp-content\/uploads\/2021\/10\/Safety-standards-1-scaled.jpg\" alt=\"\" title=\"Biztons\u00e1gi szabv\u00e1nyok\" class=\"wp-image-433\" \/><\/span><\/div>\n<div class=\"et_pb_module et_pb_text et_pb_text_17 et_pb_text_align_left et_pb_bg_layout_light\">\n<div class=\"et_pb_text_inner\">\n<p style=\"text-align: justify;\">Ezen rendszerek gy\u00e1rt\u00f3it \u00e9s \u00fczemeltet\u0151it \u2013 sok esetben t\u00f6rv\u00e9ny is \u2013 k\u00f6telezi a k\u00fcl\u00f6nb\u00f6z\u0151 biztons\u00e1gi szabv\u00e1nyokb\u00f3l sz\u00e1rmaz\u00f3 egys\u00e9ges biztons\u00e1gi k\u00f6vetelm\u00e9nyeknek val\u00f3 megfelel\u00e9sre, hogy meg\u00f3vj\u00e1k az embereket, a berendez\u00e9seket \u00e9s a m\u0171k\u00f6d\u00e9si k\u00f6rnyezetet a s\u00e9r\u00fcl\u00e9sekt\u0151l \u00e9s k\u00e1rokt\u00f3l. P\u00e9ld\u00e1ul az Eur\u00f3pai Uni\u00f3ban a g\u00e9pekr\u0151l sz\u00f3l\u00f3 eur\u00f3pai ir\u00e1nyelv (2006\/42\/EG) a harmoniz\u00e1lt szabv\u00e1nyokkal (pl. ISO 13849, IEC 62061) egy\u00fctt hat\u00e1rozza meg a g\u00e9pek funkcion\u00e1lis biztons\u00e1g\u00e1nak kereteit. Ennek az ir\u00e1nyelvnek a nemzeti szint\u0171 v\u00e9grehajt\u00e1sa a nemzeti t\u00f6rv\u00e9nyek \u00e9s rendeletek r\u00e9v\u00e9n val\u00f3sul meg.<\/p>\n<p style=\"text-align: justify;\">B\u00e1r a biztons\u00e1gi szabv\u00e1nyoknak val\u00f3 megfelel\u00e9st nem mindig \u00edrja el\u0151 t\u00f6rv\u00e9ny (pl. mint az ISO 26262 eset\u00e9ben), felt\u00e9tlen\u00fcl meg kell \u00e9rteni, hogy a biztons\u00e1gi szabv\u00e1ny egy adott ipar\u00e1gra, \u00e9s ebb\u0151l k\u00f6vetkez\u0151en a folyamatokra \u00e9s a min\u0151s\u00e9gre vonatkoz\u00f3 legkorszer\u0171bb biztons\u00e1gi ir\u00e1nyelveket k\u00e9pviseli. Az ilyen szabv\u00e1nyban meghat\u00e1rozott biztos\u00edt\u00e1si int\u00e9zked\u00e9seknek az ebben a szektorban m\u0171k\u00f6d\u0151 v\u00e1llalat min\u0151s\u00e9gir\u00e1ny\u00edt\u00e1si rendszer\u00e9ben kell lenni\u00fck. Felh\u00edvjuk figyelm\u00e9t, hogy a biztons\u00e1gi el\u0151\u00edr\u00e1sok figyelmen k\u00edv\u00fcl hagy\u00e1sa s\u00falyos jogi k\u00f6vetkezm\u00e9nyekkel j\u00e1rhat, ha baleset eset\u00e9n kider\u00fcl \u2013 pl. b\u00edr\u00f3s\u00e1g el\u0151tt \u2013 hogy a min\u0151s\u00e9gir\u00e1ny\u00edt\u00e1si rendszer, bele\u00e9rtve a term\u00e9kfejleszt\u00e9si folyamatot, nem felelt meg a megl\u00e9v\u0151 biztons\u00e1gi el\u0151\u00edr\u00e1soknak.<\/p>\n<\/div>\n<\/div>\n<div class=\"et_pb_module et_pb_text et_pb_text_18 et_pb_text_align_left et_pb_bg_layout_light\">\n<div class=\"et_pb_text_inner\">\n<h4>Mi a k\u00fcl\u00f6nbs\u00e9g a biztons\u00e1g \u00e9s a funkcion\u00e1lis biztons\u00e1g k\u00f6z\u00f6tt?<\/h4>\n<\/div>\n<\/div>\n<div class=\"et_pb_module et_pb_text et_pb_text_19 et_pb_text_align_left et_pb_bg_layout_light\">\n<div class=\"et_pb_text_inner\">\n<p style=\"text-align: justify;\">A biztons\u00e1g a teljes rendszer saj\u00e1tja, k\u00f6vetkez\u00e9sk\u00e9ppen azt mindig rendszerszinten kell \u00e9rt\u00e9kelni. A funkcion\u00e1lis biztons\u00e1g azonban a teljes rendszerbiztons\u00e1gi koncepci\u00f3 r\u00e9szek\u00e9nt kezelhet\u0151. A funkcion\u00e1lis biztons\u00e1g fogalma defin\u00edci\u00f3 szerint a s\u00e9r\u00fcl\u00e9sek vagy k\u00e1rok elfogadhatatlan kock\u00e1zat\u00e1t\u00f3l val\u00f3 mentess\u00e9get jelenti egy vagy t\u00f6bb automatikus v\u00e9delmi funkci\u00f3 megfelel\u0151 megval\u00f3s\u00edt\u00e1sa r\u00e9v\u00e9n, amelyeket gyakran biztons\u00e1gi funkci\u00f3knak neveznek.<\/p>\n<p style=\"text-align: justify;\">A funkcion\u00e1lis biztons\u00e1g c\u00e9lja annak biztos\u00edt\u00e1sa, hogy az automatikus biztons\u00e1gi funkci\u00f3 k\u00e9r\u00e9sre megfelel\u0151en m\u0171k\u00f6dj\u00f6n, vagy a rendszer (pl. meghib\u00e1sod\u00e1s eset\u00e9n) el\u0151re l\u00e1that\u00f3an vagy ellen\u0151rz\u00f6tt m\u00f3don biztons\u00e1gos \u00e1llapot\u00e1ba ker\u00fclj\u00f6n.<\/p>\n<p style=\"text-align: justify;\">A funkcion\u00e1lis biztons\u00e1g a biztons\u00e1gi rendszer azon alkatr\u00e9szeire is f\u00f3kusz\u00e1l, amelyek lehetnek p\u00e9ld\u00e1ul \u00e9rz\u00e9kel\u0151, aktu\u00e1tor, vez\u00e9rl\u0151 \u00e9s hasonl\u00f3 eszk\u00f6z\u00f6k. Ezek a komponensek tov\u00e1bb oszthat\u00f3k hardver \u00e9s nagyon gyakran szoftver r\u00e9szekre. A funkcion\u00e1lis biztons\u00e1gtechnika (FBT) \u00e1ltal\u00e1ban a biztons\u00e1gi rendszerek azon hardver- \u00e9s szoftverkomponenseire \u00f6sszpontos\u00edt, amelyek a biztons\u00e1gi funkci\u00f3k v\u00e9grehajt\u00e1s\u00e1\u00e9rt felel\u0151sek.<\/p>\n<\/div>\n<\/div>\n<div class=\"et_pb_module et_pb_text et_pb_text_20 et_pb_text_align_left et_pb_bg_layout_light\">\n<div class=\"et_pb_text_inner\">\n<h4>Mi romolhat el?<\/h4>\n<\/div>\n<\/div>\n<div class=\"et_pb_module et_pb_text et_pb_text_21 et_pb_text_align_left et_pb_bg_layout_light\">\n<div class=\"et_pb_text_inner\">\n<p style=\"text-align: justify;\">A biztons\u00e1gi szabv\u00e1nyok k\u00fcl\u00f6nbs\u00e9get tesznek a v\u00e9letlenszer\u0171 \u00e9s a szisztematikus hib\u00e1k k\u00f6z\u00f6tt, \u00e9s egyes szabv\u00e1nyok (pl. IEC 61511) az emberi mulaszt\u00e1st is figyelembe vesznek a hiba lehets\u00e9ges okak\u00e9nt. A v\u00e9letlenszer\u0171 hib\u00e1k a hardver\u00f6sszetev\u0151kkel kapcsolatosak, m\u00edg a szisztematikus hib\u00e1k tervez\u00e9si hib\u00e1k, \u00e9s mind a hardver-, mind a szoftverkomponenseket \u00e9rintik. Megfelel\u0151 fejleszt\u00e9si folyamat k\u00f6vet\u00e9s\u00e9vel \u00e9s megfelel\u0151 hibacs\u00f6kkent\u0151 int\u00e9zked\u00e9sek alkalmaz\u00e1s\u00e1val minimaliz\u00e1lhat\u00f3 a szisztematikus hib\u00e1k sz\u00e1ma. M\u00e1sr\u00e9szt a v\u00e9letlenszer\u0171 hib\u00e1kat nem lehet elker\u00fclni, azonban megfelel\u0151 hardvertervez\u00e9si technik\u00e1kkal a hat\u00e1suk m\u00e9rs\u00e9kelhet\u0151.<\/p>\n<\/div>\n<\/div>\n<div class=\"et_pb_module et_pb_text et_pb_text_22 et_pb_text_align_left et_pb_bg_layout_light\">\n<div class=\"et_pb_text_inner\">\n<h4>Hogyan \u00e9rhet\u0151 el a funkcion\u00e1lis biztons\u00e1g?<\/h4>\n<\/div>\n<\/div>\n<div class=\"et_pb_module et_pb_text et_pb_text_23 et_pb_text_align_left et_pb_bg_layout_light\">\n<div class=\"et_pb_text_inner\">\n<p style=\"text-align: justify;\">A funkcion\u00e1lis biztons\u00e1g el\u00e9r\u00e9se nem mindig egyszer\u0171 folyamat. Mindenekel\u0151tt a biztons\u00e1gi alkatr\u00e9szeket vagy biztons\u00e1gi rendszereket fejleszt\u0151 \u00e9s gy\u00e1rt\u00f3 szervezeteknek azonos\u00edtaniuk \u00e9s k\u00f6vetni\u00fck kell a vonatkoz\u00f3 biztons\u00e1gi szabv\u00e1nyokat.<\/p>\n<p style=\"text-align: justify;\">Tegy\u00fck fel, hogy egy v\u00e1llalat biztons\u00e1gi alkatr\u00e9szt k\u00edv\u00e1n kifejleszteni olyan g\u00e9pekhez, amelyeket az eur\u00f3pai piacon k\u00edv\u00e1n forgalomba hozni. Ebben a helyzetben a tervez\u0151csapatnak foglalkoznia kell az alapvet\u0151 biztons\u00e1gi szabv\u00e1nyokkal (pl. IEC 61508, ISO 12100, pl.), az \u00e1ltal\u00e1nos biztons\u00e1gi szabv\u00e1nyokkal (pl. IEC 62061, ISO 13849 stb.), \u00e9s v\u00e9g\u00fcl a term\u00e9kspecifikus biztons\u00e1gi szabv\u00e1nyokkal (pl. IEC 61800-5-2 stb.). Ezeket a szabv\u00e1nyokat gyakran A-t\u00edpus\u00fa, B-t\u00edpus\u00fa, valamint C-t\u00edpus\u00fa szabv\u00e1nyoknak is nevezik.<\/p>\n<\/div>\n<\/div>\n<div class=\"et_pb_module et_pb_image et_pb_image_5\"><span class=\"et_pb_image_wrap \"><img loading=\"lazy\" decoding=\"async\" width=\"4256\" height=\"1488\" src=\"https:\/\/asrp-systems.com\/wp-content\/uploads\/2021\/10\/Safety-standards_2.png\" alt=\"\" title=\"Biztons\u00e1gi szabv\u00e1nyok_2\" class=\"wp-image-416\" \/><\/span><\/div>\n<div class=\"et_pb_module et_pb_text et_pb_text_24 et_pb_text_align_left et_pb_bg_layout_light\">\n<div class=\"et_pb_text_inner\">\n<p style=\"text-align: justify;\">Els\u0151 pillant\u00e1sra ez nem t\u0171nik bonyolultnak, de amikor valaki elkezd elm\u00e9lyedni a biztons\u00e1gi el\u0151\u00edr\u00e1sok r\u00e9szleteiben, az hamar megterhel\u0151v\u00e9 v\u00e1lhat. Ahhoz, hogy a l\u00e9nyegre t\u00e9rj\u00fcnk an\u00e9lk\u00fcl, hogy t\u00fal sok id\u0151t vesz\u00edten\u00e9nk, az al\u00e1bbiakban felsoroljuk azokat a legfontosabb feladatokat, amelyeket egy szervezetnek meg kell oldania, ha biztons\u00e1gos term\u00e9keket szeretne fejleszteni:<\/p>\n<ul style=\"text-align: justify;\">\n<li>\n<ul>\n<li><strong>Biztons\u00e1gi kult\u00fara kialak\u00edt\u00e1sa a szervezetben<\/strong>\n<ul>\n<li>Tapasztalt \u00e9s a biztons\u00e1g ter\u00fclet\u00e9n k\u00e9pzett szakemberek <span>alkalmaz\u00e1sa<\/span> <em>(ez nem lesz k\u00f6nny\u0171 vagy olcs\u00f3)<\/em><\/li>\n<li>Koll\u00e9g\u00e1k k\u00e9pz\u00e9se (m\u00e9rn\u00f6k\u00f6k, menedzserek \u00e9s \u00e9rt\u00e9kes\u00edt\u0151k) a funkcion\u00e1lis biztons\u00e1g <span>ter\u00fclet\u00e9n<\/span> <em>(ez sok id\u0151t vesz ig\u00e9nybe)<\/em><\/li>\n<li>Szerepk\u00f6r\u00f6k \u00e9s felel\u0151ss\u00e9gek <span>kijel\u00f6l\u00e9se<\/span> <em>(Funkcion\u00e1lis biztons\u00e1gi vezet\u0151, Biztons\u00e1gi terv)<\/em><\/li>\n<\/ul>\n<\/li>\n<li><strong>Megfelel\u0151 term\u00e9kfejleszt\u00e9si folyamat kidolgoz\u00e1sa a vonatkoz\u00f3 biztons\u00e1gi el\u0151\u00edr\u00e1soknak megfelel\u0151en<\/strong>\n<ul>\n<li>Term\u00e9kfejleszt\u00e9si m\u00f3dszertan <span>v\u00e1laszt\u00e1sa<\/span> <em>(Waterfall, V, Agile stb.)<\/em><\/li>\n<li>Fejleszt\u00e9si folyamat f\u00e1zisainak meghat\u00e1roz\u00e1sa (<em>pl. Specifik\u00e1ci\u00f3, Tervez\u00e9s, Megval\u00f3s\u00edt\u00e1s, Teszt)<\/em><span> <\/span>bele\u00e9rtve a bemeneti \u00e9s kimeneti dokumentumokat, valamint a term\u00e9keket<span> <\/span><em>(pl. biztons\u00e1gi k\u00f6vetelm\u00e9nyspecifik\u00e1ci\u00f3, fel\u00fclvizsg\u00e1lati jelent\u00e9s, kapcsol\u00e1si rajzok, tervez\u00e9si specifik\u00e1ci\u00f3, szimul\u00e1ci\u00f3s adatok, programk\u00f3d, tesztspecifik\u00e1ci\u00f3, nyomtaott \u00e1ramk\u00f6ri tervek, gy\u00e1rt\u00e1si adatok stb.)<\/em><\/li>\n<li>A tev\u00e9kenys\u00e9gek \u00e9s a kapcsol\u00f3d\u00f3 min\u0151s\u00e9gbiztos\u00edt\u00e1si int\u00e9zked\u00e9sek <span>meghat\u00e1roz\u00e1sa<\/span> <em>(az ellen\u0151rz\u00e9s \u00e9s \u00e9rv\u00e9nyes\u00edt\u00e9s tervez\u00e9se)<\/em><\/li>\n<\/ul>\n<\/li>\n<li><strong>Term\u00e9kfejleszt\u00e9s a vonatkoz\u00f3 biztons\u00e1gi el\u0151\u00edr\u00e1soknak megfelel\u0151en<\/strong>\n<ul>\n<li>Term\u00e9kmeghat\u00e1roz\u00e1s, bele\u00e9rtve a biztons\u00e1gi c\u00e9lokat is<\/li>\n<li>Hardver, szoftver \u00e9s mechanikai alkatr\u00e9szek tervez\u00e9se<\/li>\n<li>Megfelel\u0151 tervez\u00e9si technik\u00e1k alkalmaz\u00e1sa<\/li>\n<li>Mindent dokument\u00e1lni kell<\/li>\n<li>Mindent ellen\u0151rizni \u00e9s tesztelni kell<\/li>\n<\/ul>\n<\/li>\n<li><strong>Projektmenedzsment<\/strong>\n<ul>\n<li>Annak biztos\u00edt\u00e1s\u00e1ra, hogy a fejleszt\u00e9s a tervek szerint haladjon<\/li>\n<\/ul>\n<\/li>\n<li><strong>K\u00f6vetelm\u00e9nykezel\u00e9s<\/strong>\n<ul>\n<li>Annak biztos\u00edt\u00e1s\u00e1ra, hogy a term\u00e9k megfelel a k\u00f6vetelm\u00e9nyeknek<\/li>\n<\/ul>\n<\/li>\n<li><strong>V\u00e1ltoz\u00e1smenedzsment<\/strong>\n<ul>\n<li>Annak biztos\u00edt\u00e1s\u00e1ra, hogy a m\u00f3dos\u00edt\u00e1sok ellen\u0151rz\u00f6tt m\u00f3don ker\u00fcljenek be a term\u00e9kbe<\/li>\n<\/ul>\n<\/li>\n<li><strong>Konfigur\u00e1ci\u00f3menedzsment<\/strong>\n<ul>\n<li>Annak \u00e9rdek\u00e9ben, hogy ami \u00f6sszetartozik mindig naprak\u00e9sz legyen<\/li>\n<\/ul>\n<\/li>\n<li><strong>Nyomonk\u00f6vethet\u0151s\u00e9g<\/strong>\n<ul>\n<li>Annak \u00e9dek\u00e9ben, hogy a nyomon k\u00f6vethet\u0151s\u00e9g a komponensek szintj\u00e9n lehet\u0151v\u00e9 v\u00e1ljon<\/li>\n<\/ul>\n<\/li>\n<li><strong>F\u00fcggetlen (\u00e9s akkredit\u00e1lt) szervezet \u00e1ltali tan\u00fas\u00edt\u00e1s<\/strong>\n<ul>\n<li>Nem mindig k\u00f6telez\u0151, de er\u0151sen aj\u00e1nlott<\/li>\n<li>Marketing<\/li>\n<\/ul>\n<\/li>\n<\/ul>\n<\/li>\n<\/ul>\n<p style=\"text-align: justify;\">A fenti lista sok pontja ismer\u0151s lehet \u00d6nnek, ha szervezete m\u00e1r rendelkezik tapasztalattal a nem biztons\u00e1gkritikus term\u00e9kek fejleszt\u00e9s\u00e9ben. A legt\u00f6bb esetben a m\u00e1r megl\u00e9v\u0151 folyamatok \u00e9s munkafolyamatok hozz\u00e1igaz\u00edthat\u00f3k a biztons\u00e1g szempontj\u00e1b\u00f3l relev\u00e1ns term\u00e9kfejleszt\u00e9shez.<\/p>\n<\/div>\n<\/div>\n<div class=\"et_pb_module et_pb_text et_pb_text_25 et_pb_text_align_left et_pb_bg_layout_light\" style=\"text-align: justify;\">\n<div class=\"et_pb_text_inner\"><\/div>\n<\/div>\n<div class=\"et_pb_module et_pb_text et_pb_text_26 et_pb_text_align_left et_pb_bg_layout_light\">\n<div class=\"et_pb_text_inner\">\n<p style=\"text-align: justify;\">K\u00e9rj\u00fck, forduljon hozz\u00e1nk bizalommal, ha szakmai \u00fatmutat\u00e1sra van sz\u00fcks\u00e9ge a biztons\u00e1gi el\u0151\u00edr\u00e1sokkal kapcsolatban.<\/p>\n<p>&nbsp;<\/p>\n<\/div>\n<\/div>\n<p>[\/et_pb_text][et_pb_button button_url=&#8221;https:\/\/asrp-systems.com\/hu\/index.php\/kapcsolat\/&#8221; button_text=&#8221;Kapcsolat&#8221; button_alignment=&#8221;left&#8221; _builder_version=&#8221;4.23.1&#8243; _module_preset=&#8221;default&#8221; custom_button=&#8221;on&#8221; button_text_size=&#8221;18px&#8221; button_text_color=&#8221;#00171f&#8221; button_bg_color=&#8221;#ee960a&#8221; button_border_width=&#8221;0px&#8221; button_border_color=&#8221;#E09900&#8243; button_font=&#8221;|600||on|||||&#8221; button_icon_color=&#8221;#00171f&#8221; custom_margin=&#8221;||||false|false&#8221; custom_padding=&#8221;||||false|false&#8221; box_shadow_style=&#8221;preset1&#8243; global_colors_info=&#8221;{}&#8221;][\/et_pb_button][\/et_pb_column][\/et_pb_row][\/et_pb_section]<\/p>\n","protected":false},"excerpt":{"rendered":"<p>Funkcion\u00e1lis biztons\u00e1gtechnika Azokat a m\u0171szaki rendszereket (p\u00e9ld\u00e1ul g\u00e9peket), amelyek meghib\u00e1sod\u00e1sa anyagi k\u00e1rt, term\u00e9szeti katasztr\u00f3f\u00e1t, szem\u00e9lyi s\u00e9r\u00fcl\u00e9st vagy hal\u00e1lt okozhat, biztons\u00e1ggal kapcsolatos vagy biztons\u00e1gkritikus rendszereknek nevezz\u00fck. Az aut\u00f3iparban, az ipari automatiz\u00e1l\u00e1sban, a rep\u00fcl\u00e9s ter\u00fclet\u00e9n, az orvostechnik\u00e1ban, a nukle\u00e1ris, a vas\u00fati vagy ak\u00e1r a fogyaszt\u00f3i szektorban alkalmazott sz\u00e1mos elektronikus rendszer biztons\u00e1ggal kapcsolatos vagy biztons\u00e1gkritikus kateg\u00f3ri\u00e1ba sorolhat\u00f3. Ezek [&hellip;]<\/p>\n","protected":false},"author":1,"featured_media":0,"parent":0,"menu_order":0,"comment_status":"closed","ping_status":"closed","template":"","meta":{"_et_pb_use_builder":"on","_et_pb_old_content":"","_et_gb_content_width":"","footnotes":""},"class_list":["post-932","page","type-page","status-publish","hentry"],"aioseo_notices":[],"_links":{"self":[{"href":"https:\/\/asrp-systems.com\/hu\/index.php\/wp-json\/wp\/v2\/pages\/932","targetHints":{"allow":["GET"]}}],"collection":[{"href":"https:\/\/asrp-systems.com\/hu\/index.php\/wp-json\/wp\/v2\/pages"}],"about":[{"href":"https:\/\/asrp-systems.com\/hu\/index.php\/wp-json\/wp\/v2\/types\/page"}],"author":[{"embeddable":true,"href":"https:\/\/asrp-systems.com\/hu\/index.php\/wp-json\/wp\/v2\/users\/1"}],"replies":[{"embeddable":true,"href":"https:\/\/asrp-systems.com\/hu\/index.php\/wp-json\/wp\/v2\/comments?post=932"}],"version-history":[{"count":5,"href":"https:\/\/asrp-systems.com\/hu\/index.php\/wp-json\/wp\/v2\/pages\/932\/revisions"}],"predecessor-version":[{"id":1164,"href":"https:\/\/asrp-systems.com\/hu\/index.php\/wp-json\/wp\/v2\/pages\/932\/revisions\/1164"}],"wp:attachment":[{"href":"https:\/\/asrp-systems.com\/hu\/index.php\/wp-json\/wp\/v2\/media?parent=932"}],"curies":[{"name":"wp","href":"https:\/\/api.w.org\/{rel}","templated":true}]}}