{"id":926,"date":"2021-07-27T14:28:26","date_gmt":"2021-07-27T13:28:26","guid":{"rendered":"https:\/\/asrp-systems.com\/index.php\/cookie-szabalyzat\/"},"modified":"2024-02-22T09:07:10","modified_gmt":"2024-02-22T08:07:10","slug":"cookie-szabalyzat","status":"publish","type":"page","link":"https:\/\/asrp-systems.com\/hu\/index.php\/cookie-szabalyzat\/","title":{"rendered":"Cookie-Szab\u00e1lyzat"},"content":{"rendered":"<p>[et_pb_section fb_built=&#8221;1&#8243; _builder_version=&#8221;4.16&#8243; _module_preset=&#8221;default&#8221; global_colors_info=&#8221;{}&#8221;][et_pb_row _builder_version=&#8221;4.16&#8243; _module_preset=&#8221;default&#8221; global_colors_info=&#8221;{}&#8221;][et_pb_column type=&#8221;4_4&#8243; _builder_version=&#8221;4.16&#8243; _module_preset=&#8221;default&#8221; global_colors_info=&#8221;{}&#8221;][et_pb_text _builder_version=&#8221;4.24.0&#8243; _module_preset=&#8221;default&#8221; text_text_color=&#8221;#00171f&#8221; text_font_size=&#8221;16px&#8221; text_line_height=&#8221;1.2em&#8221; header_4_font=&#8221;|700|||||||&#8221; header_4_text_color=&#8221;#00171f&#8221; header_4_font_size=&#8221;25px&#8221; header_4_line_height=&#8221;1.4em&#8221; custom_padding=&#8221;0vw||0vw||true|false&#8221; hover_enabled=&#8221;0&#8243; global_colors_info=&#8221;{}&#8221; sticky_enabled=&#8221;0&#8243;]<\/p>\n<h4>Cookie-Szab\u00e1lyzat<\/h4>\n<p style=\"text-align: justify;\">A weboldal<span> <\/span><a href=\"http:\/\/www.asrp-systems.com\/\">www.asrp-systems.com<\/a><span> <\/span>cookie-kat (s\u00fctiket) haszn\u00e1l. A cookie egy kicsi sz\u00f6veges f\u00e1jl, amely az \u00d6n sz\u00e1m\u00edt\u00f3g\u00e9p\u00e9n t\u00e1rol\u00e1sra ker\u00fcl. A cookie lehet\u0151v\u00e9 teszi, hogy a b\u00f6ng\u00e9sz\u0151 felismerje \u00d6n \u00e9s legut\u00f3bbi be\u00e1ll\u00edt\u00e1sait (pl. nyelvi be\u00e1ll\u00edt\u00e1sok) a webhelyen. A be\u00e1ll\u00edt\u00e1sok azonnal el\u00e9rhet\u0151v\u00e9 v\u00e1lnak, azokat nem kell \u00fajra elv\u00e9gezni.<\/p>\n<p style=\"text-align: justify;\">Olyan cookie-kat is haszn\u00e1lunk, amelyek a webhely haszn\u00e1lat\u00e1val kapcsolatos preferenci\u00e1it t\u00e1rolj\u00e1k, az\u00e9rt, hogy a megjelen\u00edtett tartalmat az \u00d6n szem\u00e9lyes \u00e9rdekl\u0151d\u00e9s\u00e9hez \u00e9s ig\u00e9nyeihez igaz\u00edtsuk.<\/p>\n<p style=\"text-align: justify;\">V\u00e9g\u00fcl, harmadik f\u00e9lt\u0151l sz\u00e1rmaz\u00f3 cookie-kat is haszn\u00e1lunk, amelyek seg\u00edtenek elemezni \u00e9s meg\u00e9rteni, hogyan haszn\u00e1lja ezt a weboldalt. Ezek a cookie-k csak az \u00d6n hozz\u00e1j\u00e1rul\u00e1s\u00e1val ker\u00fclnek t\u00e1rol\u00e1sra a b\u00f6ng\u00e9sz\u0151j\u00e9ben.<\/p>\n<p style=\"text-align: justify;\">Be\u00e1ll\u00edthatja b\u00f6ng\u00e9sz\u0151j\u00e9t \u00fagy, hogy t\u00e1j\u00e9koztassa \u00d6nt a cookie-k be\u00e1ll\u00edt\u00e1s\u00e1r\u00f3l, \u00e9s ezt csak eseti alapon enged\u00e9lyezze; bizonyos esetekben enged\u00e9lyezze a cookie-k elfogad\u00e1s\u00e1t vagy \u00e1ltal\u00e1ban kiz\u00e1rja azt; valamint a b\u00f6ng\u00e9sz\u0151 bez\u00e1r\u00e1sakor automatikusan t\u00f6r\u00f6lje a cookie-kat. A cookie-k kikapcsol\u00e1sa korl\u00e1tozhatja ennek a weboldalnak a m\u0171k\u00f6d\u00e9s\u00e9t.<\/p>\n<p style=\"text-align: justify;\">Azon felhaszn\u00e1l\u00f3k, akik nem akarnak cookie-kat t\u00e1rolni a sz\u00e1m\u00edt\u00f3g\u00e9p\u00fck\u00f6n, k\u00e9rj\u00fck, kapcsolj\u00e1k ki ezt a lehet\u0151s\u00e9get a b\u00f6ng\u00e9sz\u0151j\u00fck rendszerbe\u00e1ll\u00edt\u00e1saiban. A m\u00e1r elmentett cookie-k a b\u00f6ng\u00e9sz\u0151 rendszerbe\u00e1ll\u00edt\u00e1saiban is t\u00f6r\u00f6lhet\u0151k. Felh\u00edvjuk a figyelmet arra, hogy a cookie-k kikapcsol\u00e1sa vagy kiz\u00e1r\u00e1sa korl\u00e1tozhatja jelen weboldal m\u0171k\u00f6d\u00e9s\u00e9t.<\/p>\n<p style=\"text-align: justify;\"><em>Utols\u00f3 friss\u00edt\u00e9s d\u00e1tuma: 2023. november 19.<\/em><\/p>\n<p style=\"text-align: justify;\">[\/et_pb_text][\/et_pb_column][\/et_pb_row][\/et_pb_section]<\/p>\n","protected":false},"excerpt":{"rendered":"<p>Cookie-Szab\u00e1lyzat A weboldal www.asrp-systems.com cookie-kat (s\u00fctiket) haszn\u00e1l. A cookie egy kicsi sz\u00f6veges f\u00e1jl, amely az \u00d6n sz\u00e1m\u00edt\u00f3g\u00e9p\u00e9n t\u00e1rol\u00e1sra ker\u00fcl. A cookie lehet\u0151v\u00e9 teszi, hogy a b\u00f6ng\u00e9sz\u0151 felismerje \u00d6n \u00e9s legut\u00f3bbi be\u00e1ll\u00edt\u00e1sait (pl. nyelvi be\u00e1ll\u00edt\u00e1sok) a webhelyen. A be\u00e1ll\u00edt\u00e1sok azonnal el\u00e9rhet\u0151v\u00e9 v\u00e1lnak, azokat nem kell \u00fajra elv\u00e9gezni. Olyan cookie-kat is haszn\u00e1lunk, amelyek a webhely haszn\u00e1lat\u00e1val kapcsolatos [&hellip;]<\/p>\n","protected":false},"author":1,"featured_media":0,"parent":0,"menu_order":0,"comment_status":"closed","ping_status":"closed","template":"","meta":{"_et_pb_use_builder":"on","_et_pb_old_content":"","_et_gb_content_width":"","footnotes":""},"class_list":["post-926","page","type-page","status-publish","hentry"],"aioseo_notices":[],"_links":{"self":[{"href":"https:\/\/asrp-systems.com\/hu\/index.php\/wp-json\/wp\/v2\/pages\/926","targetHints":{"allow":["GET"]}}],"collection":[{"href":"https:\/\/asrp-systems.com\/hu\/index.php\/wp-json\/wp\/v2\/pages"}],"about":[{"href":"https:\/\/asrp-systems.com\/hu\/index.php\/wp-json\/wp\/v2\/types\/page"}],"author":[{"embeddable":true,"href":"https:\/\/asrp-systems.com\/hu\/index.php\/wp-json\/wp\/v2\/users\/1"}],"replies":[{"embeddable":true,"href":"https:\/\/asrp-systems.com\/hu\/index.php\/wp-json\/wp\/v2\/comments?post=926"}],"version-history":[{"count":3,"href":"https:\/\/asrp-systems.com\/hu\/index.php\/wp-json\/wp\/v2\/pages\/926\/revisions"}],"predecessor-version":[{"id":1040,"href":"https:\/\/asrp-systems.com\/hu\/index.php\/wp-json\/wp\/v2\/pages\/926\/revisions\/1040"}],"wp:attachment":[{"href":"https:\/\/asrp-systems.com\/hu\/index.php\/wp-json\/wp\/v2\/media?parent=926"}],"curies":[{"name":"wp","href":"https:\/\/api.w.org\/{rel}","templated":true}]}}