{"id":917,"date":"2021-07-29T06:29:13","date_gmt":"2021-07-29T05:29:13","guid":{"rendered":"https:\/\/asrp-systems.com\/index.php\/rolunk\/"},"modified":"2025-07-04T15:29:12","modified_gmt":"2025-07-04T14:29:12","slug":"rolunk","status":"publish","type":"page","link":"https:\/\/asrp-systems.com\/hu\/index.php\/rolunk\/","title":{"rendered":"R\u00f3lunk"},"content":{"rendered":"<p>[et_pb_section fb_built=&#8221;1&#8243; _builder_version=&#8221;4.27.0&#8243; _module_preset=&#8221;default&#8221; background_color=&#8221;#f0f0f0&#8243; custom_padding=&#8221;0vw||1vw||false|false&#8221; global_colors_info=&#8221;{}&#8221;][et_pb_row _builder_version=&#8221;4.16&#8243; _module_preset=&#8221;default&#8221; custom_padding=&#8221;||0px|||&#8221; global_colors_info=&#8221;{}&#8221;][et_pb_column type=&#8221;4_4&#8243; _builder_version=&#8221;4.16&#8243; _module_preset=&#8221;default&#8221; global_colors_info=&#8221;{}&#8221;][et_pb_text _builder_version=&#8221;4.24.0&#8243; _module_preset=&#8221;default&#8221; text_text_color=&#8221;#00171f&#8221; text_font_size=&#8221;16px&#8221; text_line_height=&#8221;1.2em&#8221; header_font=&#8221;|600|||||||&#8221; header_text_align=&#8221;left&#8221; header_text_color=&#8221;#00171f&#8221; header_line_height=&#8221;1.2em&#8221; custom_margin=&#8221;-10px||||false|false&#8221; custom_padding=&#8221;0vw||0vw||true|false&#8221; global_colors_info=&#8221;{}&#8221;]<\/p>\n<h1>T\u00f6rt\u00e9net\u00fcnk<\/h1>\n<p style=\"text-align: justify;\"><span>Az ASRP-Systems Ltd. 2021-ben alakult Magyarorsz\u00e1gon, hogy professzion\u00e1lis m\u00e9rn\u00f6ki szolg\u00e1ltat\u00e1sokat ny\u00fajtson vil\u00e1gszerte, els\u0151sorban az aut\u00f3iparban \u00e9s az ipari automatiz\u00e1l\u00e1si szektorban.<\/span><\/p>\n<p style=\"text-align: justify;\"><span>Szenved\u00e9ly\u00fcnk a nemzetk\u00f6zi szabv\u00e1nyoknak (IEC 61508, ISO 26262, ISO 13849 stb.) megfelel\u0151 kiv\u00e1l\u00f3 min\u0151s\u00e9g\u0171, fejlett programozhat\u00f3 elektronikus rendszerek tervez\u00e9se \u00e9s \u00e9p\u00edt\u00e9se olyan alkalmaz\u00e1sokhoz, amelyekben a funkcion\u00e1lis biztons\u00e1g, a megb\u00edzhat\u00f3s\u00e1g, a rendelkez\u00e9sre \u00e1ll\u00e1s, a karbantarthat\u00f3s\u00e1g, valamint a be\u00e1gyazott kiberbiztons\u00e1g rendk\u00edv\u00fcl fontos.<\/span><\/p>\n<p>[\/et_pb_text][\/et_pb_column][\/et_pb_row][\/et_pb_section][et_pb_section fb_built=&#8221;1&#8243; _builder_version=&#8221;4.27.0&#8243; _module_preset=&#8221;default&#8221; background_enable_color=&#8221;off&#8221; custom_padding=&#8221;0vw||0vw||true|false&#8221; global_colors_info=&#8221;{}&#8221;][et_pb_row _builder_version=&#8221;4.21.0&#8243; _module_preset=&#8221;default&#8221; custom_padding=&#8221;1vw||1vw||true|false&#8221; global_colors_info=&#8221;{}&#8221;][et_pb_column type=&#8221;4_4&#8243; _builder_version=&#8221;4.21.0&#8243; _module_preset=&#8221;default&#8221; global_colors_info=&#8221;{}&#8221;][et_pb_text _builder_version=&#8221;4.23.1&#8243; _module_preset=&#8221;default&#8221; header_2_font=&#8221;|600|||||||&#8221; header_2_text_color=&#8221;#00171f&#8221; header_2_font_size=&#8221;30px&#8221; header_2_line_height=&#8221;1.2em&#8221; global_colors_info=&#8221;{}&#8221;]<\/p>\n<h2>Ki \u00e1ll az ASRP-Systems m\u00f6g\u00f6tt?<\/h2>\n<p>[\/et_pb_text][\/et_pb_column][\/et_pb_row][\/et_pb_section][et_pb_section fb_built=&#8221;1&#8243; _builder_version=&#8221;4.27.0&#8243; _module_preset=&#8221;default&#8221; background_enable_color=&#8221;off&#8221; global_colors_info=&#8221;{}&#8221;][et_pb_row make_equal=&#8221;on&#8221; _builder_version=&#8221;4.23.4&#8243; _module_preset=&#8221;default&#8221; custom_padding=&#8221;0vw||1vw||false|false&#8221; global_colors_info=&#8221;{}&#8221;][et_pb_column type=&#8221;4_4&#8243; _builder_version=&#8221;4.21.0&#8243; _module_preset=&#8221;default&#8221; global_colors_info=&#8221;{}&#8221;][et_pb_team_member name=&#8221;G\u00f6nczi Attila&#8221; position=&#8221;\u00dcgyvezet\u0151 \u00e9s c\u00e9galap\u00edt\u00f3&#8221; image_url=&#8221;https:\/\/asrp-systems.com\/wp-content\/uploads\/2024\/02\/profil_ag.jpg&#8221; _builder_version=&#8221;4.27.4&#8243; _module_preset=&#8221;default&#8221; header_font=&#8221;|700|||||||&#8221; header_text_color=&#8221;#00171f&#8221; header_line_height=&#8221;1.2em&#8221; body_text_color=&#8221;#00171f&#8221; body_font_size=&#8221;16px&#8221; body_line_height=&#8221;1.2em&#8221; position_font=&#8221;|600|on||||||&#8221; position_text_align=&#8221;left&#8221; position_text_color=&#8221;#000000&#8243; position_font_size=&#8221;16px&#8221; position_line_height=&#8221;1.4em&#8221; min_height=&#8221;209px&#8221; custom_padding=&#8221;||0px|||&#8221; child_filter_brightness=&#8221;110%&#8221; child_filter_contrast=&#8221;110%&#8221; hover_enabled=&#8221;0&#8243; custom_css_member_image=&#8221;width: 17%;||height: auto;&#8221; box_shadow_style_image=&#8221;preset1&#8243; box_shadow_horizontal_image=&#8221;6px&#8221; box_shadow_vertical_image=&#8221;6px&#8221; box_shadow_color_image=&#8221;#8f8f8f&#8221; global_colors_info=&#8221;{}&#8221; sticky_enabled=&#8221;0&#8243;]<\/p>\n<p>Attila 18 \u00e9ves szakmai tapasztalattal rendelkezik, amelyb\u0151l 12 \u00e9vet N\u00e9metorsz\u00e1gban t\u00f6lt\u00f6tt az aut\u00f3iparban \u00e9s az ipari automatiz\u00e1l\u00e1si szektorban hardvertervez\u0151 m\u00e9rn\u00f6kk\u00e9nt, funkcion\u00e1lis biztons\u00e1gi m\u00e9rn\u00f6kk\u00e9nt (a T\u00dcV Rheinland min\u0151s\u00edt\u00e9s\u00e9vel), majd funkcion\u00e1lis biztons\u00e1gi tan\u00e1csad\u00f3k\u00e9nt.<\/p>\n<p>Villamosm\u00e9rn\u00f6ki diplom\u00e1j\u00e1t a Budapesti M\u0171szaki F\u0151iskol\u00e1n (ma \u00d3budai Egyetem) m\u0171szertechnika \u00e9s automatiz\u00e1l\u00e1s szakir\u00e1nyon, M.Sc. fokozat\u00e1t pedig a n\u00e9metorsz\u00e1gi Hochschule Furtwangen University-n\u00a0 mikrorendszerek szakir\u00e1nyon szerezte.<\/p>\n<p>Attila t\u00f6bb mint 11 \u00e9ve dolgozik a biztons\u00e1gkritikus elektronika \u00e9s programozhat\u00f3 elektronikai rendszerek ter\u00fclet\u00e9n. Funkcion\u00e1lis biztons\u00e1gi tan\u00e1csad\u00f3k\u00e9nt sz\u00e1mos v\u00e1llalatnak seg\u00edtett biztons\u00e1gi rendszerek sikeres\u00a0 fejleszt\u00e9s\u00e9ben, tesztel\u00e9s\u00e9ben \u00e9s tan\u00fas\u00edt\u00e1s\u00e1ban.<\/p>\n<p>[\/et_pb_team_member][\/et_pb_column][\/et_pb_row][\/et_pb_section][et_pb_section fb_built=&#8221;1&#8243; _builder_version=&#8221;4.27.0&#8243; _module_preset=&#8221;default&#8221; background_color=&#8221;#f0f0f0&#8243; custom_padding=&#8221;1vw||1vw||true|false&#8221; global_colors_info=&#8221;{}&#8221;][et_pb_row _builder_version=&#8221;4.16&#8243; _module_preset=&#8221;default&#8221; global_colors_info=&#8221;{}&#8221;][et_pb_column type=&#8221;4_4&#8243; _builder_version=&#8221;4.16&#8243; _module_preset=&#8221;default&#8221; global_colors_info=&#8221;{}&#8221;][et_pb_text _builder_version=&#8221;4.24.0&#8243; _module_preset=&#8221;default&#8221; text_text_color=&#8221;#00171f&#8221; text_font_size=&#8221;16px&#8221; text_line_height=&#8221;1.2em&#8221; header_3_font=&#8221;|600|||||||&#8221; header_3_text_color=&#8221;#00171f&#8221; header_3_font_size=&#8221;30px&#8221; header_3_line_height=&#8221;1.2em&#8221; custom_margin=&#8221;-10px||||false|false&#8221; custom_padding=&#8221;0vw||0vw||true|false&#8221; global_colors_info=&#8221;{}&#8221;]<\/p>\n<h3>Kinek dolgozunk?<\/h3>\n<p>\u00dcgyfeleink els\u0151sorban az aut\u00f3ipari \u00e9s ipari automatiz\u00e1l\u00e1si szektorb\u00f3l ker\u00fclnek ki.<\/p>\n<p>Eddig a k\u00f6vetkez\u0151 helyeken t\u00e1mogattunk projekteket:<\/p>\n<ul>\n<li>Ausztr\u00e1lia<\/li>\n<li>Ausztria<\/li>\n<li>N\u00e9metorsz\u00e1g<\/li>\n<li>\u00cdrorsz\u00e1g<\/li>\n<li>Olaszorsz\u00e1g<\/li>\n<li>Spanyolorsz\u00e1g<\/li>\n<li>Egyes\u00fclt Kir\u00e1lys\u00e1g<\/li>\n<li>Amerikai Egyes\u00fclt \u00c1llamok<\/li>\n<\/ul>\n<p>Mi k\u00e9szen \u00e1llunk az \u00d6n k\u00f6vetkez\u0151 biztons\u00e1gi term\u00e9k\u00e9nek tervez\u00e9s\u00e9re. \u00c9s \u00d6n?<\/p>\n<p>[\/et_pb_text][et_pb_button button_url=&#8221;https:\/\/asrp-systems.com\/hu\/index.php\/kapcsolat\/&#8221; button_text=&#8221;KAPCSOLAT&#8221; button_alignment=&#8221;left&#8221; _builder_version=&#8221;4.27.0&#8243; _module_preset=&#8221;default&#8221; custom_button=&#8221;on&#8221; button_text_size=&#8221;18px&#8221; button_text_color=&#8221;#FFFFFF&#8221; button_bg_color=&#8221;#ee960a&#8221; button_border_width=&#8221;0px&#8221; button_border_color=&#8221;#00171f&#8221; button_border_radius=&#8221;3px&#8221; button_font=&#8221;|700||on|||||&#8221; button_icon_color=&#8221;#00171f&#8221; custom_margin=&#8221;-10px||-10px||true|false&#8221; custom_padding=&#8221;||||true|false&#8221; box_shadow_style=&#8221;preset1&#8243; global_colors_info=&#8221;{}&#8221;][\/et_pb_button][\/et_pb_column][\/et_pb_row][\/et_pb_section]<\/p>\n","protected":false},"excerpt":{"rendered":"<p>T\u00f6rt\u00e9net\u00fcnk Az ASRP-Systems Ltd. 2021-ben alakult Magyarorsz\u00e1gon, hogy professzion\u00e1lis m\u00e9rn\u00f6ki szolg\u00e1ltat\u00e1sokat ny\u00fajtson vil\u00e1gszerte, els\u0151sorban az aut\u00f3iparban \u00e9s az ipari automatiz\u00e1l\u00e1si szektorban. Szenved\u00e9ly\u00fcnk a nemzetk\u00f6zi szabv\u00e1nyoknak (IEC 61508, ISO 26262, ISO 13849 stb.) megfelel\u0151 kiv\u00e1l\u00f3 min\u0151s\u00e9g\u0171, fejlett programozhat\u00f3 elektronikus rendszerek tervez\u00e9se \u00e9s \u00e9p\u00edt\u00e9se olyan alkalmaz\u00e1sokhoz, amelyekben a funkcion\u00e1lis biztons\u00e1g, a megb\u00edzhat\u00f3s\u00e1g, a rendelkez\u00e9sre \u00e1ll\u00e1s, a karbantarthat\u00f3s\u00e1g, [&hellip;]<\/p>\n","protected":false},"author":1,"featured_media":0,"parent":0,"menu_order":0,"comment_status":"closed","ping_status":"closed","template":"","meta":{"_et_pb_use_builder":"on","_et_pb_old_content":"","_et_gb_content_width":"","footnotes":""},"class_list":["post-917","page","type-page","status-publish","hentry"],"aioseo_notices":[],"_links":{"self":[{"href":"https:\/\/asrp-systems.com\/hu\/index.php\/wp-json\/wp\/v2\/pages\/917","targetHints":{"allow":["GET"]}}],"collection":[{"href":"https:\/\/asrp-systems.com\/hu\/index.php\/wp-json\/wp\/v2\/pages"}],"about":[{"href":"https:\/\/asrp-systems.com\/hu\/index.php\/wp-json\/wp\/v2\/types\/page"}],"author":[{"embeddable":true,"href":"https:\/\/asrp-systems.com\/hu\/index.php\/wp-json\/wp\/v2\/users\/1"}],"replies":[{"embeddable":true,"href":"https:\/\/asrp-systems.com\/hu\/index.php\/wp-json\/wp\/v2\/comments?post=917"}],"version-history":[{"count":10,"href":"https:\/\/asrp-systems.com\/hu\/index.php\/wp-json\/wp\/v2\/pages\/917\/revisions"}],"predecessor-version":[{"id":1409,"href":"https:\/\/asrp-systems.com\/hu\/index.php\/wp-json\/wp\/v2\/pages\/917\/revisions\/1409"}],"wp:attachment":[{"href":"https:\/\/asrp-systems.com\/hu\/index.php\/wp-json\/wp\/v2\/media?parent=917"}],"curies":[{"name":"wp","href":"https:\/\/api.w.org\/{rel}","templated":true}]}}