{"id":1347,"date":"2025-03-27T09:45:38","date_gmt":"2025-03-27T08:45:38","guid":{"rendered":"https:\/\/asrp-systems.com\/?page_id=1347"},"modified":"2025-03-27T11:07:54","modified_gmt":"2025-03-27T10:07:54","slug":"tanusitvanyok","status":"publish","type":"page","link":"https:\/\/asrp-systems.com\/hu\/index.php\/tanusitvanyok\/","title":{"rendered":"Tan\u00fas\u00edtv\u00e1nyok"},"content":{"rendered":"<p>[et_pb_section fb_built=&#8221;1&#8243; _builder_version=&#8221;4.16&#8243; _module_preset=&#8221;default&#8221; global_colors_info=&#8221;{}&#8221;][et_pb_row _builder_version=&#8221;4.16&#8243; _module_preset=&#8221;default&#8221; global_colors_info=&#8221;{}&#8221;][et_pb_column type=&#8221;4_4&#8243; _builder_version=&#8221;4.16&#8243; _module_preset=&#8221;default&#8221; global_colors_info=&#8221;{}&#8221;][et_pb_text _builder_version=&#8221;4.27.4&#8243; _module_preset=&#8221;default&#8221; text_text_color=&#8221;#00171f&#8221; text_font_size=&#8221;20px&#8221; text_line_height=&#8221;1.2em&#8221; header_4_font=&#8221;|700|||||||&#8221; header_4_text_color=&#8221;#00171f&#8221; header_4_font_size=&#8221;25px&#8221; header_4_line_height=&#8221;1.4em&#8221; custom_padding=&#8221;0vw||0vw||true|false&#8221; hover_enabled=&#8221;0&#8243; global_colors_info=&#8221;{}&#8221; sticky_enabled=&#8221;0&#8243;]<\/p>\n<h4>Tan\u00fas\u00edtv\u00e1nyok<\/h4>\n<ul>\n<li style=\"text-align: justify;\"><a href=\"https:\/\/asrp-systems.com\/wp-content\/uploads\/2025\/03\/IQNET-ASRP-MIR.pdf\">IQNET Tan\u00fas\u00edtv\u00e1ny (ISO 9001:2015)<\/a><\/li>\n<li style=\"text-align: justify;\"><a href=\"https:\/\/asrp-systems.com\/wp-content\/uploads\/2025\/03\/IQNET-ASRP-IBIR.pdf\">IQNET Tan\u00fas\u00edtv\u00e1ny (ISO\/IEC 27001:2022)<\/a><\/li>\n<li style=\"text-align: justify;\"><a href=\"https:\/\/asrp-systems.com\/wp-content\/uploads\/2025\/03\/MSZT-ASRP-MIR.pdf\">MSZT Tan\u00fas\u00edtv\u00e1ny (MSZ EN ISO 9001:2015)<\/a><\/li>\n<li style=\"text-align: justify;\"><a href=\"https:\/\/asrp-systems.com\/wp-content\/uploads\/2025\/03\/MSZT-ASRP-IBIR.pdf\">MSZT Tan\u00fas\u00edtv\u00e1ny (MSZ ISO\/IEC 27001:2023)<\/a><\/li>\n<\/ul>\n<p style=\"text-align: justify;\">[\/et_pb_text][\/et_pb_column][\/et_pb_row][\/et_pb_section]<\/p>\n","protected":false},"excerpt":{"rendered":"<p>Tan\u00fas\u00edtv\u00e1nyok IQNET Tan\u00fas\u00edtv\u00e1ny (ISO 9001:2015) IQNET Tan\u00fas\u00edtv\u00e1ny (ISO\/IEC 27001:2022) MSZT Tan\u00fas\u00edtv\u00e1ny (MSZ EN ISO 9001:2015) MSZT Tan\u00fas\u00edtv\u00e1ny (MSZ ISO\/IEC 27001:2023)<\/p>\n","protected":false},"author":1,"featured_media":0,"parent":0,"menu_order":0,"comment_status":"closed","ping_status":"closed","template":"","meta":{"_et_pb_use_builder":"on","_et_pb_old_content":"","_et_gb_content_width":"","footnotes":""},"class_list":["post-1347","page","type-page","status-publish","hentry"],"aioseo_notices":[],"_links":{"self":[{"href":"https:\/\/asrp-systems.com\/hu\/index.php\/wp-json\/wp\/v2\/pages\/1347","targetHints":{"allow":["GET"]}}],"collection":[{"href":"https:\/\/asrp-systems.com\/hu\/index.php\/wp-json\/wp\/v2\/pages"}],"about":[{"href":"https:\/\/asrp-systems.com\/hu\/index.php\/wp-json\/wp\/v2\/types\/page"}],"author":[{"embeddable":true,"href":"https:\/\/asrp-systems.com\/hu\/index.php\/wp-json\/wp\/v2\/users\/1"}],"replies":[{"embeddable":true,"href":"https:\/\/asrp-systems.com\/hu\/index.php\/wp-json\/wp\/v2\/comments?post=1347"}],"version-history":[{"count":10,"href":"https:\/\/asrp-systems.com\/hu\/index.php\/wp-json\/wp\/v2\/pages\/1347\/revisions"}],"predecessor-version":[{"id":1359,"href":"https:\/\/asrp-systems.com\/hu\/index.php\/wp-json\/wp\/v2\/pages\/1347\/revisions\/1359"}],"wp:attachment":[{"href":"https:\/\/asrp-systems.com\/hu\/index.php\/wp-json\/wp\/v2\/media?parent=1347"}],"curies":[{"name":"wp","href":"https:\/\/api.w.org\/{rel}","templated":true}]}}