{"id":1340,"date":"2025-03-27T09:42:52","date_gmt":"2025-03-27T08:42:52","guid":{"rendered":"https:\/\/asrp-systems.com\/?page_id=1340"},"modified":"2025-03-27T11:40:21","modified_gmt":"2025-03-27T10:40:21","slug":"vallalati-politika","status":"publish","type":"page","link":"https:\/\/asrp-systems.com\/hu\/index.php\/vallalati-politika\/","title":{"rendered":"V\u00e1llalati politika"},"content":{"rendered":"<p>[et_pb_section fb_built=&#8221;1&#8243; _builder_version=&#8221;4.16&#8243; _module_preset=&#8221;default&#8221; global_colors_info=&#8221;{}&#8221;][et_pb_row _builder_version=&#8221;4.16&#8243; _module_preset=&#8221;default&#8221; global_colors_info=&#8221;{}&#8221;][et_pb_column type=&#8221;4_4&#8243; _builder_version=&#8221;4.16&#8243; _module_preset=&#8221;default&#8221; global_colors_info=&#8221;{}&#8221;][et_pb_text _builder_version=&#8221;4.27.4&#8243; _module_preset=&#8221;default&#8221; text_text_color=&#8221;#00171f&#8221; text_font_size=&#8221;16px&#8221; text_line_height=&#8221;1.2em&#8221; header_4_font=&#8221;|700|||||||&#8221; header_4_text_color=&#8221;#00171f&#8221; header_4_font_size=&#8221;25px&#8221; header_4_line_height=&#8221;1.4em&#8221; header_5_font=&#8221;|600|||||||&#8221; header_5_font_size=&#8221;18px&#8221; custom_padding=&#8221;0vw||0vw||true|false&#8221; hover_enabled=&#8221;0&#8243; global_colors_info=&#8221;{}&#8221; sticky_enabled=&#8221;0&#8243;]<\/p>\n<h4>V\u00e1llalati politika<\/h4>\n<h5 style=\"text-align: justify;\">Integr\u00e1lt Ir\u00e1ny\u00edt\u00e1si Rendszer Politika<\/h5>\n<p style=\"text-align: justify;\">Jelen v\u00e1llalati politika \u00e9s az arra \u00e9p\u00fcl\u0151 keretrendszer megval\u00f3s\u00edt\u00e1s\u00e1val az ASRP-Systems Kft. Integr\u00e1lt ir\u00e1ny\u00edt\u00e1si rendszert tart fenn, amelyet \u00fagy alak\u00edtott ki, hogy megfeleljen az ISO 9001 \u00e9s az ISO\/IEC 27001 szabv\u00e1nyok k\u00f6vetelm\u00e9nyeinek. A min\u0151s\u00e9g \u00e9s inform\u00e1ci\u00f3biztons\u00e1g szervezet\u00fcnk sikere, valamint hossz\u00fa t\u00e1v\u00fa fenntarthat\u00f3s\u00e1gunk \u00e9s j\u00f6vedelmez\u0151 m\u0171k\u00f6d\u00e9s\u00fcnk szempontj\u00e1b\u00f3l rendk\u00edv\u00fcl fontos.<\/p>\n<p style=\"text-align: justify;\">Az ASRP-Systems Kft. m\u0171k\u00f6d\u00e9s\u00e9nek minden f\u00e1zis\u00e1ban a min\u0151s\u00e9gi \u00e9s inform\u00e1ci\u00f3biztons\u00e1gi szabv\u00e1nyoknak val\u00f3 megfelel\u00e9st \u00e9r el. Ezt az elk\u00f6telezetts\u00e9g\u00e9t a k\u00f6vetkez\u0151kkel igazolja:<\/p>\n<ul style=\"text-align: justify;\">\n<li style=\"text-align: justify;\">Olyan &#8211; magasan k\u00e9pzett munkav\u00e1llal\u00f3k \u00e1ltal k\u00f6vtkezetesen v\u00e9grehajtott &#8211; folyamatok, melyek minden alkalommal az elv\u00e1rt eredm\u00e9nyeket hozz\u00e1k. Vezet\u0151s\u00e9g\u00fcnk elk\u00f6telezett a folyamatos fejleszt\u00e9s \u00e9s innov\u00e1ci\u00f3 ir\u00e1nt, az \u00fcgyfelek ig\u00e9nyeinek val\u00f3 jobb megfelel\u00e9s \u00e9rdek\u00e9ben.<\/li>\n<li style=\"text-align: justify;\">A sz\u00fcks\u00e9ges er\u0151forr\u00e1s biztos\u00edt\u00e1sa az Integr\u00e1lt Ir\u00e1ny\u00edt\u00e1si Rendszer c\u00e9ljainak el\u00e9r\u00e9s\u00e9hez, valamint az alkalmazottak n\u00e9lk\u00fcl\u00f6zhetetlen k\u00e9pz\u00e9se az Integr\u00e1lt Ir\u00e1ny\u00edt\u00e1si Rendszer folyamataihoz \u00e9s elj\u00e1r\u00e1saihoz val\u00f3 hozz\u00e1j\u00e1rul\u00e1s biztos\u00edt\u00e1sa \u00e9rdek\u00e9ben.<\/li>\n<li style=\"text-align: justify;\">A rendszer folyamatos fejleszt\u00e9s\u00e9nek t\u00e1mogat\u00e1sa.<\/li>\n<li style=\"text-align: justify;\">Tisztess\u00e9g \u00e9s professzionalizmus.<\/li>\n<li style=\"text-align: justify;\">A v\u00e1llalkoz\u00e1s, az \u00e9rintettek, az el\u0151\u00edr\u00e1sok \u00e9s jogszab\u00e1lyok, valamint az \u00fcgyfelek min\u0151s\u00e9gi \u00e9s inform\u00e1ci\u00f3biztons\u00e1gi k\u00f6vetelm\u00e9nyeinek val\u00f3 megfelel\u00e9s.<\/li>\n<li style=\"text-align: justify;\">Az \u00f6sszes inform\u00e1ci\u00f3 v\u00e9delme, form\u00e1t\u00f3l f\u00fcggetlen\u00fcl (pap\u00edr alap\u00fa, felh\u0151 alap\u00fa, digit\u00e1lisan rendelkez\u00e9sre \u00e1ll\u00f3 adat).<\/li>\n<li style=\"text-align: justify;\">A v\u00e1ltoz\u00f3 biztons\u00e1gi kock\u00e1zatokra val\u00f3 reag\u00e1l\u00e1s kock\u00e1zat\u00e9rt\u00e9kel\u00e9si m\u00f3dszerek alkalmaz\u00e1s\u00e1val.<\/li>\n<li style=\"text-align: justify;\">Az olyan eszk\u00f6z\u00f6k, mint a p\u00e9nz\u00fcgyi kimutat\u00e1sok, a szellemi tulajdon, a munkav\u00e1llal\u00f3k adatai \u00e9s a harmadik felek \u00e1ltal \u00e1tadott inform\u00e1ci\u00f3k s\u00e9tetlens\u00e9g\u00e9nek, bizalmass\u00e1g\u00e1nak \u00e9s sz\u00fcks\u00e9g szerint rendelkez\u00e9sre \u00e1ll\u00e1s\u00e1nak biztos\u00edt\u00e1sa.<\/li>\n<\/ul>\n<p style=\"text-align: justify;\">Az ASRP-Sytems Kft. gondoskodik a folyamatos fejleszt\u00e9sr\u0151l, ennek megfelel\u0151en rendszeresen ellen\u0151rzi Integr\u00e1lt Ir\u00e1ny\u00edt\u00e1si Rendszer\u00e9nek hat\u00e9konys\u00e1g\u00e1t \u00e9s eredm\u00e9nyess\u00e9g\u00e9t, melyhez a projektekben szerzett tapasztalatokat is felhaszn\u00e1lja.<\/p>\n<p style=\"text-align: justify;\">Kecskem\u00e9t, 2024.09.01.<\/p>\n<p style=\"text-align: justify;\">\n<p style=\"text-align: justify;\">G\u00f6nczi Attila<\/p>\n<p style=\"text-align: justify;\">\u00dcgyvezet\u0151<\/p>\n<p style=\"text-align: justify;\">ASRP-Systems Kft.<\/p>\n<p>[\/et_pb_text][\/et_pb_column][\/et_pb_row][\/et_pb_section]<\/p>\n","protected":false},"excerpt":{"rendered":"<p>V\u00e1llalati politika Integr\u00e1lt Ir\u00e1ny\u00edt\u00e1si Rendszer Politika Jelen v\u00e1llalati politika \u00e9s az arra \u00e9p\u00fcl\u0151 keretrendszer megval\u00f3s\u00edt\u00e1s\u00e1val az ASRP-Systems Kft. Integr\u00e1lt ir\u00e1ny\u00edt\u00e1si rendszert tart fenn, amelyet \u00fagy alak\u00edtott ki, hogy megfeleljen az ISO 9001 \u00e9s az ISO\/IEC 27001 szabv\u00e1nyok k\u00f6vetelm\u00e9nyeinek. A min\u0151s\u00e9g \u00e9s inform\u00e1ci\u00f3biztons\u00e1g szervezet\u00fcnk sikere, valamint hossz\u00fa t\u00e1v\u00fa fenntarthat\u00f3s\u00e1gunk \u00e9s j\u00f6vedelmez\u0151 m\u0171k\u00f6d\u00e9s\u00fcnk szempontj\u00e1b\u00f3l rendk\u00edv\u00fcl fontos. Az [&hellip;]<\/p>\n","protected":false},"author":1,"featured_media":0,"parent":0,"menu_order":0,"comment_status":"closed","ping_status":"closed","template":"","meta":{"_et_pb_use_builder":"on","_et_pb_old_content":"","_et_gb_content_width":"","footnotes":""},"class_list":["post-1340","page","type-page","status-publish","hentry"],"aioseo_notices":[],"_links":{"self":[{"href":"https:\/\/asrp-systems.com\/hu\/index.php\/wp-json\/wp\/v2\/pages\/1340","targetHints":{"allow":["GET"]}}],"collection":[{"href":"https:\/\/asrp-systems.com\/hu\/index.php\/wp-json\/wp\/v2\/pages"}],"about":[{"href":"https:\/\/asrp-systems.com\/hu\/index.php\/wp-json\/wp\/v2\/types\/page"}],"author":[{"embeddable":true,"href":"https:\/\/asrp-systems.com\/hu\/index.php\/wp-json\/wp\/v2\/users\/1"}],"replies":[{"embeddable":true,"href":"https:\/\/asrp-systems.com\/hu\/index.php\/wp-json\/wp\/v2\/comments?post=1340"}],"version-history":[{"count":8,"href":"https:\/\/asrp-systems.com\/hu\/index.php\/wp-json\/wp\/v2\/pages\/1340\/revisions"}],"predecessor-version":[{"id":1384,"href":"https:\/\/asrp-systems.com\/hu\/index.php\/wp-json\/wp\/v2\/pages\/1340\/revisions\/1384"}],"wp:attachment":[{"href":"https:\/\/asrp-systems.com\/hu\/index.php\/wp-json\/wp\/v2\/media?parent=1340"}],"curies":[{"name":"wp","href":"https:\/\/api.w.org\/{rel}","templated":true}]}}