{"id":866,"date":"2021-07-27T14:28:05","date_gmt":"2021-07-27T13:28:05","guid":{"rendered":"https:\/\/asrp-systems.com\/index.php\/datenschutzerklaerung\/"},"modified":"2024-02-22T10:58:12","modified_gmt":"2024-02-22T09:58:12","slug":"datenschutzerklaerung","status":"publish","type":"page","link":"https:\/\/asrp-systems.com\/de\/index.php\/datenschutzerklaerung\/","title":{"rendered":"Datenschutzerkl\u00e4rung"},"content":{"rendered":"<p>[et_pb_section fb_built=&#8220;1&#8243; _builder_version=&#8220;4.21.0&#8243; _module_preset=&#8220;default&#8220; custom_padding=&#8220;||1vw||false|false&#8220; global_colors_info=&#8220;{}&#8220;][et_pb_row _builder_version=&#8220;4.16&#8243; _module_preset=&#8220;default&#8220; global_colors_info=&#8220;{}&#8220;][et_pb_column type=&#8220;4_4&#8243; _builder_version=&#8220;4.16&#8243; _module_preset=&#8220;default&#8220; global_colors_info=&#8220;{}&#8220;][et_pb_text _builder_version=&#8220;4.24.0&#8243; _module_preset=&#8220;default&#8220; text_text_color=&#8220;#00171f&#8220; text_font_size=&#8220;16px&#8220; text_line_height=&#8220;1.2em&#8220; header_text_color=&#8220;#00171f&#8220; header_font_size=&#8220;25px&#8220; header_4_font=&#8220;|700|||||||&#8220; header_4_text_color=&#8220;#00171f&#8220; header_4_font_size=&#8220;25px&#8220; header_4_line_height=&#8220;1.4em&#8220; custom_margin=&#8220;0px||||false|false&#8220; custom_padding=&#8220;0vw||0vw||true|false&#8220; hover_enabled=&#8220;0&#8243; global_colors_info=&#8220;{}&#8220; sticky_enabled=&#8220;0&#8243;]<\/p>\n<h4>Datenschutzerkl\u00e4rung<\/h4>\n<p>&nbsp;<\/p>\n<div class=\"et_pb_module et_pb_text et_pb_text_12 et_pb_text_align_left et_pb_bg_layout_light\">\n<div class=\"et_pb_text_inner\">\n<h1>1. Generelle Richtlinien<\/h1>\n<p style=\"text-align: justify;\">Datenschutz ist f\u00fcr ASRP-Systems Kft. sehr wichtig. Die Nutzung der Internetseiten ist ohne Angabe personenbezogener Daten m\u00f6glich. Sofern Sie die Dienstleistungen des Unternehmens \u00fcber unsere Internetseite in Anspruch nehmen m\u00f6chten, k\u00f6nnte jedoch eine Verarbeitung personenbezogener Daten erforderlich werden. In jedem Fall muss der Umgang mit personenbezogenem Daten \u2013 wie Name, E-Mail-Addresse oder Telefonnummer der betroffenen Person \u2013 im Einklang mit der Datenschutz-Grundverordnung (DSGVO) sowie den landesspezifischen Datenschutzbestimmungen erfolgen.<\/p>\n<p style=\"text-align: justify;\">Mit dieser Datenschutzerkl\u00e4rung m\u00f6chte unser Unternehmen Sie \u00fcber den Zweck der von uns erhobenen, genutzten und verarbeiteten personenbezogenen Daten informieren.<\/p>\n<p style=\"text-align: justify;\">Als Verantwortlicher ist ASRP-Systems Kft. hat verschiedene technische und organisatorische Ma\u00dfnahmen umgesetzt, um den vollst\u00e4ndigen Schutz der \u00fcber die Internetseite verarbeiteten personenbezogenen Daten zu gew\u00e4hrleisten. Allerdings k\u00f6nnen internetbasierte Daten\u00fcbertragungen grunds\u00e4tzlich Sicherheitsl\u00fccken aufweisen, sodass ein absoluter Schutz nicht gew\u00e4hrleistet werden kann.<\/p>\n<h1>2. Definitionen<\/h1>\n<p style=\"text-align: justify;\">Um unsere Datenschutzerkl\u00e4rung f\u00fcr unsere Kunden, Gesch\u00e4ftspartner und Website-Besucher verst\u00e4ndlich zu machen, erl\u00e4utern wir Ihnen gerne die verwendeten Begrifflichkeiten. Die Begriffe in dieser Datenschutzerkl\u00e4rung basieren auf Begriffen, die in der Datenschutz-Grundverordnung (DSGVO) verwendet werden:<\/p>\n<p style=\"text-align: justify;\">2.1 Personenbezogenen Daten sind alle Informationen, die sich auf eine identifizierte oder identifizierbare nat\u00fcrliche Person (im Folgenden \u201ebetroffene Person\u201c) beziehen. Eine identifizierbare nat\u00fcrliche Person ist eine nat\u00fcrliche Person, die direkt oder indirekt, insbesondere anhand einer Kennung wie einem Namen, einer Kennnummer oder Standortdaten, identifiziert werden kann.<\/p>\n<p style=\"text-align: justify;\">2.2 Betroffene Person ist jede identifizierte oder identifizierbare nat\u00fcrliche Person, deren personenbezogene Daten, von dem f\u00fcr die Verarbeitung Verantwortlichen verarbeitet werden.<\/p>\n<p style=\"text-align: justify;\">2.3 Datenverarbeitung ist jeder mit oder ohne Hilfe automatisierter Vorgang oder jede solche Vorgangsreihe im Zusammenhang mit personenbezogenen Daten oder eine Reihe personenbezogenen Daten wie das Erheben, das Erfassen, die Organization, das Ordnen, die Speicherung, die Anpassung oder Ver\u00e4nderung, die Verwendung, die Offenlegung durch \u00dcbermittlung, Verbreitung oder andere Form der Bereitstellung, den Abgleich oder die Verkn\u00fcpfung, die Einschr\u00e4nkung, das L\u00f6schen oder die Vernichtung.<\/p>\n<p style=\"text-align: justify;\">2.4 Einschr\u00e4nkung der Verarbeitung ist die Markierung gespeicherter personenbezogener Daten mit dem Ziel, ihre k\u00fcnftige Verarbeitung einzuschr\u00e4nken.<\/p>\n<p style=\"text-align: justify;\">2.5 Verantwortlicher f\u00fcr die Verarbeitung ist die nat\u00fcrliche oder juristische Person, Beh\u00f6rde, Einrichtung oder andere Stelle, die allein oder gemeinsam mit anderen \u00fcber die Zwecke und Mittel der Verarbeitung von personenbezogenen Daten entscheidet. Wenn die Zwecke und Mittel dieser Verarbeitung durch das Recht der Europ\u00e4ischen Union oder eines Mitgliedsstaats bestimmt sind, so kann der Verantwortliche oder k\u00f6nnen die spezifischen Kriterien seiner Benennung nach dem Recht der Europ\u00e4ischen Union oder dem Recht eines Mitgliedstaats vorgesehen werden.<\/p>\n<p style=\"text-align: justify;\">2.6 Auftragsverarbeiter ist die nat\u00fcrliche oder juristische Person, Beh\u00f6rde, Einrichtung oder andere Stelle, die personenbezogene Daten im Auftrag des Verantwortlichen verarbeitet.<\/p>\n<p style=\"text-align: justify;\">2.7 Empf\u00e4nger ist die nat\u00fcrliche oder juristische Person, Beh\u00f6rde, Einrichtung oder andere Stelle, der personenbezogenen Daten \u00fcbermittelt werden, unabh\u00e4ngig davon, ob es sich bei ihr um einen Dritten handelt oder nicht. Beh\u00f6rden, die im Rahmen einer bestimmten Untersuchung im Einklang mit dem Recht der Europ\u00e4ischen Union oder der Mitgliedstaaten m\u00f6glicherweise personenbezogenen Daten erhalten, gelten jedoch nicht als Empf\u00e4nger; die Verarbeitung dieser Daten durch diese Beh\u00f6rden erfolgt im Einklang mit dem geltenden Datenschutzregeln entsprechend des Zweckes der Verarbeitung.<\/p>\n<p style=\"text-align: justify;\">2.8 Dritter ist eine nat\u00fcrliche oder juristische Person, Beh\u00f6rde, Einrichtung oder andere Stelle au\u00dfer der betroffenen Person, die unter der unmittelbaren Verantwortung der Verantwortlicher oder Auftragsverarbeiter befugt sind, personenbezogenen Daten zu verarbeiten.<\/p>\n<p style=\"text-align: justify;\">2.9 Eine Einwilligung der betroffenen Person ist jede von der betroffenen Person freiwillig f\u00fcr den bestimmten Fall, in informierter Weise und unmissverst\u00e4ndlich abgegebene Willensbekundung in Form einer Erkl\u00e4rung oder einer eindeutigen best\u00e4tigenden Handlung, mit der die betroffene Person zu verstehen gibt, dass sie mit der Verarbeitung der sie betreffenden personenbezogenen Daten einverstanden ist.<\/p>\n<h1>3. Name und Anschrift des Verantwortlichen, Name des Datenschutzbeauftragten<\/h1>\n<p style=\"text-align: justify;\">Verantwortlicher im Sinne der Datenschutz-Grundverordnung (DSGVO), sonstiger in den Mitgliedstaaten der Europ\u00e4ischen Union geltenden Datenschutzgesetze und anderer datenschutzrechtlicher Bestimmungen ist:<\/p>\n<p style=\"text-align: justify;\">Name: ASRP-Systems Kft.<\/p>\n<p style=\"text-align: justify;\">Adresse: Hark\u00e1ly utca 10., 6000 Kecskem\u00e9t, Ungarn<\/p>\n<p style=\"text-align: justify;\">E-Mail: info@asrp-systems.com<\/p>\n<p style=\"text-align: justify;\">Datenschutzbeauftragte: \u00c9va G\u00f6nczi-Papp<\/p>\n<p style=\"text-align: justify;\">Telefon: +36 (70) 597 4066<\/p>\n<p style=\"text-align: justify;\">Jeder Interessent (Betroffene) kann sich bei allen Fragen zum Datenschutz jederzeit direkt an unseren Datenschutzbeauftragten wenden.<\/p>\n<h1>4. Erfassung allgemeiner Daten und Informationen<\/h1>\n<p style=\"text-align: justify;\">Die Website von ASRP-Systems Kft. erfasst allgemeine Daten und Informationen, wenn eine betroffene Person oder ein automatisiertes System die Internetseite aufruft. Diese allgemeinen Daten und Informationen werden in Server-Logfiles gespeichert. Es k\u00f6nnen folgende Daten erfasst werden:<\/p>\n<p style=\"text-align: justify;\">a) die verwendeten Browsertypen und -versionen,<\/p>\n<p style=\"text-align: justify;\">b) das vom zugreifenden System verwendete Betriebssystem,<\/p>\n<p style=\"text-align: justify;\">c) die Website, von welcher ein zugreifendes System auf unsere Website gelangt (sogenannte Referrer),<\/p>\n<p style=\"text-align: justify;\">d) die Unterwebseiten<\/p>\n<p style=\"text-align: justify;\">e) das Datum und die Uhrzeit eines Zugriffs auf die Website,<\/p>\n<p style=\"text-align: justify;\">f) eine Internetprotokolladresse (IP-Adresse),<\/p>\n<p style=\"text-align: justify;\">g) der Internet-Service-Provider des zugreifenden Systems und<\/p>\n<p style=\"text-align: justify;\">h) sonstige \u00e4hnliche Daten und Informationen, die im Falle von Angriffen auf unsere informationstechnischen Systeme dienen.<\/p>\n<h1>5. Erhebung und Speicherung personenbezogener Daten (Art, Zweck und Verwendung)<\/h1>\n<p style=\"text-align: justify;\">5.1 Art der Daten: im Falle einer schriftlichen Angebotsanfrage werden folgende personenbezogene Daten erhoben:<\/p>\n<ul style=\"text-align: justify;\">\n<li>Vorname, Nachname<\/li>\n<li>Adresse<\/li>\n<li>E-Mail Adresse<\/li>\n<li>Telefonnummer<\/li>\n<li>Faxnummer (falls erforderlich)<\/li>\n<\/ul>\n<p style=\"text-align: justify;\">5.2 Dar\u00fcber hinaus werden alle weiteren Daten erhoben, die f\u00fcr die Aufnahme der Gesch\u00e4ftsbeziehung und die Vertragserf\u00fcllung erforderlich sind. Die Erhebung personenbezogener Daten erfolgt:<\/p>\n<ul style=\"text-align: justify;\">\n<li>Um einen Kunden zu identifizieren,<\/li>\n<li>Um eine angemessene Beratung zu gew\u00e4hrleisten,<\/li>\n<li>Zur Erf\u00fcllung vertraglicher Pflichten,<\/li>\n<li>F\u00fcr die Korrespondenz mit einem Kunden,<\/li>\n<li>Zur Rechnungserstellung (ggf. Mahnung verschicken).<\/li>\n<\/ul>\n<p style=\"text-align: justify;\">5.3 Die erhobenen personenbezogenen Daten werden bis zum Ablauf der gesetzlichen Aufbewahrungsfrist (8 Jahre ab Ende des Kalenderjahrs der Beendigung des Vertragsverh\u00e4ltnisses; kam es zu keinem Vertragsschluss auf das Angebot, betr\u00e4gt die Aufbewahrungsfrist 1 Jahr) gespeichert und dann gel\u00f6scht. Das gilt nicht, soweit wir aufgrund steuerrechtlicher oder sonstiger Aufbewahrungspflichten zu einer l\u00e4ngeren Speicherung verpflichtet sind oder Sie in eine dar\u00fcberhinausgehende Speicherung eingewilligt haben.<\/p>\n<p style=\"text-align: justify;\">5.4 Gesch\u00e4ftsbezogene Datenverarbeitung. Diese Daten werden dar\u00fcber hinaus f\u00fcr gesch\u00e4ftliche Zwecke verarbeitet:<\/p>\n<ul style=\"text-align: justify;\">\n<li>Vertragsdaten,<\/li>\n<li>Zahlungs- und Rechnungsdaten,<\/li>\n<li>Kontaktaufnahme mit unseren Kunden, Interessenten und Gesch\u00e4ftspartnern.<\/li>\n<\/ul>\n<p style=\"text-align: justify;\">5.5 Sicherheitsma\u00dfnahmen<\/p>\n<p style=\"text-align: justify;\">Unter Ber\u00fccksichtigung des Standes der Technik, des Implementierungsaufwand, sowie der Art, des Umfangs, der Umst\u00e4nde und des Zwecks der Datenverarbeitung werden wir geeignete technische und organisatorische Ma\u00dfnahmen ergreifen. Zu den Ma\u00dfnahmen geh\u00f6rt die Sicherstellung der Vertraulichkeit, Integrit\u00e4t und Verf\u00fcgbarkeit von Daten durch die Kontrolle des physischen Zugriffs auf Daten sowie deren Zugriff, Eingabe, Offenlegung, Verf\u00fcgbarkeit und Trennung.<\/p>\n<p style=\"text-align: justify;\">5.6 Verwendung von Cookies<\/p>\n<p style=\"text-align: justify;\">Die Website <a href=\"http:\/\/www.asrp-systems.com\/\">www.asrp-systems.com<\/a> verwendet Cookies. Ein Cookie ist eine kleine Textdatei, die auf Ihrem Computer gespeichert wird. Ein Cookie erm\u00f6glicht Ihrem Browser, Sie und Ihre letzten Einstellungen (z.B. Spracheinstellungen) auf der Website zu erkennen. Nutzer, die nicht m\u00f6chten, dass Cookies auf ihrem Rechner gespeichert werden, deaktivieren bitte diese Option in den Systemeinstellungen ihres Browsers. Auch bereits gespeicherte Cookies k\u00f6nnen in den Systemeinstellungen des Browsers gel\u00f6scht werden. Wir weisen Sie darauf hin, dass das Deaktivieren oder Ausschlie\u00dfen von Cookies den Betrieb dieser Website einschr\u00e4nken kann.<\/p>\n<p style=\"text-align: justify;\">5.7 Nutzung von Google Maps<\/p>\n<p style=\"text-align: justify;\">Unsere Website enth\u00e4lt ein Google Maps-Plugin, das von Google Inc. (1600 Amphitheatre Parkway, Mountain View, CA 94043 United States) betrieben ist. Weitere Informationen finden Sie in der Datenschutzerkl\u00e4rung von Google.<\/p>\n<h1>6. Routinem\u00e4\u00dfige L\u00f6schung und Sperrung personenbezogener Daten<\/h1>\n<p style=\"text-align: justify;\">Der f\u00fcr die Verarbeitung Verantwortliche verarbeitet und speichert personenbezogene Daten der betroffenen Person nur f\u00fcr den Zeitraum, der zur Erreichung des Speicherungszwecks erforderlich ist oder sofern dies durch den Europ\u00e4ischen Richtlinien- und Verordnungsgeber oder einen anderen Gesetzgeber in Gesetzen oder Vorschriften, welchen der f\u00fcr die Verarbeitung Verantwortliche unterliegt, vorgesehen wurde. Entf\u00e4llt der Speicherungszweck oder l\u00e4uft eine vom Europ\u00e4ischen Richtlinien- und Verordnungsgeber oder einem anderen zust\u00e4ndigen Gesetzgeber vorgeschriebene Speicherfrist ab, werden die personenbezogenen Daten routinem\u00e4\u00dfig und entsprechend den gesetzlichen Vorschriften gesperrt oder gel\u00f6scht.<\/p>\n<h1>7. Rechte der betroffenen Person<\/h1>\n<p style=\"text-align: justify;\">7.1 Recht auf Best\u00e4tigung: jede betroffene Person hat das vom Europ\u00e4ischen Richtlinien- und Verordnungsgeber gew\u00e4hrte Recht, von dem f\u00fcr die Verarbeitung Verantwortlichen eine Best\u00e4tigung dar\u00fcber zu verlangen, ob sie betreffende personenbezogene Daten verarbeitet werden. M\u00f6chte die betroffene Person dieses Best\u00e4tigungsrecht in Anspruch nehmen, kann sie sich hierzu jederzeit an einen Mitarbeiter des f\u00fcr die Verarbeitung Verantwortlichen wenden.<\/p>\n<p style=\"text-align: justify;\">7.2 Auskunftsrecht: jede betroffene Person hat das vom Europ\u00e4ischen Richtlinien- und Verordnungsgeber gew\u00e4hrte Recht, von dem f\u00fcr die Verarbeitung Verantwortlichen unentgeltliche Auskunft \u00fcber die zu seiner Person gespeicherten personenbezogenen Daten und eine Kopie dieser Auskunft zu erhalten. Dar\u00fcber hinaus gew\u00e4hren die Europ\u00e4ischen Richtlinien- und Verordnungen der betroffenen Person Zugriff auf folgende Informationen: der Zweck der Datenverarbeitung; die Empf\u00e4nger oder Kategorien von Empf\u00e4ngern, gegen\u00fcber denen die personenbezogenen Daten offengelegt wurden oder noch offengelegt werden, insbesondere bei Empf\u00e4ngern in Drittl\u00e4ndern oder bei internationalen Organisationen; sofern m\u00f6glich, die geplante Dauer, f\u00fcr die die personenbezogenen Daten gespeichert werden, oder, falls dies nicht m\u00f6glich ist, die Kriterien f\u00fcr Festlegung dieser Dauer; Antrag des Verantwortlichen auf Berichtigung oder L\u00f6schung personenbezogener Daten oder Einschr\u00e4nkung der Verarbeitung personenbezogener Daten der betroffenen Person; das Bestehen eines Beschwerderechts bei der Aufsichtsbeh\u00f6rde. Der betroffenen Person steht ein Auskunftsrecht dar\u00fcber zu, ob personenbezogene Daten an ein Drittland oder an eine internationale Organisation \u00fcbermittelt werden. Sofern dies der Fall ist, so steht der betroffenen Person das Recht zu, \u00fcber die geeigneten Garantien im Zusammenhang mit der \u00dcbermittlung zu erhalten. M\u00f6chte die betroffene Person ihr Auskunftsrecht in Anspruch nehmen, kann sie sich hierzu jederzeit an einen Mitarbeiter des f\u00fcr die Verarbeitung Verantwortlichen wenden.<\/p>\n<p style=\"text-align: justify;\">7.3 Recht auf Berichtigung: jede betroffene Person hat das vom Europ\u00e4ischen Gesetzgeber gew\u00e4hrte Recht, vom Verantwortlichen unverz\u00fcglich die Berichtigung sie betreffender unrichtiger personenbezogenen Daten zu verlangen. Unter Ber\u00fccksichtigung der Zwecke der Datenverarbeitung hat die betroffene Person das Recht, die Vervollst\u00e4ndigung unvollst\u00e4ndiger personenbezogener Daten \u2013 auch mittels einer erg\u00e4nzenden Erkl\u00e4rung \u2013 zu verlangen. M\u00f6chte die betroffene Person diese Berichtigungsrecht in Anspruch nehmen, kann sie sich hierzu jederzeit an einen Mitarbeiter des f\u00fcr die Verarbeitung Verantwortlichen wenden.<\/p>\n<p style=\"text-align: justify;\">7.4 Recht auf L\u00f6schung: jede von der Verarbeitung personenbezogener Daten betroffene Person hat das vom Europ\u00e4ischen Gesetzgeber gew\u00e4hrte Recht, vom Verantwortlichen die unverz\u00fcgliche L\u00f6schung der sie betreffenden personenbezogenen Daten zu verlangen, und der Verantwortliche ist verpflichtet, personenbezogene Daten unverz\u00fcglich zu l\u00f6schen, wenn einer der folgenden Gr\u00fcnde vorliegt besteht, solange die Datenverarbeitung nicht mehr erforderlich ist: Die personenbezogenen Daten werden f\u00fcr den Zweck, f\u00fcr den sie erhoben wurden, nicht mehr ben\u00f6tigt; die betroffene Person widerruft die Einwilligung, die der Datenverarbeitung zugrunde liegt; personenbezogene Daten wurden unrechtm\u00e4\u00dfig verarbeitet; Die L\u00f6schung personenbezogener Daten ist erforderlich, um der gesetzlichen Verpflichtung des Verantwortlichen nach dem Recht der Europ\u00e4ischen Union oder der Mitgliedstaaten nachzukommen. Wenn einer der oben genannten Gr\u00fcnde vorliegt und die betroffene Person die L\u00f6schung ihrer bei der ASRP-Systems Kft. gespeicherten personenbezogenen Daten beantragen m\u00f6chte, kann sie sich jederzeit an einen Mitarbeiter des f\u00fcr die Verarbeitung Verantwortlichen wenden. Der f\u00fcr die Datenverarbeitung verantwortliche Mitarbeiter der ASRP-Systems Kft. ist verpflichtet, f\u00fcr die unverz\u00fcgliche Erf\u00fcllung des L\u00f6schverlangens zu sorgen.<\/p>\n<p style=\"text-align: justify;\">7.5 Recht auf Einschr\u00e4nkung der Verarbeitung: jede von der Verarbeitung personenbezogener Daten betroffene Person hat das vom Europ\u00e4ischen Richtlinien- und Verordnungsgeber gew\u00e4hrte Recht, von dem Verantwortlichen die Einschr\u00e4nkung der Verarbeitung zu verlangen, wenn eine der folgenden Voraussetzungen gegeben ist: die Verarbeitung ist unrechtm\u00e4\u00dfig; der Verantwortliche ben\u00f6tigt die personenbezogenen Daten f\u00fcr die Zwecke der Verarbeitung nicht l\u00e4nger; die betroffene Person hat gegen die Datenverarbeitung Widerspruch eingelegt, bis gepr\u00fcft wurde, ob die berechtigten Gr\u00fcnde des Verantwortlichen gegen\u00fcber den Gr\u00fcnden der betroffenen Person \u00fcberwiegen. Wenn einer der oben genannten Gr\u00fcnde vorliegt und die betroffene Person die Einschr\u00e4nkung ihrer bei der ASRP-Systems Kft. gespeicherten personenbezogenen Daten beantragen m\u00f6chte, kann sie sich jederzeit an einen Mitarbeiter des f\u00fcr die Datenverarbeitung Verantwortlichen wenden, der dies veranlassen wird, die Einschr\u00e4nkung der Verarbeitung.<\/p>\n<p style=\"text-align: justify;\">7.6 Recht auf Widerruf einer datenschutzrechtlichen Einwilligung: jede von der Verarbeitung personenbezogener Daten betroffene Person hat das vom Europ\u00e4ischen Richtlinien- und Verordnungsgeber gew\u00e4hrte Recht, eine Einwilligung zur Verarbeitung ihrer personenbezogenen Daten jederzeit zu widerrufen. M\u00f6chte die betroffene Person ihr Recht auf Widerruf einer Einwilligung geltend machen, kann sie sich hierzu jederzeit an einen Mitarbeiter des f\u00fcr die Verarbeitung Verantwortlichen wenden.<\/p>\n<h1>8. Datenschutz von Bewerbern und Bewerbungsverfahren<\/h1>\n<p style=\"text-align: justify;\">8.1 Der Verantwortliche erhebt und verarbeitet personenbezogene Daten von Bewerbern zum Zwecke der Abwicklung des Bewerbungsverfahrens. Die Datenverarbeitung kann auch elektronisch erfolgt werden (die Bewerbungsunterlagen werden per E-Mail verschickt).<\/p>\n<p style=\"text-align: justify;\">8.2 Schlie\u00dft der f\u00fcr die Verarbeitung Verantwortliche einen Anstellungsvertrag mit einem Bewerber, werden die \u00fcbermittelten Daten zum Zwecke der Abwicklung des Besch\u00e4ftigungsverh\u00e4ltnisses unter Beachtung der gesetzlichen Vorschriften gespeichert. Wird von dem f\u00fcr die Verarbeitung Verantwortlichen kein Anstellungsvertrag mit dem Bewerber geschlossen, so werden die Bewerbungsunterlagen drei Monate nach Bekanntgabe der Absageentscheidung automatisch gel\u00f6scht, sofern einer L\u00f6schung keine sonstigen berechtigten Interessen des f\u00fcr die Verarbeitung Verantwortlichen entgegenstehen (z. B. Beweispflicht, in Verfahren nach dem Allgemeinen Gleichstellungsgesetz).<\/p>\n<h1>9. Dauer der Speicherung personenbezogener Daten<\/h1>\n<p style=\"text-align: justify;\">Als Kriterium f\u00fcr die Speicherdauer personenbezogener Daten dient die jeweils geltende gesetzliche Aufbewahrungsfrist. Nach Ablauf der Frist werden die entsprechenden Daten routinem\u00e4\u00dfig gel\u00f6scht, sofern sie nicht mehr zur Vertragserf\u00fcllung oder Vertragsanbahnung erforderlich sind.<\/p>\n<h1>10. Gesetzliche oder vertragliche Vorschriften zur Bereitstellung der personenbezogenen Daten<\/h1>\n<p style=\"text-align: justify;\">Die Bereitstellung personenbezogener Daten ist zum Teil gesetzlich vorgeschrieben ist oder sich auch aus vertraglichen Regelungen ergeben kann. Beispielsweise ist die betroffene Person verpflichtet, uns personenbezogene Daten zur Verf\u00fcgung zu stellen, wenn ASRP-Systems Kft. mit ihr einen Vertrag abschlie\u00dft. Eine Nichtbereitstellung der personenbezogenen Daten h\u00e4tte zur Folge, dass der Vertrag mit dem Betroffenen nicht geschlossen werden k\u00f6nnte. Vor der Bereitstellung personenbezogener Daten durch die betroffene Person muss sich die betroffene Person an den Datenverantwortlichen der ASRP-Systems Kft. wenden, der die betroffene Person dar\u00fcber aufkl\u00e4rt, ob die Bereitstellung der personenbezogenen Daten gesetzlich oder vertraglich vorgeschrieben oder f\u00fcr den Vertragsabschluss erforderlich ist des Vertrages, ob eine Verpflichtung zur Bereitstellung der personenbezogenen Daten besteht und welche Folgen die Nichtbereitstellung der personenbezogenen Daten h\u00e4tte.<\/p>\n<p style=\"text-align: justify;\"><em>Datum der letzten Aktualisierung: 19. November 2023<\/em><\/p>\n<\/div>\n<\/div>\n<p>[\/et_pb_text][\/et_pb_column][\/et_pb_row][\/et_pb_section]<\/p>\n","protected":false},"excerpt":{"rendered":"<p>Datenschutzerkl\u00e4rung &nbsp; 1. Generelle Richtlinien Datenschutz ist f\u00fcr ASRP-Systems Kft. sehr wichtig. Die Nutzung der Internetseiten ist ohne Angabe personenbezogener Daten m\u00f6glich. Sofern Sie die Dienstleistungen des Unternehmens \u00fcber unsere Internetseite in Anspruch nehmen m\u00f6chten, k\u00f6nnte jedoch eine Verarbeitung personenbezogener Daten erforderlich werden. In jedem Fall muss der Umgang mit personenbezogenem Daten \u2013 wie Name, [&hellip;]<\/p>\n","protected":false},"author":1,"featured_media":0,"parent":0,"menu_order":0,"comment_status":"closed","ping_status":"closed","template":"","meta":{"_et_pb_use_builder":"on","_et_pb_old_content":"","_et_gb_content_width":"","footnotes":""},"class_list":["post-866","page","type-page","status-publish","hentry"],"aioseo_notices":[],"_links":{"self":[{"href":"https:\/\/asrp-systems.com\/de\/index.php\/wp-json\/wp\/v2\/pages\/866","targetHints":{"allow":["GET"]}}],"collection":[{"href":"https:\/\/asrp-systems.com\/de\/index.php\/wp-json\/wp\/v2\/pages"}],"about":[{"href":"https:\/\/asrp-systems.com\/de\/index.php\/wp-json\/wp\/v2\/types\/page"}],"author":[{"embeddable":true,"href":"https:\/\/asrp-systems.com\/de\/index.php\/wp-json\/wp\/v2\/users\/1"}],"replies":[{"embeddable":true,"href":"https:\/\/asrp-systems.com\/de\/index.php\/wp-json\/wp\/v2\/comments?post=866"}],"version-history":[{"count":6,"href":"https:\/\/asrp-systems.com\/de\/index.php\/wp-json\/wp\/v2\/pages\/866\/revisions"}],"predecessor-version":[{"id":1058,"href":"https:\/\/asrp-systems.com\/de\/index.php\/wp-json\/wp\/v2\/pages\/866\/revisions\/1058"}],"wp:attachment":[{"href":"https:\/\/asrp-systems.com\/de\/index.php\/wp-json\/wp\/v2\/media?parent=866"}],"curies":[{"name":"wp","href":"https:\/\/api.w.org\/{rel}","templated":true}]}}