{"id":857,"date":"2021-07-27T14:26:49","date_gmt":"2021-07-27T13:26:49","guid":{"rendered":"https:\/\/asrp-systems.com\/index.php\/neuigkeiten\/"},"modified":"2025-07-22T13:49:14","modified_gmt":"2025-07-22T12:49:14","slug":"neuigkeiten","status":"publish","type":"page","link":"https:\/\/asrp-systems.com\/de\/index.php\/neuigkeiten\/","title":{"rendered":"Neuigkeiten"},"content":{"rendered":"<p>[et_pb_section fb_built=&#8220;1&#8243; _builder_version=&#8220;4.21.0&#8243; _module_preset=&#8220;default&#8220; custom_margin=&#8220;-10px||||false|false&#8220; custom_padding=&#8220;0vw||0vw||true|false&#8220; global_colors_info=&#8220;{}&#8220;][et_pb_row _builder_version=&#8220;4.16&#8243; _module_preset=&#8220;default&#8220; global_colors_info=&#8220;{}&#8220;][et_pb_column type=&#8220;4_4&#8243; _builder_version=&#8220;4.16&#8243; _module_preset=&#8220;default&#8220; global_colors_info=&#8220;{}&#8220;][et_pb_text _builder_version=&#8220;4.21.0&#8243; _module_preset=&#8220;default&#8220; header_font=&#8220;|600|||||||&#8220; header_text_color=&#8220;#00171f&#8220; header_line_height=&#8220;1.2em&#8220; custom_padding=&#8220;0vw||0vw||true|false&#8220; global_colors_info=&#8220;{}&#8220;]<\/p>\n<h1>Neuigkeiten<\/h1>\n<p>[\/et_pb_text][\/et_pb_column][\/et_pb_row][\/et_pb_section][et_pb_section fb_built=&#8220;1&#8243; _builder_version=&#8220;4.21.0&#8243; _module_preset=&#8220;default&#8220; global_colors_info=&#8220;{}&#8220;][et_pb_row _builder_version=&#8220;4.21.0&#8243; _module_preset=&#8220;default&#8220; global_colors_info=&#8220;{}&#8220;][et_pb_column type=&#8220;4_4&#8243; _builder_version=&#8220;4.21.0&#8243; _module_preset=&#8220;default&#8220; global_colors_info=&#8220;{}&#8220;][et_pb_accordion _builder_version=&#8220;4.27.4&#8243; _module_preset=&#8220;default&#8220; custom_margin=&#8220;-30px||||false|false&#8220; custom_padding=&#8220;0vw||0vw||true|false&#8220; hover_enabled=&#8220;0&#8243; global_colors_info=&#8220;{}&#8220; sticky_enabled=&#8220;0&#8243;][et_pb_accordion_item title=&#8220;4. Firmenjubileum  %9122. Juli 2025%93&#8243; open=&#8220;on&#8220; open_toggle_text_color=&#8220;#00171f&#8220; _builder_version=&#8220;4.27.4&#8243; _module_preset=&#8220;default&#8220; body_text_color=&#8220;#00171f&#8220; body_font_size=&#8220;16px&#8220; body_line_height=&#8220;1.4em&#8220; hover_enabled=&#8220;0&#8243; box_shadow_style=&#8220;preset6&#8243; global_colors_info=&#8220;{}&#8220; toggle_text_color=&#8220;#00171f&#8220; toggle_font=&#8220;|600|||||||&#8220; toggle_font_size=&#8220;18px&#8220; toggle_letter_spacing=&#8220;0px&#8220; toggle_line_height=&#8220;1.4em&#8220; sticky_enabled=&#8220;0&#8243;]<\/p>\n<p>Liebe Freunde,<\/p>\n<p style=\"margin: 0in; font-family: Calibri; font-size: 14pt; text-align: justify;\">Ein weiteres Jahr ist vergangen, das bedeutet, dass wir unser viertes Firmenjubileum feiern.<\/p>\n<p style=\"margin: 0in; font-family: Calibri; font-size: 14pt; text-align: justify;\">Es war ein sehr interessantes Jahr f\u00fcr uns mit der Teilnahme an verschiedenen Projekten in unterschiedlichen Branchen und wir konnten unser Wissen im Gesch\u00e4ftsleben auch erweitern.<\/p>\n<p style=\"margin: 0in; font-family: Calibri; font-size: 14pt; text-align: justify;\">Wir sind stolz auf unser Integriertes Managementsystem, was innerhalb des Jahres zertifiziert wurde.<\/p>\n<p style=\"margin: 0in; font-family: Calibri; font-size: 14pt; text-align: justify;\">Wir freuen uns auf die neuen Herausforderungen und Chansen, die noch vor uns liegen.<\/p>\n<p style=\"margin: 0in; font-family: Calibri; font-size: 14pt; text-align: justify;\">Vielen Dank an unsere Kunden und Partner f\u00fcr ihr Vertrauen in unsere Arbeit.<\/p>\n<p style=\"margin: 0in; font-family: Calibri; font-size: 14pt; text-align: justify;\">Wir sagen einfach ein gro\u00dfes &#8222;Dankesch\u00f6n&#8220; und freuen uns auf ein weiteres erfolgreiches Jahr!<\/p>\n<p style=\"margin: 0in; font-family: Calibri; font-size: 14.0pt;\">Beste Gr\u00fc\u00dfe,<\/p>\n<p>Attila G\u00f6nczi<\/p>\n<p>Gesch\u00e4ftsf\u00fchrer<\/p>\n<p>[\/et_pb_accordion_item][et_pb_accordion_item title=&#8220;Bekanntgabe von Zertifikaten %9127. M\u00e4rz 2025%93&#8243; open=&#8220;on&#8220; open_toggle_text_color=&#8220;#00171f&#8220; _builder_version=&#8220;4.27.4&#8243; _module_preset=&#8220;default&#8220; body_text_color=&#8220;#00171f&#8220; body_font_size=&#8220;16px&#8220; body_line_height=&#8220;1.4em&#8220; box_shadow_style=&#8220;preset6&#8243; global_colors_info=&#8220;{}&#8220; toggle_text_color=&#8220;#00171f&#8220; toggle_font=&#8220;|600|||||||&#8220; toggle_font_size=&#8220;18px&#8220; toggle_letter_spacing=&#8220;0px&#8220; toggle_line_height=&#8220;1.4em&#8220;]<\/p>\n<p>Liebe Freunde,<\/p>\n<p style=\"margin: 0in; font-family: Calibri; font-size: 14pt; text-align: justify;\">ASRP-Systems Ltd. ist stolz, bekannt geben zu k\u00f6nnen, dass sein Qualit\u00e4ts- und Informationssicherheitsmanagement System vom Hungarian Standards Institution f\u00fcr Normen MSZ EN ISO 9001:2015 (ISO9001:2015) und MSZ ISO \/IEC 27001:2023 (ISO\/IEC 27001) erhalten hat. Unser Unternehmen verf\u00fcgt zudem \u00fcber IQNET-Zertifikate f\u00fcr die gennanten Normen.<\/p>\n<p style=\"margin: 0in; font-family: Calibri; font-size: 14pt; text-align: justify;\">Weite Informationen finden Sie auf unserer Website unter dem Men\u00fcpunkt &#8222;Zertifikate&#8220;.<span><\/span><\/p>\n<p style=\"margin: 0in; font-family: Calibri; font-size: 14.0pt;\">Beste Gr\u00fc\u00dfe,<\/p>\n<p>Attila G\u00f6nczi<\/p>\n<p>Gesch\u00e4ftsf\u00fchrer<\/p>\n<p>[\/et_pb_accordion_item][et_pb_accordion_item title=&#8220;Neues FMEDA-Werkzeug %9106. Januar 2025%93&#8243; open_toggle_text_color=&#8220;#00171f&#8220; _builder_version=&#8220;4.27.4&#8243; _module_preset=&#8220;default&#8220; body_text_color=&#8220;#00171f&#8220; body_font_size=&#8220;16px&#8220; body_line_height=&#8220;1.4em&#8220; box_shadow_style=&#8220;preset6&#8243; global_colors_info=&#8220;{}&#8220; toggle_text_color=&#8220;#00171f&#8220; toggle_font=&#8220;|600|||||||&#8220; toggle_font_size=&#8220;18px&#8220; toggle_letter_spacing=&#8220;0px&#8220; toggle_line_height=&#8220;1.4em&#8220; open=&#8220;off&#8220;]<\/p>\n<p>Liebe Freunde,<\/p>\n<p style=\"text-align: justify;\">Die Durchf\u00fchrung einer Fehlermode-, Effekt- und Diagnoseanalyse (FMEDA) an sicherheitsrelevanter Hardware ist unbedingt erforderlich, um Konstruktionsfehler zu entdecken und den Nachweis zu erbringen, dass die sicherheitsrelevante Hardware die Sicherheitsziele \u2013 wie PFH, PFDavg, SFF, DC \u2013erf\u00fcllt.<\/p>\n<p style=\"text-align: justify;\">Im Rahmen unseres Sicherheitshardware-Designservices verwenden wir seit diesem Jahr das OEMx-Softwaretool von Exida zur Durchf\u00fchrung von FMEDAs. OEMx erm\u00f6glicht uns den Zugriff auf eine hochwertige Komponentenzuverl\u00e4ssigkeitsdatenbank (CRD) mit aktuellen, realistischen Ausfallratendaten und die Bereitstellung hochwertiger Berichte (z. B. FMEDA-Ergebnis, Fehlereinf\u00fcgungstestbericht usw.), die das Zertifizierungsverfahren erleichtern k\u00f6nnen.<\/p>\n<p style=\"text-align: justify;\">\u201eOEMx reduziert den Konflikt, indem es hilft, die Markteinf\u00fchrungszeit zu verk\u00fcrzen und die Entwicklungskosten zu senken, w\u00e4hrend gleichzeitig Sicherheit und Zuverl\u00e4ssigkeit verbessert werden. Dies wird erreicht, indem ein integrierter Satz benutzerfreundlicher Tools der n\u00e4chsten Generation bereitgestellt wird, um die Design\u00fcberpr\u00fcfung f\u00fcr Systeme\/Produkte zu unterst\u00fctzen. Diese Tools verf\u00fcgen \u00fcber integrierte Wissensdatenbanken, die jede Aufgabe beschleunigen. Von der Anforderungseingabe- und Verfolgung bis hin zu Validierungstests k\u00f6nnen OEMx-Tools den Entwicklungsprozess neuer Produkte optimieren.\u201c<\/p>\n<p style=\"text-align: justify;\">Weitere Informationen finden Sie unter: <span><a href=\"https:\/\/www.exida.com\/OEMx\">https:\/\/www.exida.com\/OEMx<\/a><\/span><\/p>\n<p style=\"text-align: justify;\"><span><\/span><\/p>\n<p>Beste Gr\u00fc\u00dfe,<\/p>\n<p>Attila G\u00f6nczi<\/p>\n<p>Gesch\u00e4ftsf\u00fchrer<\/p>\n<p>[\/et_pb_accordion_item][et_pb_accordion_item title=&#8220;Partnerschaft mit exida LLC %9106. Januar 2025%93&#8243; open_toggle_text_color=&#8220;#00171f&#8220; _builder_version=&#8220;4.27.4&#8243; _module_preset=&#8220;default&#8220; body_text_color=&#8220;#00171f&#8220; body_font_size=&#8220;16px&#8220; body_line_height=&#8220;1.4em&#8220; box_shadow_style=&#8220;preset6&#8243; global_colors_info=&#8220;{}&#8220; toggle_text_color=&#8220;#00171f&#8220; toggle_font=&#8220;|600|||||||&#8220; toggle_font_size=&#8220;18px&#8220; toggle_letter_spacing=&#8220;0px&#8220; toggle_line_height=&#8220;1.4em&#8220; open=&#8220;off&#8220;]<\/p>\n<p>Liebe Freunde,<\/p>\n<p style=\"text-align: justify;\">Nach mehrj\u00e4hriger erfolgreicher Zusammenarbeit mit <a href=\"https:\/\/www.exida.com\/\">exida LLC<\/a> in verschiedenen Sicherheitsprojekten, es freut uns, bekannt geben zu k\u00f6nnen, dass ASRP-Systems Ltd. ab Anfang 2025 ein engagiertes Arbeitspartner von <a href=\"https:\/\/www.exida.com\/\">exida<\/a> ist.<\/p>\n<p style=\"text-align: justify;\">\u201e<a href=\"https:\/\/www.exida.com\/\">exida<\/a> wurde im Jahr 2000 von Zuverl\u00e4ssigkeits- und Sicherheitsexperten gegr\u00fcndet und ist das weltweit f\u00fchrende Produktzertifizierungs- und Wissensunternehmen, das sich auf die Sicherheit von Automatisierungssystemen, Alarmmanagement, Cybersicherheit und Verf\u00fcgbarkeit spezialisiert hat. Mit \u00fcber 20 Standorten weltweit und einem Team aus branchenf\u00fchrenden Ingenieuren mit \u00fcber 500 Jahren kombiniertem Wissen kann <a href=\"https:\/\/www.exida.com\/\">exida<\/a> praktische L\u00f6sungen bieten, um selbst Ihre schwierigsten Herausforderungen im Bereich Sicherheitsdesign zu meistern.\u201c<\/p>\n<p style=\"text-align: justify;\">An dieser Stelle m\u00f6chten wir Dr. William Goble, Jonathan Moore und Patrick Healy von <a href=\"https:\/\/www.exida.com\/\">exida LLC<\/a> f\u00fcr ihre kontinuierliche Unterst\u00fctzung bei diversen Projekten unseren besonderen Dank aussprechen.<\/p>\n<p>&nbsp;<\/p>\n<p>Beste Gr\u00fc\u00dfe,<\/p>\n<p>Attila G\u00f6nczi<\/p>\n<p>Gesch\u00e4ftsf\u00fchrer<\/p>\n<p>[\/et_pb_accordion_item][et_pb_accordion_item title=&#8220;Entwicklung eines integrierten Managementsystems %9121. August 2024%93&#8243; open_toggle_text_color=&#8220;#00171f&#8220; _builder_version=&#8220;4.27.0&#8243; _module_preset=&#8220;default&#8220; body_text_color=&#8220;#00171f&#8220; body_font_size=&#8220;16px&#8220; body_line_height=&#8220;1.4em&#8220; box_shadow_style=&#8220;preset6&#8243; global_colors_info=&#8220;{}&#8220; toggle_text_color=&#8220;#00171f&#8220; toggle_font=&#8220;|600|||||||&#8220; toggle_font_size=&#8220;18px&#8220; toggle_letter_spacing=&#8220;0px&#8220; toggle_line_height=&#8220;1.4em&#8220; open=&#8220;off&#8220;]<\/p>\n<p>Liebe Freunde,<\/p>\n<p>Um einen professionellen, qualitativ hochwertigen Service zu bieten, ben\u00f6tigt eine Organisation ein wirksames Qualit\u00e4tsmanagementsystem. F\u00fcr uns ist es besonders wichtig, da wir bei ASRP-Systems Ltd. hochkomplexe sicherheitsrelevante programmierbare eingebettete Systeme entwickeln. Um die Qualit\u00e4t unserer Dienstleistungen zu verbessern und das Vertrauen unserer Kunden in uns zu st\u00e4rken, haben wir mit der Entwicklung eines neuen Qualit\u00e4tsmanagementsystems (QMS) auf Grundlage der Norm ISO 9001:2015 begonnen.<\/p>\n<p>Da wir mit sensiblen Daten arbeiten, haben wir parallel zu unserem neuen QMS auch die Aktivit\u00e4t zur Einf\u00fchrung eines neuen Informationssicherheits-Managementsystems (ISMS) gem\u00e4\u00df der Norm ISO 27001:2022 gestartet.<\/p>\n<p>Wir glauben, dass sowohl das QMS als auch das ISMS strategisch wichtige Meilensteine \u200b\u200bim Leben einer Unternehmensorganisation sind. Wir arbeiten intensiv daran, dass unser Unternehmen bis Anfang 2025 zu einer Organisation mit QMS- und ISMS-Zertifikaten werden kann.<\/p>\n<p>&nbsp;<\/p>\n<p>Beste Gr\u00fc\u00dfe,<\/p>\n<p>Attila G\u00f6nczi<\/p>\n<p>Gesch\u00e4ftsf\u00fchrer &amp; Gr\u00fcnder<\/p>\n<p>[\/et_pb_accordion_item][et_pb_accordion_item title=&#8220;3. Firmenjubileum %9119. Juli 2024%93&#8243; open_toggle_text_color=&#8220;#00171f&#8220; _builder_version=&#8220;4.26.1&#8243; _module_preset=&#8220;default&#8220; body_text_color=&#8220;#00171f&#8220; body_font_size=&#8220;16px&#8220; body_line_height=&#8220;1.4em&#8220; box_shadow_style=&#8220;preset6&#8243; global_colors_info=&#8220;{}&#8220; toggle_text_color=&#8220;#00171f&#8220; toggle_font=&#8220;|600|||||||&#8220; toggle_font_size=&#8220;18px&#8220; toggle_letter_spacing=&#8220;0px&#8220; toggle_line_height=&#8220;1.4em&#8220; open=&#8220;off&#8220;]<\/p>\n<p>Liebe Freunde,<\/p>\n<p>als wir uns hingesetzt haben, um diese Nachricht zu schreiben, wir sind voller\u00a0 Dankbarkeit und Stolz wegen der Reise der letzten Jahren, was wir in dem Gesch\u00e4ftsleben verbracht haben.<\/p>\n<p>Die Zeit fliegt und wir feiern 3 Jahre Teamarbeit, Erfolg und Hingabe.<\/p>\n<p>Wir m\u00f6chten unseren Kunden und Partnern ein gro\u00dfes DANKESCH\u00d6N f\u00fcr ihr Vertrauen und ihre Unterst\u00fctzung senden.<\/p>\n<p>Mit Blick auf die Zukunft sind wir begeistert von den zuk\u00fcnftigen Projekten und freuen uns auf viele weitere Jahre der Zusammenarbeit mit mehr Erfolgen.<\/p>\n<p>&nbsp;<\/p>\n<p>Beste Gr\u00fc\u00dfe,<\/p>\n<p>Attila G\u00f6nczi<\/p>\n<p>Gesch\u00e4ftsf\u00fchrer &amp; Gr\u00fcnder<\/p>\n<p>[\/et_pb_accordion_item][et_pb_accordion_item title=&#8220;Aus FS-Dynamics Ltd wurde ASRP-Systems Ltd %9117. November 2023%93&#8243; open_toggle_text_color=&#8220;#00171f&#8220; _builder_version=&#8220;4.24.0&#8243; _module_preset=&#8220;default&#8220; body_text_color=&#8220;#00171f&#8220; body_font_size=&#8220;16px&#8220; body_line_height=&#8220;1.4em&#8220; box_shadow_style=&#8220;preset6&#8243; global_colors_info=&#8220;{}&#8220; toggle_text_color=&#8220;#00171f&#8220; toggle_font=&#8220;|600|||||||&#8220; toggle_font_size=&#8220;18px&#8220; toggle_letter_spacing=&#8220;0px&#8220; toggle_line_height=&#8220;1.4em&#8220; open=&#8220;off&#8220;]<\/p>\n<p>Liebe(r) Besucher(in),<\/p>\n<p>wir freuen uns, Ihnen mitteilen zu k\u00f6nnen, dass wir, <strong>FS-Dynamics Engineering &amp; Consulting Ltd<\/strong>, unseren Firmennamen in <strong>ASRP-Systems Ltd.<\/strong> ge\u00e4ndert haben. Diese Namens\u00e4nderung trat am 17. November 2023 in Kraft. Wir haben uns f\u00fcr diese Namens\u00e4nderung aufgrund unserer zuk\u00fcnftigen Strategiepl\u00e4ne entschieden.<\/p>\n<p>Wir freuen uns auf eine weiterhin gute Zusammenarbeit und neue M\u00f6glichkeiten unter unserem neuen Firmennamen.<\/p>\n<p>&nbsp;<\/p>\n<p>Beste Gr\u00fc\u00dfe,<\/p>\n<p>Attila G\u00f6nczi<\/p>\n<p>CEO &amp; Gr\u00fcnder<\/p>\n<p>[\/et_pb_accordion_item][et_pb_accordion_item title=&#8220;Partnerschaft mit Lapwing GmbH %9125. September 2023%93&#8243; open_toggle_text_color=&#8220;#00171f&#8220; _builder_version=&#8220;4.24.0&#8243; _module_preset=&#8220;default&#8220; body_text_color=&#8220;#00171f&#8220; body_font_size=&#8220;16px&#8220; body_line_height=&#8220;1.4em&#8220; box_shadow_style=&#8220;preset6&#8243; global_colors_info=&#8220;{}&#8220; toggle_text_color=&#8220;#00171f&#8220; toggle_font=&#8220;|600|||||||&#8220; toggle_font_size=&#8220;18px&#8220; toggle_letter_spacing=&#8220;1px&#8220; toggle_line_height=&#8220;1.4em&#8220; open=&#8220;off&#8220;]<\/p>\n<p>Wir freuen uns, eine neue Partnerschaft mit der <a href=\"https:\/\/lapwing-safety.com\/pages\/en\/home.php\">Lapwing GmbH<\/a> bekannt zu geben, einem erfahrenen Beratungsunternehmen f\u00fcr funktionale Sicherheitstechnik in Deutschland.<\/p>\n<p>Wir glauben, dass wir durch unsere Partnerschaft mit Lapwing GmbH umfassende Entwicklungsressourcen f\u00fcr Manager und F\u00fchrungskr\u00e4fte anbieten k\u00f6nnen, die Verst\u00e4rkung in der Entwicklung sicherheitsrelevanter oder sicherheitskritischer eingebetteter Systeme suchen.<\/p>\n<p>[\/et_pb_accordion_item][et_pb_accordion_item title=&#8220;Firmenjubileum %9124. Juli 2023%93&#8243; open_toggle_text_color=&#8220;#00171f&#8220; _builder_version=&#8220;4.26.1&#8243; _module_preset=&#8220;default&#8220; body_text_align=&#8220;left&#8220; body_text_color=&#8220;#00171f&#8220; body_font_size=&#8220;16px&#8220; body_line_height=&#8220;1.4em&#8220; box_shadow_style=&#8220;preset6&#8243; global_colors_info=&#8220;{}&#8220; toggle_text_color=&#8220;#00171f&#8220; toggle_font=&#8220;|600|||||||&#8220; toggle_font_size=&#8220;18px&#8220; toggle_letter_spacing=&#8220;1px&#8220; toggle_line_height=&#8220;1.4em&#8220; open=&#8220;off&#8220;]<\/p>\n<p>Liebe Freunde,<\/p>\n<p>FS-Dynamics feiert in diesem Monat sein zweites Jubil\u00e4um. Wir m\u00f6chten allen unseren gesch\u00e4tzten Kunden und Partnern ein gro\u00dfes DANKESCH\u00d6N f\u00fcr ihr Vertrauen, ihre Unterst\u00fctzung und Zusammenarbeit sagen.<\/p>\n<p>Vielen Dank f\u00fcr alles, was Sie f\u00fcr uns getan haben!<\/p>\n<p>Beste Gr\u00fc\u00dfe,<\/p>\n<p>Attila G\u00f6nczi<\/p>\n<p>CEO &amp; Gr\u00fcnder<\/p>\n<p>[\/et_pb_accordion_item][et_pb_accordion_item title=&#8220;Partnerschaft mit innotec GmbH %9102. August 2022%93&#8243; open_toggle_text_color=&#8220;#00171f&#8220; _builder_version=&#8220;4.24.0&#8243; _module_preset=&#8220;default&#8220; body_text_align=&#8220;left&#8220; body_text_color=&#8220;#00171f&#8220; body_font_size=&#8220;16px&#8220; body_line_height=&#8220;1.4em&#8220; box_shadow_style=&#8220;preset6&#8243; global_colors_info=&#8220;{}&#8220; toggle_text_color=&#8220;#00171f&#8220; toggle_font=&#8220;|600|||||||&#8220; toggle_font_size=&#8220;18px&#8220; toggle_letter_spacing=&#8220;1px&#8220; toggle_line_height=&#8220;1.4em&#8220; open=&#8220;off&#8220;]<\/p>\n<p>Wir sind stolz auf eine neue Partnerschaft mit <span>der<\/span> <a href=\"http:\/\/www.innotecsafety.com\/\">innotec GmbH<\/a> bekannt zu geben, einem der f\u00fchrenden Beratungsunternehmen f\u00fcr funktionale Sicherheit in Deutschland.<\/p>\n<p>Wir glauben, dass unsere Partnerschaft mit innotec zur Unterst\u00fctzung der Entwicklung sicherheitsrelevanter und sicherheitskritischer eingebetteter Systeme ein gro\u00dfartiges Angebot f\u00fcr Manager und F\u00fchrungskr\u00e4fte ist, die Verst\u00e4rkung in der Entwicklung von Sicherheitsprodukten suchen.<\/p>\n<p>[\/et_pb_accordion_item][et_pb_accordion_item title=&#8220;ProTT-Box %9125. Juli 2022%93&#8243; open_toggle_text_color=&#8220;#00171f&#8220; _builder_version=&#8220;4.24.0&#8243; _module_preset=&#8220;default&#8220; body_text_align=&#8220;left&#8220; body_text_color=&#8220;#00171f&#8220; body_font_size=&#8220;16px&#8220; body_line_height=&#8220;1.4em&#8220; box_shadow_style=&#8220;preset6&#8243; global_colors_info=&#8220;{}&#8220; toggle_text_color=&#8220;#00171f&#8220; toggle_font=&#8220;|600|||||||&#8220; toggle_font_size=&#8220;18px&#8220; toggle_letter_spacing=&#8220;1px&#8220; toggle_line_height=&#8220;1.4em&#8220; open=&#8220;off&#8220;]<\/p>\n<p>Viele von unseren Kunden k\u00e4mpfen mit der aktuellen Halbleiterknappheit. Um ihnen zu helfen, zusammen mit unserem Partner,<span> <\/span><a href=\"https:\/\/asrp-systems.com\/index.php\/news\/www.safetty.net\">SafeTTy Systems Ltd.<\/a> , haben wir mit der Arbeit an ein neues Hardware-Design begonnen, die auf verf\u00fcgbaren Komponenten (einschlie\u00dflich Mikrocontrollern) basiert und auf Automobil- und Industrieanwendungen mit Sicherheitsanforderungen bis zu ASIL-D, SIL3, PL d abzielt.<\/p>\n<p>Die ProTTo-Box ist eine unserer ersten Entwicklungen, die \u00fcber eine gro\u00dfe Auswahl an Peripherieger\u00e4ten verf\u00fcgt, wie zum Beispiel:<\/p>\n<ul>\n<li>\n<ul>\n<li>2 x CAN-Schnittstellen<\/li>\n<li>12 x digitale Eing\u00e4nge<\/li>\n<li>12 x digitale Ausg\u00e4nge<\/li>\n<li>4 x Analogeing\u00e4nge<\/li>\n<li>4 x Analogausg\u00e4nge<\/li>\n<li>2 x Sensorversorgungsausg\u00e4nge<\/li>\n<\/ul>\n<\/li>\n<\/ul>\n<p><img loading=\"lazy\" decoding=\"async\" src=\"https:\/\/asrp-systems.com\/wp-content\/uploads\/2022\/08\/ProTTo-Box_REV-001-1024x807.png\" width=\"1024\" height=\"807\" alt=\"\" class=\"wp-image-506 alignnone size-large\" \/><\/p>\n<p>Wenn Sie aufgrund von Komponentenengp\u00e4ssen vor Herausforderungen bei der Produktentwicklung stehen, kontaktieren Sie uns bitte (\u00fcber unsere Website): wir k\u00f6nnen Ihnen m\u00f6glicherweise helfen.<\/p>\n<p>[\/et_pb_accordion_item][et_pb_accordion_item title=&#8220;Firmenjubileum %9121. Juli 2022%93&#8243; open_toggle_text_color=&#8220;#00171f&#8220; _builder_version=&#8220;4.24.0&#8243; _module_preset=&#8220;default&#8220; body_text_align=&#8220;left&#8220; body_text_color=&#8220;#00171f&#8220; body_font_size=&#8220;16px&#8220; body_line_height=&#8220;1.4em&#8220; box_shadow_style=&#8220;preset6&#8243; global_colors_info=&#8220;{}&#8220; toggle_text_color=&#8220;#00171f&#8220; toggle_font=&#8220;|600|||||||&#8220; toggle_font_size=&#8220;18px&#8220; toggle_letter_spacing=&#8220;1px&#8220; toggle_line_height=&#8220;1.4em&#8220; open=&#8220;off&#8220;]<\/p>\n<p>Liebe Freunde,<\/p>\n<p>wir freuen uns, Ihnen mitteilen zu k\u00f6nnen, dass FS-Dynamics in diesen Tagen sein erstes Firmenjubil\u00e4um feiert. Bei dieser Gelegenheit m\u00f6chten wir uns zun\u00e4chst einmal bei unseren gesch\u00e4tzten Kunden und Partner f\u00fcr ihre Unterst\u00fctzung bedanken.<\/p>\n<p>In dieser Zeit waren wir an zahlreichen Automobil- und Industrieprojekten beteiligt, die es uns erm\u00f6glichten, den Grundstein f\u00fcr unser hochinnovatives Unternehmen zu legen.<\/p>\n<p>Einige unserer Erfolge der letzten 12 Monate, auf die wir sehr stolz sind:<\/p>\n<ul>\n<li>\n<ul>\n<li>Entwicklung einer sicherheitsrelevanten Abfallballenpressensteuerung (SIL2, PL c)\u00a0<\/li>\n<li>Entwicklung einer kompletten LED-Scheinwerfer-Steuerelektronik<\/li>\n<li>Entwicklung einer kompletten LED-Heckleuchten-Steuerelektronik inklusive LED-Platinen<\/li>\n<li>Entwicklung eines kompletten CHMSL-Moduls f\u00fcr Pkw<\/li>\n<li>Mehr als 30 PCB-Designs f\u00fcr Automobilanwendungen wurde von unserer Seite geliefert<\/li>\n<li>Erstellung von einem Hardwarekonzept f\u00fcr eine sicherheitsrelevante Windenergieanlagensteuerung (SIL3, PL d)<\/li>\n<li>F\u00fcr Demoanwendungen wurde ein Hardwarekonzept f\u00fcr ein Laserscheinwerfer-Steuermodul erstellt<\/li>\n<li>Aktualisierung vom Hardwaredesign eines Telemetriemoduls f\u00fcr die Automobilindustrie, um sowohl 4G-Netzwerke als auch eSIM-Technologie unterst\u00fctzen zu k\u00f6nnen<\/li>\n<li>Wir haben dazu beigetragen, das Hardware-Design eines Sensorknotens f\u00fcr die Automobilindustrie fertigzustellen<\/li>\n<li>Wir konnten unsere Kenntnisse in ISO 26262 durch den Besuch einer T\u00dcV S\u00dcD-Schulung vertiefern<\/li>\n<\/ul>\n<\/li>\n<\/ul>\n<p>Was ist unser Plan f\u00fcr die n\u00e4chsten 12 Monate?<\/p>\n<ul>\n<li>\n<ul>\n<li>Erhalten die ISO 26262-Zertifizierung als Experte f\u00fcr funktionale Sicherheit<\/li>\n<li>Ver\u00f6ffentlichen unser erstes Produkt<\/li>\n<li>Erweitern unser Team um mindestens einen neuen Kollegen<\/li>\n<li>Erweitern unser Netzwerk mit neuen Partnern<\/li>\n<\/ul>\n<\/li>\n<\/ul>\n<p>DANKE SCH\u00d6N!<\/p>\n<p>Beste Gr\u00fc\u00dfe,<\/p>\n<p>Attila G\u00f6nczi<\/p>\n<p><em>CEO &amp; Gr\u00fcnder<\/em><\/p>\n<p>[\/et_pb_accordion_item][et_pb_accordion_item title=&#8220;Partnerschaft mit SafeTTy Systems Ltd. %9101. Oktober 2021%93&#8243; open_toggle_text_color=&#8220;#00171f&#8220; _builder_version=&#8220;4.24.0&#8243; _module_preset=&#8220;default&#8220; body_text_align=&#8220;left&#8220; body_text_color=&#8220;#00171f&#8220; body_font_size=&#8220;16px&#8220; body_line_height=&#8220;1.4em&#8220; box_shadow_style=&#8220;preset6&#8243; global_colors_info=&#8220;{}&#8220; toggle_text_color=&#8220;#00171f&#8220; toggle_font=&#8220;|600|||||||&#8220; toggle_font_size=&#8220;18px&#8220; toggle_letter_spacing=&#8220;1px&#8220; toggle_line_height=&#8220;1.4em&#8220; open=&#8220;off&#8220;]<\/p>\n<p>Wir freuen uns, eine neue Partnerschaft <span>mit<\/span> <a href=\"http:\/\/www.safetty.net\/\">SafeTTy Systems Ltd.<\/a> bekannt zu geben, einem f\u00fchrenden Unternehmen in der zeitgesteuerten (TT) Softwareentwicklung.<\/p>\n<p><a href=\"http:\/\/www.safetty.net\/\">SafeTTy Systems<\/a> mit Sitz in Gro\u00dfbritannien verf\u00fcgt \u00fcber langj\u00e4hrige Erfahrung in der Entwicklung eingebetteter Software f\u00fcr sicherheitsbezogene und sicherheitskritische Automobil-, Industriesteuerungs-, Medizin- und verwandte Anwendungen.<\/p>\n<p>Durch unsere Partnerschaft <span>mit<\/span> <a href=\"http:\/\/www.safetty.net\/\">SafeTTy Systems<\/a> glauben wir, dass wir Managern und F\u00fchrungskr\u00e4ften, die Verst\u00e4rkung in der Entwicklung sicherheitsbezogener oder sicherheitskritischer eingebetteter Systeme suchen, umfassende Entwicklungsressourcen anbieten k\u00f6nnen.<\/p>\n<p>[\/et_pb_accordion_item][\/et_pb_accordion][\/et_pb_column][\/et_pb_row][\/et_pb_section]<\/p>\n","protected":false},"excerpt":{"rendered":"<p>NeuigkeitenLiebe Freunde, Ein weiteres Jahr ist vergangen, das bedeutet, dass wir unser viertes Firmenjubileum feiern. Es war ein sehr interessantes Jahr f\u00fcr uns mit der Teilnahme an verschiedenen Projekten in unterschiedlichen Branchen und wir konnten unser Wissen im Gesch\u00e4ftsleben auch erweitern. Wir sind stolz auf unser Integriertes Managementsystem, was innerhalb des Jahres zertifiziert wurde. Wir [&hellip;]<\/p>\n","protected":false},"author":1,"featured_media":0,"parent":0,"menu_order":0,"comment_status":"closed","ping_status":"closed","template":"","meta":{"_et_pb_use_builder":"on","_et_pb_old_content":"","_et_gb_content_width":"","footnotes":""},"class_list":["post-857","page","type-page","status-publish","hentry"],"aioseo_notices":[],"_links":{"self":[{"href":"https:\/\/asrp-systems.com\/de\/index.php\/wp-json\/wp\/v2\/pages\/857","targetHints":{"allow":["GET"]}}],"collection":[{"href":"https:\/\/asrp-systems.com\/de\/index.php\/wp-json\/wp\/v2\/pages"}],"about":[{"href":"https:\/\/asrp-systems.com\/de\/index.php\/wp-json\/wp\/v2\/types\/page"}],"author":[{"embeddable":true,"href":"https:\/\/asrp-systems.com\/de\/index.php\/wp-json\/wp\/v2\/users\/1"}],"replies":[{"embeddable":true,"href":"https:\/\/asrp-systems.com\/de\/index.php\/wp-json\/wp\/v2\/comments?post=857"}],"version-history":[{"count":14,"href":"https:\/\/asrp-systems.com\/de\/index.php\/wp-json\/wp\/v2\/pages\/857\/revisions"}],"predecessor-version":[{"id":1414,"href":"https:\/\/asrp-systems.com\/de\/index.php\/wp-json\/wp\/v2\/pages\/857\/revisions\/1414"}],"wp:attachment":[{"href":"https:\/\/asrp-systems.com\/de\/index.php\/wp-json\/wp\/v2\/media?parent=857"}],"curies":[{"name":"wp","href":"https:\/\/api.w.org\/{rel}","templated":true}]}}