{"id":854,"date":"2021-07-27T14:27:22","date_gmt":"2021-07-27T13:27:22","guid":{"rendered":"https:\/\/asrp-systems.com\/index.php\/loesungen\/"},"modified":"2025-01-06T13:14:45","modified_gmt":"2025-01-06T12:14:45","slug":"loesungen","status":"publish","type":"page","link":"https:\/\/asrp-systems.com\/de\/index.php\/loesungen\/","title":{"rendered":"L\u00f6sungen"},"content":{"rendered":"<p>[et_pb_section fb_built=&#8220;1&#8243; _builder_version=&#8220;4.16&#8243; _module_preset=&#8220;default&#8220; global_colors_info=&#8220;{}&#8220;][et_pb_row _builder_version=&#8220;4.21.0&#8243; _module_preset=&#8220;default&#8220; custom_padding=&#8220;1vw||0vw||false|false&#8220; global_colors_info=&#8220;{}&#8220;][et_pb_column type=&#8220;4_4&#8243; _builder_version=&#8220;4.16&#8243; _module_preset=&#8220;default&#8220; global_colors_info=&#8220;{}&#8220;][et_pb_text _builder_version=&#8220;4.21.0&#8243; _module_preset=&#8220;default&#8220; text_text_color=&#8220;#00171f&#8220; text_font_size=&#8220;16px&#8220; text_line_height=&#8220;1.2em&#8220; header_font=&#8220;|600|||||||&#8220; header_text_color=&#8220;#00171f&#8220; header_line_height=&#8220;1.2em&#8220; global_colors_info=&#8220;{}&#8220;]<\/p>\n<h1 style=\"text-align: justify;\">Unsere L\u00f6sungen<\/h1>\n<p style=\"text-align: justify;\">Auf dieser Seite finden Sie unsere eigenen Produkte und Designpakete, die wir unseren Kunden anbieten. Bei Fragen k\u00f6nnen Sie sich gerne an uns wenden.<\/p>\n<h2 style=\"text-align: justify;\"><\/h2>\n<p style=\"text-align: justify;\">[\/et_pb_text][\/et_pb_column][\/et_pb_row][et_pb_row _builder_version=&#8220;4.21.0&#8243; _module_preset=&#8220;default&#8220; custom_padding=&#8220;0vw||2vw||false|false&#8220; global_colors_info=&#8220;{}&#8220;][et_pb_column type=&#8220;4_4&#8243; _builder_version=&#8220;4.21.0&#8243; _module_preset=&#8220;default&#8220; global_colors_info=&#8220;{}&#8220;][et_pb_blurb title=&#8220;STO-MOD-1A Designpaket&#8220; use_icon=&#8220;on&#8220; font_icon=&#8220;&#xf042;||fa||900&#8243; icon_color=&#8220;#ee960a&#8220; icon_placement=&#8220;left&#8220; image_icon_width=&#8220;32px&#8220; content_max_width=&#8220;558px&#8220; _builder_version=&#8220;4.24.0&#8243; _module_preset=&#8220;default&#8220; header_text_color=&#8220;#00171f&#8220; header_line_height=&#8220;1.2em&#8220; body_text_color=&#8220;#00171f&#8220; body_font_size=&#8220;16px&#8220; body_line_height=&#8220;1.2em&#8220; image_icon_custom_margin=&#8220;-2px||||false|false&#8220; image_icon_custom_padding=&#8220;|||0px|false|false&#8220; custom_margin=&#8220;|||-426px|false|false&#8220; custom_padding=&#8220;0vw||0vw|0px|true|false&#8220; global_colors_info=&#8220;{}&#8220;]<\/p>\n<p style=\"text-align: justify;\"><span>Es gibt einen aufstrebenden Markt f\u00fcr sichere Antriebe. Eine der am h\u00e4ufigsten verwendeten Sicherheitsfunktionen in Antriebsanwendungen ist Safe Torque Off (STO). Unser Ziel ist es, unseren Kunden eine solche Off-the-self-STO L\u00f6sung zur Verf\u00fcgung zu stellen, die sich einfach in ihre bestehenden Antriebe integrieren l\u00e4sst und alle Hardware- und Softwarekomponenten, sowie die entsprechende Dokumentation enth\u00e4lt, die f\u00fcr die Zertifizierung erforderlich sind. Durch den Kauf unseres Designpaket k\u00f6nnen Sie Ihre Entwicklungszeit deutlich verk\u00fcrzen.<\/span><\/p>\n<p style=\"text-align: justify;\"><em>[UPDATES KOMMEN IN K\u00dcRZE]<\/em><\/p>\n<p>[\/et_pb_blurb][et_pb_divider color=&#8220;#d6d6d6&#8243; divider_position=&#8220;center&#8220; divider_weight=&#8220;2px&#8220; _builder_version=&#8220;4.21.0&#8243; _module_preset=&#8220;default&#8220; width=&#8220;100%&#8220; max_width=&#8220;100%&#8220; custom_margin=&#8220;0px||0px||false|false&#8220; custom_padding=&#8220;0vw||0vw||true|false&#8220; global_colors_info=&#8220;{}&#8220;][\/et_pb_divider][\/et_pb_column][\/et_pb_row][\/et_pb_section]<\/p>\n","protected":false},"excerpt":{"rendered":"<p>Unsere L\u00f6sungen Auf dieser Seite finden Sie unsere eigenen Produkte und Designpakete, die wir unseren Kunden anbieten. Bei Fragen k\u00f6nnen Sie sich gerne an uns wenden. Es gibt einen aufstrebenden Markt f\u00fcr sichere Antriebe. Eine der am h\u00e4ufigsten verwendeten Sicherheitsfunktionen in Antriebsanwendungen ist Safe Torque Off (STO). Unser Ziel ist es, unseren Kunden eine solche [&hellip;]<\/p>\n","protected":false},"author":1,"featured_media":0,"parent":0,"menu_order":0,"comment_status":"closed","ping_status":"closed","template":"","meta":{"_et_pb_use_builder":"on","_et_pb_old_content":"","_et_gb_content_width":"","footnotes":""},"class_list":["post-854","page","type-page","status-publish","hentry"],"aioseo_notices":[],"_links":{"self":[{"href":"https:\/\/asrp-systems.com\/de\/index.php\/wp-json\/wp\/v2\/pages\/854","targetHints":{"allow":["GET"]}}],"collection":[{"href":"https:\/\/asrp-systems.com\/de\/index.php\/wp-json\/wp\/v2\/pages"}],"about":[{"href":"https:\/\/asrp-systems.com\/de\/index.php\/wp-json\/wp\/v2\/types\/page"}],"author":[{"embeddable":true,"href":"https:\/\/asrp-systems.com\/de\/index.php\/wp-json\/wp\/v2\/users\/1"}],"replies":[{"embeddable":true,"href":"https:\/\/asrp-systems.com\/de\/index.php\/wp-json\/wp\/v2\/comments?post=854"}],"version-history":[{"count":8,"href":"https:\/\/asrp-systems.com\/de\/index.php\/wp-json\/wp\/v2\/pages\/854\/revisions"}],"predecessor-version":[{"id":1201,"href":"https:\/\/asrp-systems.com\/de\/index.php\/wp-json\/wp\/v2\/pages\/854\/revisions\/1201"}],"wp:attachment":[{"href":"https:\/\/asrp-systems.com\/de\/index.php\/wp-json\/wp\/v2\/media?parent=854"}],"curies":[{"name":"wp","href":"https:\/\/api.w.org\/{rel}","templated":true}]}}