{"id":842,"date":"2021-08-01T08:47:38","date_gmt":"2021-08-01T07:47:38","guid":{"rendered":"https:\/\/asrp-systems.com\/index.php\/hardware-entwicklung\/"},"modified":"2025-07-04T15:24:54","modified_gmt":"2025-07-04T14:24:54","slug":"hardware-entwicklung","status":"publish","type":"page","link":"https:\/\/asrp-systems.com\/de\/index.php\/hardware-entwicklung\/","title":{"rendered":"Hardware &#8211; Entwicklung"},"content":{"rendered":"<p>[et_pb_section fb_built=&#8220;1&#8243; _builder_version=&#8220;4.21.0&#8243; _module_preset=&#8220;default&#8220; custom_padding=&#8220;||1vw||false|false&#8220; global_colors_info=&#8220;{}&#8220;][et_pb_row _builder_version=&#8220;4.21.0&#8243; _module_preset=&#8220;default&#8220; custom_padding=&#8220;1vw||0vw||false|false&#8220; global_colors_info=&#8220;{}&#8220;][et_pb_column type=&#8220;4_4&#8243; _builder_version=&#8220;4.16&#8243; _module_preset=&#8220;default&#8220; global_colors_info=&#8220;{}&#8220;][et_pb_text _builder_version=&#8220;4.27.4&#8243; _module_preset=&#8220;default&#8220; text_text_color=&#8220;#00171f&#8220; text_font_size=&#8220;16px&#8220; text_line_height=&#8220;1.2em&#8220; header_font=&#8220;|600|||||||&#8220; header_text_color=&#8220;#00171f&#8220; header_line_height=&#8220;1.2em&#8220; header_2_font=&#8220;|600|||||||&#8220; header_2_text_color=&#8220;#00171f&#8220; header_2_font_size=&#8220;18px&#8220; background_enable_image=&#8220;off&#8220; background_blend=&#8220;darken&#8220; custom_padding=&#8220;0vw||1vw||false|false&#8220; hover_enabled=&#8220;0&#8243; global_colors_info=&#8220;{}&#8220; sticky_enabled=&#8220;0&#8243;]<\/p>\n<h1 style=\"text-align: justify;\">Hardware &#8211; Entwicklung<\/h1>\n<p style=\"text-align: justify;\">Wenn Ihr Unternehmen elektronische Hardware entwickeln soll, die internationalen Normen (z. B. EMV, funktionale Sicherheit, elektrische Sicherheit usw.) entsprechen und auf einem regulierten Markt (z. B. in der EU) eingesetzt werden muss, kommen Ihnen die folgenden Fragen m\u00f6glicherweise bekannt vor:<\/p>\n<ul style=\"text-align: justify;\">\n<li style=\"list-style-type: none;\">\n<ul>\n<li>Welche internationalen Sicherheits- und Produktnormen gelten?<\/li>\n<li>Verf\u00fcgt Ihr Unternehmen \u00fcber einen geeigneten Hardware-Entwicklungsprozess?<\/li>\n<li>Haben Sie Anforderungen und sind diese korrekt und vollst\u00e4ndig definiert?<\/li>\n<li>Gibt es in Ihrer Organisation ein funktionierendes Anforderungsmanagement?<\/li>\n<li>Wie planen Sie die Verifizierungs- und Validierungsaktivit\u00e4ten?<\/li>\n<li>Ist die Hardware-Architektur dokumentiert?<\/li>\n<li>Ist das Hardware-Design dokumentiert?<\/li>\n<li>Verf\u00fcgt Ihr Team \u00fcber gen\u00fcgend Erfahrung, um h\u00e4ufige Designfehler zu vermeiden?<\/li>\n<li>Gibt es in Ihrem Unternehmen ein Konfigurationsmanagement?<\/li>\n<li>Verf\u00fcgen Sie \u00fcber einen \u00c4nderungsmanagementprozess?<\/li>\n<li>Wie gehen Sie mit Beschwerden und Feldausf\u00e4llen um?<\/li>\n<li>Sind das Design und die zugeh\u00f6rige Dokumentation korrekt und vollst\u00e4ndig?<\/li>\n<li>Besteht gen\u00fcgend Unabh\u00e4ngigkeit zwischen Design\/Implementierung und Verifizierung\/Validierung?<\/li>\n<li>Wie weisen Sie Ihren Kunden und den Zertifizierungsorganisationen nach, dass Ihr Produkt die entsprechenden Normen erf\u00fcllt?<\/li>\n<\/ul>\n<\/li>\n<\/ul>\n<p style=\"text-align: justify;\">Wir von ASRP-Systems verf\u00fcgen \u00fcber mehr als 17 Jahre Berufserfahrung in der Entwicklung elektronischer Hardware f\u00fcr die Automobil- und Industriebranche. In den letzten 11 Jahren haben wir uns haupts\u00e4chlich mit sicherheitsrelevanten Schaltungen besch\u00e4ftigt. Bei vielen dieser Projekte haben wir mit unseren Kunden, Partnern sowie unabh\u00e4ngigen Zertifizierungsorganisationen wie dem T\u00dcV Nord, T\u00dcV Rheinland und exida LLC zusammengearbeitet.<\/p>\n<p style=\"text-align: justify;\">Wir sind bereit, Sie oder Ihr Team bei der Bew\u00e4ltigung der Hardware-Entwicklungsaufgaben wie folgt zu unterst\u00fctzen:<\/p>\n<h2 style=\"text-align: justify;\">Dokumentation<\/h2>\n<p style=\"text-align: justify;\">Unsere Kunden vertrauen auf unsere Expertise bei der Erstellung von Dokumenten wie folgt:<\/p>\n<ul style=\"text-align: justify;\">\n<li style=\"list-style-type: none;\">\n<ul>\n<li>Anforderungsspezifikationen<\/li>\n<li>Dokumentation zur Hardware-Architektur<\/li>\n<li>Hardware-Designdokument<\/li>\n<li>Spezifikation f\u00fcr Hardwaretest<\/li>\n<\/ul>\n<\/li>\n<\/ul>\n<p style=\"text-align: justify;\">F\u00fcr die berufliche Weiterentwicklung ist das Vorhandensein einer konsistenten Hardware-Dokumentation notwendig. Eine gute Dokumentation verringert die Wahrscheinlichkeit, dass das Projekt scheitert. Ohne Dokumentation besteht ein viel h\u00f6heres Risiko f\u00fcr:<\/p>\n<ul style=\"text-align: justify;\">\n<li style=\"list-style-type: none;\">\n<ul>\n<li style=\"text-align: justify;\">Falsche Designentscheidungen (aufgrund fehlender Anforderungen)<\/li>\n<li style=\"text-align: justify;\">Systematische Ausf\u00e4lle (aufgrund fehlender Auslegungsberechnungen, Erl\u00e4uterungen etc.)<\/li>\n<li style=\"text-align: justify;\">Kommunikationsprobleme (mit Stakeholdern, Teammitgliedern, Zertifizierungsorganisationen)<\/li>\n<li style=\"text-align: justify;\">Steigende Entwicklungskosten und -zeit (aufgrund der zunehmenden Anzahl erforderlicher Redesign-Zyklen<\/li>\n<li style=\"text-align: justify;\">Wissensverlust (durch Fluktuation)<\/li>\n<\/ul>\n<\/li>\n<\/ul>\n<h2 style=\"text-align: justify;\">Schaltungs- und Schaltplandesign<\/h2>\n<p style=\"text-align: justify;\">Um die Komplexit\u00e4t zu bew\u00e4ltigen und eine saubere Schaltplanstruktur zu erreichen, verwenden wir bevorzugt die sogenannte Top-to-Bottom-Designmethode. Aus unserer Sicht m\u00fcssen hochwertige Schaltplandokumente diesen Ansatz in ihrer Struktur widerspiegeln und mindestens drei Abstraktionsebenen bereitstellen, die jeweils die System-, Funktionsblock- und Komponentenebene repr\u00e4sentieren. Eine saubere Schaltplanstruktur ist f\u00fcr die effektive Anwendung von Entwurfsanalysetechniken wie Block-FMEA, FTA und Komponenten-FMEDA unerl\u00e4sslich und erleichtert auch Reviewprozesse.<\/p>\n<p><img loading=\"lazy\" decoding=\"async\" src=\"https:\/\/asrp-systems.com\/wp-content\/uploads\/2021\/07\/SCH1-1024x441.png\" width=\"1024\" height=\"441\" alt=\"\" class=\"wp-image-87 aligncenter size-large\" \/><\/p>\n<p style=\"text-align: justify;\">F\u00fcr die Erstellung unserer Schaltpl\u00e4ne nutzen wir das beliebte Softwaretool Altium Designer, mit dem wir in den letzten 16 Jahren bereits viel Erfahrung gesammelt haben.<\/p>\n<p style=\"text-align: justify;\">F\u00fcr die Simulation verwenden wir LTSpice von Analog Devices (ehemaliger Linear Technology).<\/p>\n<h2>Layout Design<\/h2>\n<p style=\"text-align: justify;\">Mehrere unserer Kunden vertrauen regelm\u00e4\u00dfig auf unsere Expertise, wenn es um die EMV-konforme Gestaltung von Leiterplatten geht. Bisher haben wir mehr als 200 erfolgreiche PCB-Designs fertiggestellt. Bei vielen Projekten spielten neben den EMV-Eigenschaften auch die mechanische Beanspruchung sowie optimale thermische Eigenschaften eine wichtige Rolle. Unser Leiterplattenauftrag mit der h\u00f6chsten Komplexit\u00e4t war eine sicherheitsrelevante Erweiterungsplatine f\u00fcr Frequenzumrichter mit den folgenden Schl\u00fcsselparametern:<\/p>\n<table style=\"height: 168px; width: 600px; margin-left: auto; margin-right: auto;\" width=\"600\" height=\"168\">\n<tbody>\n<tr>\n<td style=\"width: 507.65px;\"><strong>Ma\u00dfe:<\/strong><\/td>\n<td style=\"width: 691.55px;\">127 mm x 88,9 mm (5.00 inch x 3.50 inch)<\/td>\n<\/tr>\n<tr>\n<td style=\"width: 507.65px;\"><strong>Anzahl der Kupferlagen:<\/strong><\/td>\n<td style=\"width: 691.55px;\">10<\/td>\n<\/tr>\n<tr>\n<td style=\"width: 507.65px;\"><strong>Anzahl der Komponenten:<\/strong><\/td>\n<td style=\"width: 691.55px;\">1783<\/td>\n<\/tr>\n<tr>\n<td style=\"width: 507.65px;\"><strong>Anzahl der Verbindungen:<\/strong><\/td>\n<td style=\"width: 691.55px;\">3402<\/td>\n<\/tr>\n<tr>\n<td style=\"width: 507.65px;\"><strong>Best\u00fcckung:<\/strong><\/td>\n<td style=\"width: 691.55px;\">doppelseitig (SMT)<\/td>\n<\/tr>\n<\/tbody>\n<\/table>\n<p><img loading=\"lazy\" decoding=\"async\" src=\"https:\/\/asrp-systems.com\/wp-content\/uploads\/2021\/07\/PCB4-e1627456630237-1024x683.png\" width=\"1024\" height=\"683\" alt=\"\" class=\"wp-image-104 aligncenter size-large\" \/><\/p>\n<p style=\"text-align: justify;\">F\u00fcr die Layoutgestaltung nutzen wir seit 16 Jahren Altium Designer.<\/p>\n<h2>Hardwaretests<\/h2>\n<p style=\"text-align: justify;\">Derzeit beschr\u00e4nken sich unsere Hardware-Testm\u00f6glichkeiten auf Funktions- und Modultests. Wir planen, unsere Dienstleistungen, um W\u00e4rmebild- und EMV-Pre-Compliance-Tests zu erweitern.<\/p>\n<p style=\"text-align: justify;\">In Bezug auf EMV-, elektrische Sicherheits- und Umweltpr\u00fcfungen (z. B. Temperatur, St\u00f6\u00dfe, Vibration usw.) verlassen wir uns auf Dritte.<\/p>\n<h2 style=\"text-align: justify;\">FMEDA<\/h2>\n<p style=\"text-align: justify;\">Sicherheitsnormen (z. B. IEC 61508, ISO 26262 usw.) erfordern die Anwendung quantitativer Methoden zum Nachweis, dass eine bestimmte Schaltung ihre Sicherheitsziele erf\u00fcllt. In den meisten F\u00e4llen bedeutet dies, dass eine sogenannte Failure-Mode, Effect and Diagnostic Analysis (FMEDA) an der sicherheitsrelevanten Elektronik durchgef\u00fchrt werden muss. FMEDA kann bei der Identifizierung von Konstruktionsfehlern helfen und liefert neben anderen Parametern die Wahrscheinlichkeit gef\u00e4hrlicher Ausf\u00e4lle einer bestimmten Sicherheitsfunktion. Die Durchf\u00fchrung von FMEDAs erfordert Erfahrung und fundierte Kenntnisse in der Schaltungsanalyse. Wir glauben, dass unser FMEDA-Service sehr wettbewerbsf\u00e4hig ist und Ihnen das beste Preis-Leistungs-Verh\u00e4ltnis bietet.<\/p>\n<p style=\"text-align: justify;\">Seit Anfang 2024 k\u00f6nnen wir unseren Kunden die Durchf\u00fchrung von FMEDAs mit dem OEMx-Tool der <a href=\"https:\/\/www.exida.com\/OEMx\">exida LLC<\/a> anbieten.<\/p>\n<h1><img loading=\"lazy\" decoding=\"async\" src=\"https:\/\/asrp-systems.com\/wp-content\/uploads\/2022\/01\/FMEDA-1024x208.png\" width=\"1024\" height=\"208\" alt=\"\" class=\"wp-image-480 aligncenter size-large\" \/><\/h1>\n<h2>Beratung und Review<\/h2>\n<p style=\"text-align: justify;\">Gerne unterst\u00fctzen wir Sie auch mit Beratungs- und Reviewleistungen im Zusammenhang mit den oben aufgef\u00fchrten Hardware-Entwicklungsaktivit\u00e4ten. Sie k\u00f6nnen uns gerne kontaktieren.<\/p>\n<p>[\/et_pb_text][\/et_pb_column][\/et_pb_row][et_pb_row _builder_version=&#8220;4.21.0&#8243; _module_preset=&#8220;default&#8220; custom_padding=&#8220;0vw||1vw||false|false&#8220; global_colors_info=&#8220;{}&#8220;][et_pb_column type=&#8220;4_4&#8243; _builder_version=&#8220;4.21.0&#8243; _module_preset=&#8220;default&#8220; global_colors_info=&#8220;{}&#8220;][et_pb_button button_url=&#8220;https:\/\/asrp-systems.com\/de\/index.php\/kontakt\/&#8220; button_text=&#8220;LASSEN SIE UNS REDEN!&#8220; _builder_version=&#8220;4.27.0&#8243; _module_preset=&#8220;default&#8220; custom_button=&#8220;on&#8220; button_text_size=&#8220;18px&#8220; button_text_color=&#8220;#FFFFFF&#8220; button_bg_color=&#8220;#ee960a&#8220; button_border_width=&#8220;0px&#8220; button_border_color=&#8220;#FFFFFF&#8220; button_font=&#8220;|700||on|||||&#8220; button_icon_color=&#8220;#00171f&#8220; custom_padding=&#8220;||||false|false&#8220; box_shadow_style=&#8220;preset1&#8243; global_colors_info=&#8220;{}&#8220;][\/et_pb_button][\/et_pb_column][\/et_pb_row][\/et_pb_section]<\/p>\n","protected":false},"excerpt":{"rendered":"<p>Hardware &#8211; Entwicklung Wenn Ihr Unternehmen elektronische Hardware entwickeln soll, die internationalen Normen (z. B. EMV, funktionale Sicherheit, elektrische Sicherheit usw.) entsprechen und auf einem regulierten Markt (z. B. in der EU) eingesetzt werden muss, kommen Ihnen die folgenden Fragen m\u00f6glicherweise bekannt vor: Welche internationalen Sicherheits- und Produktnormen gelten? Verf\u00fcgt Ihr Unternehmen \u00fcber einen geeigneten [&hellip;]<\/p>\n","protected":false},"author":1,"featured_media":0,"parent":0,"menu_order":0,"comment_status":"closed","ping_status":"closed","template":"","meta":{"_et_pb_use_builder":"on","_et_pb_old_content":"","_et_gb_content_width":"","footnotes":""},"class_list":["post-842","page","type-page","status-publish","hentry"],"aioseo_notices":[],"_links":{"self":[{"href":"https:\/\/asrp-systems.com\/de\/index.php\/wp-json\/wp\/v2\/pages\/842","targetHints":{"allow":["GET"]}}],"collection":[{"href":"https:\/\/asrp-systems.com\/de\/index.php\/wp-json\/wp\/v2\/pages"}],"about":[{"href":"https:\/\/asrp-systems.com\/de\/index.php\/wp-json\/wp\/v2\/types\/page"}],"author":[{"embeddable":true,"href":"https:\/\/asrp-systems.com\/de\/index.php\/wp-json\/wp\/v2\/users\/1"}],"replies":[{"embeddable":true,"href":"https:\/\/asrp-systems.com\/de\/index.php\/wp-json\/wp\/v2\/comments?post=842"}],"version-history":[{"count":17,"href":"https:\/\/asrp-systems.com\/de\/index.php\/wp-json\/wp\/v2\/pages\/842\/revisions"}],"predecessor-version":[{"id":1406,"href":"https:\/\/asrp-systems.com\/de\/index.php\/wp-json\/wp\/v2\/pages\/842\/revisions\/1406"}],"wp:attachment":[{"href":"https:\/\/asrp-systems.com\/de\/index.php\/wp-json\/wp\/v2\/media?parent=842"}],"curies":[{"name":"wp","href":"https:\/\/api.w.org\/{rel}","templated":true}]}}