{"id":839,"date":"2021-08-01T08:47:20","date_gmt":"2021-08-01T07:47:20","guid":{"rendered":"https:\/\/asrp-systems.com\/index.php\/funktionale-sicherheit\/"},"modified":"2024-08-12T14:00:47","modified_gmt":"2024-08-12T13:00:47","slug":"funktionale-sicherheit","status":"publish","type":"page","link":"https:\/\/asrp-systems.com\/de\/index.php\/funktionale-sicherheit\/","title":{"rendered":"Funktionale Sicherheit"},"content":{"rendered":"<p>[et_pb_section fb_built=&#8220;1&#8243; _builder_version=&#8220;4.21.0&#8243; _module_preset=&#8220;default&#8220; custom_padding=&#8220;||1vw||false|false&#8220; global_colors_info=&#8220;{}&#8220;][et_pb_row _builder_version=&#8220;4.21.0&#8243; _module_preset=&#8220;default&#8220; custom_padding=&#8220;1vw||1vw||true|false&#8220; global_colors_info=&#8220;{}&#8220;][et_pb_column type=&#8220;4_4&#8243; _builder_version=&#8220;4.16&#8243; _module_preset=&#8220;default&#8220; global_colors_info=&#8220;{}&#8220;][et_pb_text _builder_version=&#8220;4.24.0&#8243; _module_preset=&#8220;default&#8220; text_text_color=&#8220;#00171f&#8220; text_font_size=&#8220;16px&#8220; text_line_height=&#8220;1.2em&#8220; header_2_font=&#8220;|600|||||||&#8220; header_2_text_color=&#8220;#00171f&#8220; header_2_font_size=&#8220;30px&#8220; header_2_line_height=&#8220;1.2em&#8220; header_4_font=&#8220;|600|||||||&#8220; header_4_text_color=&#8220;#00171f&#8220; header_4_line_height=&#8220;1.4em&#8220; custom_margin=&#8220;||0px|||&#8220; custom_padding=&#8220;||||false|false&#8220; text_font_tablet=&#8220;&#8220; text_font_phone=&#8220;&#8220; text_font_last_edited=&#8220;on|desktop&#8220; header_font_tablet=&#8220;&#8220; header_font_phone=&#8220;&#8220; header_font_last_edited=&#8220;on|phone&#8220; global_colors_info=&#8220;{}&#8220;]<\/p>\n<h2>Funktionale Sicherheit<\/h2>\n<div class=\"et_pb_module et_pb_text et_pb_text_16 et_pb_text_align_left et_pb_bg_layout_light\">\n<div class=\"et_pb_text_inner\">\n<p style=\"text-align: justify;\">Technische Systeme (z. B. Maschinen), deren Fehlfunktion zu Sachsch\u00e4den, Naturkatastrophen, Personensch\u00e4den oder zum Tod f\u00fchren kann, werden als sicherheitsrelevante oder sicherheitskritische Systeme bezeichnet. Viele Systeme, die im Automobil-, Industrie-, Luft- und Raumfahrt-, Medizin-, Nuklear-, Eisenbahn- oder sogar Verbrauchersektor eingesetzt werden, k\u00f6nnen als sicherheitsrelevant oder sicherheitskritisch eingestuft werden. Einige davon, deren ordnungsgem\u00e4\u00dfer Betrieb f\u00fcr die Erf\u00fcllung einer bestimmten Mission unabdingbar ist (z. B. Flugkontrollsysteme, Verteidigungssysteme usw.), werden als missionskritische Systeme bezeichnet.<\/p>\n<p style=\"text-align: justify;\">Die Konstruktion, die Verifizierung, die Validierung, die Inbetriebnahme, der Betrieb, die Wartung und die Stilllegung sicherheitsrelevanter, sicherheitskritischer und unternehmenskritischer Systeme werden durch internationale Normen unterst\u00fctzt. Einige der wichtigsten Sicherheitsnormen sind in der folgenden Abbildung dargestellt.<\/p>\n<\/div>\n<\/div>\n<div class=\"et_pb_module et_pb_image et_pb_image_4\"><span class=\"et_pb_image_wrap \"><img loading=\"lazy\" decoding=\"async\" width=\"2560\" height=\"951\" src=\"https:\/\/asrp-systems.com\/wp-content\/uploads\/2021\/10\/Safety-standards-1-scaled.jpg\" alt=\"\" title=\"Sicherheitsnormen\" class=\"wp-image-433\" \/><\/span><\/div>\n<div class=\"et_pb_module et_pb_text et_pb_text_17 et_pb_text_align_left et_pb_bg_layout_light\">\n<div class=\"et_pb_text_inner\">\n<p style=\"text-align: justify;\">Hersteller und Betreiber dieser Anlagen sind \u2013 in vielen F\u00e4llen gesetzlich \u2013 dazu verpflichtet, einheitliche Sicherheitsanforderungen aus unterschiedlichen Sicherheitsnormen einzuhalten, um Menschen, Ger\u00e4te und die Betriebsumgebung vor Verletzungen oder Sch\u00e4den zu sch\u00fctzen. Beispielsweise legt in der Europ\u00e4ischen Union die Europ\u00e4ische Maschinenrichtlinie (2006\/42\/EG) zusammen mit harmonisierten Normen (z. B. ISO 13849, IEC 62061) den Rahmen f\u00fcr die funktionale Sicherheit von Maschinen fest. Die Umsetzung dieser Richtlinie auf nationaler Ebene erfolgt durch nationale Gesetze und Verordnungen.<\/p>\n<p style=\"text-align: justify;\">Obwohl die Einhaltung von Sicherheitsstandards nicht immer gesetzlich vorgeschrieben ist (z. B. im Fall von ISO 26262), ist es zwingend erforderlich zu verstehen, dass eine Sicherheitsnorm den neuesten Stand der Technik in der Sicherheitsrichtlinie f\u00fcr einen bestimmten Industriesektor und damit auch f\u00fcr die Prozesse und Qualit\u00e4t darstellt. Die, in einer solchen Norm definierten Sicherungsma\u00dfnahmen m\u00fcssen Teil des Qualit\u00e4tsmanagementsystems eines in dieser Branche t\u00e4tigen Unternehmens sein. Bitte beachten Sie, dass die Missachtung von Sicherheitsnormen schwerwiegende rechtliche Folgen haben kann, wenn sich im Falle eines Unfalls herausstellt \u2013 z.B. vor Gericht \u2013 dass das Qualit\u00e4tsmanagementsystem einschlie\u00dflich des Produktentwicklungsprozesses nicht den bestehenden Sicherheitsnormen entsprach.<\/p>\n<\/div>\n<\/div>\n<div class=\"et_pb_module et_pb_text et_pb_text_18 et_pb_text_align_left et_pb_bg_layout_light\">\n<div class=\"et_pb_text_inner\">\n<h4>Was ist der Unterschied zwischen Sicherheit und funktionaler Sicherheit?<\/h4>\n<\/div>\n<\/div>\n<div class=\"et_pb_module et_pb_text et_pb_text_19 et_pb_text_align_left et_pb_bg_layout_light\">\n<div class=\"et_pb_text_inner\">\n<p style=\"text-align: justify;\">Sicherheit ist eine Eigenschaft des Gesamtsystems und muss daher immer auf Systemebene beurteilt werden. Funktionale Sicherheit kann jedoch, als Teil des gesamten Systemsicherheitskonzepts betrachtet werden. Unter funktionaler Sicherheit versteht man per Definition die Freiheit von einem unzumutbaren Verletzungs- oder Schadensrisiko durch die ordnungsgem\u00e4\u00dfe Umsetzung einer oder mehrerer automatischer Schutzfunktionen, die oft als Sicherheitsfunktionen bezeichnet werden.<\/p>\n<p style=\"text-align: justify;\">Das Ziel der funktionalen Sicherheit besteht darin, sicherzustellen, dass die automatische Sicherheitsfunktion bei Anforderung korrekt ausgef\u00fchrt wird oder, dass das System (z. B. im Fehlerfall) vorhersehbar oder kontrolliert in den sicheren Zustand \u00fcbergeht.<\/p>\n<p style=\"text-align: justify;\">Die funktionale Sicherheit konzentriert sich auch auf die Komponenten des Sicherheitssystems, bei denen es sich beispielsweise um Sensoren, Aktoren, Steuerungen und \u00e4hnliche Ger\u00e4te handeln kann. Diese Komponenten k\u00f6nnen weiter in Hardware- und sehr h\u00e4ufig Softwareteile unterteilt werden. Im Allgemeinen konzentriert sich Funktionale Sicherheit (FS) auf die Hardware- und Softwarekomponenten von Sicherheitssystemen, die f\u00fcr die Ausf\u00fchrung der Sicherheitsfunktionen verantwortlich sind.<\/p>\n<\/div>\n<\/div>\n<div class=\"et_pb_module et_pb_text et_pb_text_20 et_pb_text_align_left et_pb_bg_layout_light\">\n<div class=\"et_pb_text_inner\">\n<h4>Was kann schieflaufen?<\/h4>\n<\/div>\n<\/div>\n<div class=\"et_pb_module et_pb_text et_pb_text_21 et_pb_text_align_left et_pb_bg_layout_light\">\n<div class=\"et_pb_text_inner\">\n<p style=\"text-align: justify;\">Sicherheitsstandards unterscheiden zwischen zuf\u00e4lligen und systematischen Fehlern, und einige Normen (z. B. IEC 61511) ber\u00fccksichtigen auch menschliche Fehler als m\u00f6gliche Fehlerursache. Zuf\u00e4llige Fehler beziehen sich auf Hardwarekomponenten, w\u00e4hrend systematische Fehler Designfehler sind und sowohl Hardware- als auch Softwarekomponenten betreffen. Durch die Befolgung eines geeigneten Entwicklungsprozesses und die Anwendung geeigneter Ma\u00dfnahmen zur Fehlerminderung, kann die Anzahl systematischer Fehler minimiert werden. Andererseits lassen sich zuf\u00e4llige Fehler nicht vermeiden, ihre Auswirkungen k\u00f6nnen jedoch mit geeigneten Hardware-Designtechniken abgemildert werden.<\/p>\n<\/div>\n<\/div>\n<div class=\"et_pb_module et_pb_text et_pb_text_22 et_pb_text_align_left et_pb_bg_layout_light\">\n<div class=\"et_pb_text_inner\">\n<h4>Wie erreicht man funktionale Sicherheit?<\/h4>\n<\/div>\n<\/div>\n<div class=\"et_pb_module et_pb_text et_pb_text_23 et_pb_text_align_left et_pb_bg_layout_light\">\n<div class=\"et_pb_text_inner\">\n<p style=\"text-align: justify;\">Das Erreichen funktionaler Sicherheit ist nicht immer ein einfacher Prozess. Zun\u00e4chst m\u00fcssen Organisationen, die Sicherheitskomponenten entwickeln oder Sicherheitssysteme herstellen, die relevanten Sicherheitsnormen identifizieren und befolgen.<\/p>\n<p style=\"text-align: justify;\">Angenommen, ein Unternehmen beabsichtigt, ein Sicherheitsbauteil f\u00fcr Maschinen zu entwickeln, das auf den europ\u00e4ischen Markt gebracht werden soll. In dieser Situation muss sich das Designteam mit grundlegenden Sicherheitsnormen (z. B. IEC 61508, ISO 12100), generischen Sicherheitsnormen (z. B. IEC 62061, ISO 13849 usw.) und schlie\u00dflich mit produktspezifischen Sicherheitsnormen (z. B. IEC 61800-5-2 usw.) auseinandersetzen. Diese Normen werden oft als Typ-A-, Typ-B- und Typ-C-Normen bezeichnet.<\/p>\n<\/div>\n<\/div>\n<div class=\"et_pb_module et_pb_image et_pb_image_5\"><span class=\"et_pb_image_wrap \"><img loading=\"lazy\" decoding=\"async\" width=\"4256\" height=\"1488\" src=\"https:\/\/asrp-systems.com\/wp-content\/uploads\/2021\/10\/Safety-standards_2.png\" alt=\"\" title=\"Sicherheitsnormen_2\" class=\"wp-image-416\" \/><\/span><\/div>\n<div class=\"et_pb_module et_pb_text et_pb_text_24 et_pb_text_align_left et_pb_bg_layout_light\">\n<div class=\"et_pb_text_inner\">\n<p style=\"text-align: justify;\">Auf den ersten Blick scheint dies nicht kompliziert zu sein, aber wenn jemand anf\u00e4ngt, sich in die Details der Sicherheitsnormen zu vertiefen, k\u00f6nnte es schnell \u00fcberw\u00e4ltigend werden. Um auf den Punkt zu kommen, ohne zu viel Zeit zu verlieren, finden Sie hier eine Liste der wichtigsten Aufgaben, mit denen sich Ihre Organisation befassen muss, wenn Sie sichere Produkte entwickeln m\u00f6chten:<\/p>\n<ul style=\"text-align: justify;\">\n<li>\n<ul>\n<li><strong>Etablieren Sie eine Sicherheitskultur in Ihrem Unternehmen<\/strong>\n<ul>\n<li>Stellen Sie erfahrene und qualifizierte Sicherheitskr\u00e4fte <span>ein<\/span> (<em>das wird weder einfach noch billig sein)<\/em><\/li>\n<li>Schulen Sie Ihre Kollegen (Ingenieure, Manager und Vertriebsmitarbeiter) im Bereich der funktionalen <span>Sicherheit<\/span> <em>(das wird viel Zeit in Anspruch nehmen)<\/em><\/li>\n<li>Rollen und Verantwortlichkeiten <span>zuweisen<\/span> <em>(Funktionale Sicherheit Manager, Sicherheitsplan)<\/em><\/li>\n<\/ul>\n<\/li>\n<li><strong>Ausarbeitung eines geeigneten Produktentwicklungsprocesses unter Einhaltung der relevanten Sicherheitsnormen<\/strong>\n<ul>\n<li>W\u00e4hlen Sie eine <span>Produktentwicklungsmethodik<\/span> <em>(Wasserfall, V, Agile usw.)<\/em><\/li>\n<li>Spezifizieren Sie die Phasen des Entwicklungsprozesses (<em>Spezifikation, Design, Implementierung, Test)<\/em><span> <\/span>einschlie\u00dflich Eingabe- und Ausgabedokumenten sowie Produkten<span> <\/span><em>(z. B. Sicherheitsanforderungsspezifikation, Pr\u00fcfbericht, Schaltplandokumente, Designspezifikation, Simulationsdaten, Programmcode, Testspezifikation) Pr\u00fcfbericht, Layoutdaten, Fertigungsdaten usw.)<\/em><\/li>\n<li>Spezifizierung der Aktivit\u00e4ten und der damit verbundenen <span>Qualit\u00e4tssicherungsma\u00dfnahmen<\/span> <em>(Planung zur Verifizierung und Validierung)<\/em><\/li>\n<\/ul>\n<\/li>\n<li><strong>Produktentwicklung unter Einhaltung der relevanten Sicherheitsnormen<\/strong>\n<ul>\n<li>Geben Sie das Produkt Sicherheitszielen an<\/li>\n<li>Design von Hardware, Software und mechanischen Komponenten<\/li>\n<li>Wenden Sie die richtigen Designtechniken an<\/li>\n<li>Lassen Sie alles dokumentieren<\/li>\n<li>Lassen Sie alles verifizieren und testen<\/li>\n<\/ul>\n<\/li>\n<li><strong>Projektmanagement<\/strong>\n<ul>\n<li>Um sicherzustellen, dass die Entwicklung nach Plan verl\u00e4uft<\/li>\n<\/ul>\n<\/li>\n<li><strong>Anforderungsmanagement<\/strong>\n<ul>\n<li>Um sicherzustellen, dass das Produkt alle Anforderungen erf\u00fcllt<\/li>\n<\/ul>\n<\/li>\n<li><strong>\u00c4nderungsmanagement<\/strong>\n<ul>\n<li>Damit \u00c4nderungen kontrolliert in Ihr Produkt gelangen<\/li>\n<\/ul>\n<\/li>\n<li><strong>Konfigurationsmanagement<\/strong>\n<ul>\n<li>Damit alles, was zusammengeh\u00f6rt, immer aktuell bleibt<\/li>\n<\/ul>\n<\/li>\n<li><strong>R\u00fcckverfolgbarkeit<\/strong>\n<ul>\n<li>So behalten Sie auch auf Komponentenebene den \u00dcberblick<\/li>\n<\/ul>\n<\/li>\n<li><strong>Zertifizierung durch eine unabh\u00e4ngige (und akkreditierte) Organisation<\/strong>\n<ul>\n<li>Dies ist nicht immer zwingend erforderlich, wird jedoch dringend empfohlen<\/li>\n<li>Marketing<\/li>\n<\/ul>\n<\/li>\n<\/ul>\n<\/li>\n<\/ul>\n<p style=\"text-align: justify;\">Viele Punkte der obigen Liste kommen Ihnen m\u00f6glicherweise bekannt vor, wenn Ihr Unternehmen bereits Erfahrung in der Entwicklung nicht sicherer Produkte hat. In den meisten F\u00e4llen k\u00f6nnen bestehende Prozesse und Arbeitsabl\u00e4ufe an die sicherheitsrelevante Produktentwicklung angepasst werden.<\/p>\n<\/div>\n<\/div>\n<div class=\"et_pb_module et_pb_text et_pb_text_25 et_pb_text_align_left et_pb_bg_layout_light\" style=\"text-align: justify;\">\n<div class=\"et_pb_text_inner\"><\/div>\n<\/div>\n<div class=\"et_pb_module et_pb_text et_pb_text_26 et_pb_text_align_left et_pb_bg_layout_light\">\n<div class=\"et_pb_text_inner\">\n<p style=\"text-align: justify;\">Bitte z\u00f6gern Sie nicht, uns zu kontaktieren, wenn Sie professionelle Beratung zu Sicherheitsnormen ben\u00f6tigen.<\/p>\n<p>&nbsp;<\/p>\n<\/div>\n<\/div>\n<p>[\/et_pb_text][et_pb_button button_url=&#8220;https:\/\/asrp-systems.com\/de\/index.php\/kontakt\/&#8220; button_text=&#8220;Lassen Sie uns reden!&#8220; button_alignment=&#8220;left&#8220; _builder_version=&#8220;4.27.0&#8243; _module_preset=&#8220;default&#8220; custom_button=&#8220;on&#8220; button_text_size=&#8220;18px&#8220; button_text_color=&#8220;#FFFFFF&#8220; button_bg_color=&#8220;#ee960a&#8220; button_border_width=&#8220;0px&#8220; button_border_color=&#8220;#E09900&#8243; button_font=&#8220;|700||on|||||&#8220; button_icon_color=&#8220;#00171f&#8220; custom_margin=&#8220;||||false|false&#8220; custom_padding=&#8220;||||false|false&#8220; hover_enabled=&#8220;0&#8243; box_shadow_style=&#8220;preset1&#8243; global_colors_info=&#8220;{}&#8220; sticky_enabled=&#8220;0&#8243;][\/et_pb_button][\/et_pb_column][\/et_pb_row][\/et_pb_section]<\/p>\n","protected":false},"excerpt":{"rendered":"<p>Funktionale Sicherheit Technische Systeme (z. B. Maschinen), deren Fehlfunktion zu Sachsch\u00e4den, Naturkatastrophen, Personensch\u00e4den oder zum Tod f\u00fchren kann, werden als sicherheitsrelevante oder sicherheitskritische Systeme bezeichnet. Viele Systeme, die im Automobil-, Industrie-, Luft- und Raumfahrt-, Medizin-, Nuklear-, Eisenbahn- oder sogar Verbrauchersektor eingesetzt werden, k\u00f6nnen als sicherheitsrelevant oder sicherheitskritisch eingestuft werden. Einige davon, deren ordnungsgem\u00e4\u00dfer Betrieb f\u00fcr [&hellip;]<\/p>\n","protected":false},"author":1,"featured_media":0,"parent":0,"menu_order":0,"comment_status":"closed","ping_status":"closed","template":"","meta":{"_et_pb_use_builder":"on","_et_pb_old_content":"","_et_gb_content_width":"","footnotes":""},"class_list":["post-839","page","type-page","status-publish","hentry"],"aioseo_notices":[],"_links":{"self":[{"href":"https:\/\/asrp-systems.com\/de\/index.php\/wp-json\/wp\/v2\/pages\/839","targetHints":{"allow":["GET"]}}],"collection":[{"href":"https:\/\/asrp-systems.com\/de\/index.php\/wp-json\/wp\/v2\/pages"}],"about":[{"href":"https:\/\/asrp-systems.com\/de\/index.php\/wp-json\/wp\/v2\/types\/page"}],"author":[{"embeddable":true,"href":"https:\/\/asrp-systems.com\/de\/index.php\/wp-json\/wp\/v2\/users\/1"}],"replies":[{"embeddable":true,"href":"https:\/\/asrp-systems.com\/de\/index.php\/wp-json\/wp\/v2\/comments?post=839"}],"version-history":[{"count":4,"href":"https:\/\/asrp-systems.com\/de\/index.php\/wp-json\/wp\/v2\/pages\/839\/revisions"}],"predecessor-version":[{"id":1150,"href":"https:\/\/asrp-systems.com\/de\/index.php\/wp-json\/wp\/v2\/pages\/839\/revisions\/1150"}],"wp:attachment":[{"href":"https:\/\/asrp-systems.com\/de\/index.php\/wp-json\/wp\/v2\/media?parent=839"}],"curies":[{"name":"wp","href":"https:\/\/api.w.org\/{rel}","templated":true}]}}