{"id":833,"date":"2021-07-27T14:28:26","date_gmt":"2021-07-27T13:28:26","guid":{"rendered":"https:\/\/asrp-systems.com\/index.php\/cookie-richtlinie\/"},"modified":"2024-02-22T10:38:07","modified_gmt":"2024-02-22T09:38:07","slug":"cookie-richtlinie","status":"publish","type":"page","link":"https:\/\/asrp-systems.com\/de\/index.php\/cookie-richtlinie\/","title":{"rendered":"Cookie-Richtlinie"},"content":{"rendered":"<p>[et_pb_section fb_built=&#8220;1&#8243; _builder_version=&#8220;4.16&#8243; _module_preset=&#8220;default&#8220; global_colors_info=&#8220;{}&#8220;][et_pb_row _builder_version=&#8220;4.16&#8243; _module_preset=&#8220;default&#8220; global_colors_info=&#8220;{}&#8220;][et_pb_column type=&#8220;4_4&#8243; _builder_version=&#8220;4.16&#8243; _module_preset=&#8220;default&#8220; global_colors_info=&#8220;{}&#8220;][et_pb_text _builder_version=&#8220;4.24.0&#8243; _module_preset=&#8220;default&#8220; text_text_color=&#8220;#00171f&#8220; text_font_size=&#8220;16px&#8220; text_line_height=&#8220;1.2em&#8220; header_4_font=&#8220;|700|||||||&#8220; header_4_text_color=&#8220;#00171f&#8220; header_4_font_size=&#8220;25px&#8220; header_4_line_height=&#8220;1.4em&#8220; custom_padding=&#8220;0vw||0vw||true|false&#8220; hover_enabled=&#8220;0&#8243; global_colors_info=&#8220;{}&#8220; sticky_enabled=&#8220;0&#8243;]<\/p>\n<h4>Cookie-Richtlinie<\/h4>\n<p style=\"text-align: justify;\">Die Website<span> <\/span><a href=\"http:\/\/www.asrp-systems.com\/\">www.asrp-systems.com<\/a><span> <\/span>verwendet Cookies. Ein Cookie ist eine kleine Textdatei, die auf Ihrem Computer gespeichert wird. Ein Cookie erm\u00f6glicht Ihrem Browser, Sie und Ihre letzten Einstellungen (z.B. Spracheinstellungen) auf der Website zu erkennen. Ihre Einstellungen stehen sofort zur Verf\u00fcgung und m\u00fcssen nicht erneut vorgenommen werden.<\/p>\n<p style=\"text-align: justify;\">Wir verwenden au\u00dferdem Cookies, die Ihre Pr\u00e4ferenzen f\u00fcr die Nutzung einer Website speichern, um die angezeigten Inhalte an Ihre pers\u00f6nlichen Interessen und Bed\u00fcrfnisse anzupassen.<\/p>\n<p style=\"text-align: justify;\">Schlie\u00dflich verwenden wir Cookies von Drittanbietern, die uns helfen, zu analysieren und zu verstehen, wie Sie diese Website nutzen. Diese Cookies werden nur mit Ihrer Einwilligung in Ihrem Browser gespeichert.<\/p>\n<p style=\"text-align: justify;\">Sie k\u00f6nnen Ihren Browser so einstellen, dass Sie \u00fcber das Setzen von Cookies informiert werden und dies nur im Einzelfall erlauben, die Annahme von Cookies f\u00fcr bestimmte F\u00e4lle erlauben oder generell ausschlie\u00dfen, sowie das automatische L\u00f6schen der Cookies beim Schlie\u00dfen des Browsers aktivieren. Bei der Deaktivierung von Cookies kann die Funktionalit\u00e4t dieser Website eingeschr\u00e4nkt sein.<\/p>\n<p style=\"text-align: justify;\">Nutzer, die nicht m\u00f6chten, dass Cookies auf ihrem Rechner gespeichert werden, deaktivieren bitte diese Option in den Systemeinstellungen ihres Browsers. Auch bereits gespeicherte Cookies k\u00f6nnen in den Systemeinstellungen des Browsers gel\u00f6scht werden. Wir weisen Sie darauf hin, dass das Deaktivieren oder Ausschlie\u00dfen von Cookies den Betrieb dieser Website einschr\u00e4nken kann.<\/p>\n<p style=\"text-align: justify;\"><em>Datum der letzten Aktualisierung: 19. November 2023<\/em><\/p>\n<p style=\"text-align: justify;\">[\/et_pb_text][\/et_pb_column][\/et_pb_row][\/et_pb_section]<\/p>\n","protected":false},"excerpt":{"rendered":"<p>Cookie-Richtlinie Die Website www.asrp-systems.com verwendet Cookies. Ein Cookie ist eine kleine Textdatei, die auf Ihrem Computer gespeichert wird. Ein Cookie erm\u00f6glicht Ihrem Browser, Sie und Ihre letzten Einstellungen (z.B. Spracheinstellungen) auf der Website zu erkennen. Ihre Einstellungen stehen sofort zur Verf\u00fcgung und m\u00fcssen nicht erneut vorgenommen werden. Wir verwenden au\u00dferdem Cookies, die Ihre Pr\u00e4ferenzen f\u00fcr [&hellip;]<\/p>\n","protected":false},"author":1,"featured_media":0,"parent":0,"menu_order":0,"comment_status":"closed","ping_status":"closed","template":"","meta":{"_et_pb_use_builder":"on","_et_pb_old_content":"","_et_gb_content_width":"","footnotes":""},"class_list":["post-833","page","type-page","status-publish","hentry"],"aioseo_notices":[],"_links":{"self":[{"href":"https:\/\/asrp-systems.com\/de\/index.php\/wp-json\/wp\/v2\/pages\/833","targetHints":{"allow":["GET"]}}],"collection":[{"href":"https:\/\/asrp-systems.com\/de\/index.php\/wp-json\/wp\/v2\/pages"}],"about":[{"href":"https:\/\/asrp-systems.com\/de\/index.php\/wp-json\/wp\/v2\/types\/page"}],"author":[{"embeddable":true,"href":"https:\/\/asrp-systems.com\/de\/index.php\/wp-json\/wp\/v2\/users\/1"}],"replies":[{"embeddable":true,"href":"https:\/\/asrp-systems.com\/de\/index.php\/wp-json\/wp\/v2\/comments?post=833"}],"version-history":[{"count":3,"href":"https:\/\/asrp-systems.com\/de\/index.php\/wp-json\/wp\/v2\/pages\/833\/revisions"}],"predecessor-version":[{"id":1055,"href":"https:\/\/asrp-systems.com\/de\/index.php\/wp-json\/wp\/v2\/pages\/833\/revisions\/1055"}],"wp:attachment":[{"href":"https:\/\/asrp-systems.com\/de\/index.php\/wp-json\/wp\/v2\/media?parent=833"}],"curies":[{"name":"wp","href":"https:\/\/api.w.org\/{rel}","templated":true}]}}