{"id":830,"date":"2021-07-27T14:35:05","date_gmt":"2021-07-27T13:35:05","guid":{"rendered":"https:\/\/asrp-systems.com\/index.php\/impressum\/"},"modified":"2024-02-08T10:36:10","modified_gmt":"2024-02-08T09:36:10","slug":"impressum","status":"publish","type":"page","link":"https:\/\/asrp-systems.com\/de\/index.php\/impressum\/","title":{"rendered":"Impressum"},"content":{"rendered":"<p>[et_pb_section fb_built=&#8220;1&#8243; _builder_version=&#8220;4.21.0&#8243; _module_preset=&#8220;default&#8220; custom_padding=&#8220;||1vw||false|false&#8220; global_colors_info=&#8220;{}&#8220;][et_pb_row _builder_version=&#8220;4.21.0&#8243; _module_preset=&#8220;default&#8220; custom_padding=&#8220;1vw||1vw||true|false&#8220; global_colors_info=&#8220;{}&#8220;][et_pb_column type=&#8220;4_4&#8243; _builder_version=&#8220;4.16&#8243; _module_preset=&#8220;default&#8220; global_colors_info=&#8220;{}&#8220;][et_pb_text _builder_version=&#8220;4.23.1&#8243; _module_preset=&#8220;default&#8220; text_text_color=&#8220;#00171f&#8220; text_font_size=&#8220;16px&#8220; text_line_height=&#8220;1.2em&#8220; header_4_font=&#8220;|700|||||||&#8220; header_4_font_size=&#8220;25px&#8220; header_4_line_height=&#8220;1.4em&#8220; custom_padding=&#8220;0vw||0vw||true|false&#8220; hover_enabled=&#8220;0&#8243; global_colors_info=&#8220;{}&#8220; sticky_enabled=&#8220;0&#8243;]<\/p>\n<h4><strong>Impressum<\/strong><\/h4>\n<p style=\"text-align: justify;\"><strong>ASRP-Systems Ltd.<\/strong><br \/>Hark\u00e1ly u. 10.<br \/>6000 KECSKEM\u00c9T<br \/>UNGARN<br \/>Telefon: +36 (70) 309 4621<br \/>E-Mail: <a href=\"mailto:info@asrp-systems.com\">info@asrp-systems.com<\/a><br \/>Website: <a href=\"http:\/\/www.asrp-systems.com\">www.asrp-systems.com<\/a><\/p>\n<p style=\"text-align: justify;\"><strong>Gesch\u00e4ftsf\u00fchrer:<\/strong> Attila G\u00f6nczi<br \/><strong>Amtsgericht:<\/strong> Kecskem\u00e9ti T\u00f6rv\u00e9nysz\u00e9k C\u00e9gb\u00edr\u00f3s\u00e1ga (Amtsgericht des Gerichts Kecskem\u00e9t)<br \/><strong>Registrationsnummer:<\/strong> 03-09-135260<\/p>\n<p style=\"text-align: justify;\"><strong>Steuernummer<\/strong>: 27194854-2-03<br \/><strong>Internationale (EU) Steuernummer:<\/strong> HU27194854<\/p>\n<p style=\"text-align: justify;\"><strong>Verantwortlich f\u00fcr den Inhalt:<\/strong><br \/>Attila G\u00f6nczi<br \/>ASRP-Systems Ltd.<br \/>Hark\u00e1ly u. 10.<br \/>6000 KECSKEM\u00c9T<br \/>UNGARN<br \/>Telefon: +36 (70) 309 4621<br \/>E-Mail: <a href=\"mailto:info@asrp-systems.com\">info@asrp-systems.com<\/a><\/p>\n<p style=\"text-align: justify;\"><strong>Bildnachweis:<\/strong><br \/><span>&#8211; iStockphoto<br \/><\/span><span>&#8211; Dreamstime<br \/><\/span>&#8211; ASRP-Systems Ltd.<\/p>\n<p>[\/et_pb_text][\/et_pb_column][\/et_pb_row][\/et_pb_section]<\/p>\n","protected":false},"excerpt":{"rendered":"<p>Impressum ASRP-Systems Ltd.Hark\u00e1ly u. 10.6000 KECSKEM\u00c9TUNGARNTelefon: +36 (70) 309 4621E-Mail: info@asrp-systems.comWebsite: www.asrp-systems.com Gesch\u00e4ftsf\u00fchrer: Attila G\u00f6ncziAmtsgericht: Kecskem\u00e9ti T\u00f6rv\u00e9nysz\u00e9k C\u00e9gb\u00edr\u00f3s\u00e1ga (Amtsgericht des Gerichts Kecskem\u00e9t)Registrationsnummer: 03-09-135260 Steuernummer: 27194854-2-03Internationale (EU) Steuernummer: HU27194854 Verantwortlich f\u00fcr den Inhalt:Attila G\u00f6ncziASRP-Systems Ltd.Hark\u00e1ly u. 10.6000 KECSKEM\u00c9TUNGARNTelefon: +36 (70) 309 4621E-Mail: info@asrp-systems.com Bildnachweis:- iStockphoto- Dreamstime- ASRP-Systems Ltd.<\/p>\n","protected":false},"author":1,"featured_media":0,"parent":0,"menu_order":0,"comment_status":"closed","ping_status":"closed","template":"","meta":{"_et_pb_use_builder":"on","_et_pb_old_content":"","_et_gb_content_width":"","footnotes":""},"class_list":["post-830","page","type-page","status-publish","hentry"],"aioseo_notices":[],"_links":{"self":[{"href":"https:\/\/asrp-systems.com\/de\/index.php\/wp-json\/wp\/v2\/pages\/830","targetHints":{"allow":["GET"]}}],"collection":[{"href":"https:\/\/asrp-systems.com\/de\/index.php\/wp-json\/wp\/v2\/pages"}],"about":[{"href":"https:\/\/asrp-systems.com\/de\/index.php\/wp-json\/wp\/v2\/types\/page"}],"author":[{"embeddable":true,"href":"https:\/\/asrp-systems.com\/de\/index.php\/wp-json\/wp\/v2\/users\/1"}],"replies":[{"embeddable":true,"href":"https:\/\/asrp-systems.com\/de\/index.php\/wp-json\/wp\/v2\/comments?post=830"}],"version-history":[{"count":2,"href":"https:\/\/asrp-systems.com\/de\/index.php\/wp-json\/wp\/v2\/pages\/830\/revisions"}],"predecessor-version":[{"id":832,"href":"https:\/\/asrp-systems.com\/de\/index.php\/wp-json\/wp\/v2\/pages\/830\/revisions\/832"}],"wp:attachment":[{"href":"https:\/\/asrp-systems.com\/de\/index.php\/wp-json\/wp\/v2\/media?parent=830"}],"curies":[{"name":"wp","href":"https:\/\/api.w.org\/{rel}","templated":true}]}}