{"id":824,"date":"2021-07-29T06:29:13","date_gmt":"2021-07-29T05:29:13","guid":{"rendered":"https:\/\/asrp-systems.com\/index.php\/ueber-uns\/"},"modified":"2025-07-04T15:20:18","modified_gmt":"2025-07-04T14:20:18","slug":"ueber-uns","status":"publish","type":"page","link":"https:\/\/asrp-systems.com\/de\/index.php\/ueber-uns\/","title":{"rendered":"\u00dcber Uns"},"content":{"rendered":"<p>[et_pb_section fb_built=&#8220;1&#8243; _builder_version=&#8220;4.27.0&#8243; _module_preset=&#8220;default&#8220; background_color=&#8220;#f0f0f0&#8243; custom_padding=&#8220;0vw||1vw||false|false&#8220; global_colors_info=&#8220;{}&#8220;][et_pb_row _builder_version=&#8220;4.16&#8243; _module_preset=&#8220;default&#8220; custom_padding=&#8220;||0px|||&#8220; global_colors_info=&#8220;{}&#8220;][et_pb_column type=&#8220;4_4&#8243; _builder_version=&#8220;4.16&#8243; _module_preset=&#8220;default&#8220; global_colors_info=&#8220;{}&#8220;][et_pb_text _builder_version=&#8220;4.24.0&#8243; _module_preset=&#8220;default&#8220; text_text_color=&#8220;#00171f&#8220; text_font_size=&#8220;16px&#8220; text_line_height=&#8220;1.2em&#8220; header_font=&#8220;|600|||||||&#8220; header_text_align=&#8220;left&#8220; header_text_color=&#8220;#00171f&#8220; header_line_height=&#8220;1.2em&#8220; custom_margin=&#8220;-10px||||false|false&#8220; custom_padding=&#8220;0vw||0vw||true|false&#8220; global_colors_info=&#8220;{}&#8220;]<\/p>\n<h1>Unsere Geschichte<\/h1>\n<p style=\"text-align: justify;\"><span>Das Unternehmen ASRP-Systems Ltd. wurde im Jahr 2021 in Ungarn gegr\u00fcndet, um professionelle Ingenieurdienstleistungen \u2013 in dem Automobil und anderen industriellen Bereichen \u2013 weltweit anzubieten.<\/span><\/p>\n<p style=\"text-align: justify;\"><span>Unsere Leidenschaft ist die Entwicklung und der Bau von hochwertigen, programmierbaren elektronischen Systemen in \u00dcbereinstimmung mit internationalen Normen und Richtlinien (IEC 61508, ISO 26262, ISO 13849 usw.) f\u00fcr Anwendungen, bei denen funktionale Sicherheit, Zuverl\u00e4ssigkeit, Verf\u00fcgbarkeit sowie eingebettete Cybersecurity wichtig sind.<\/span><\/p>\n<p>[\/et_pb_text][\/et_pb_column][\/et_pb_row][\/et_pb_section][et_pb_section fb_built=&#8220;1&#8243; _builder_version=&#8220;4.27.0&#8243; _module_preset=&#8220;default&#8220; background_enable_color=&#8220;off&#8220; custom_padding=&#8220;0vw||0vw||true|false&#8220; global_colors_info=&#8220;{}&#8220;][et_pb_row _builder_version=&#8220;4.21.0&#8243; _module_preset=&#8220;default&#8220; custom_padding=&#8220;1vw||1vw||true|false&#8220; global_colors_info=&#8220;{}&#8220;][et_pb_column type=&#8220;4_4&#8243; _builder_version=&#8220;4.21.0&#8243; _module_preset=&#8220;default&#8220; global_colors_info=&#8220;{}&#8220;][et_pb_text _builder_version=&#8220;4.23.1&#8243; _module_preset=&#8220;default&#8220; header_2_font=&#8220;|600|||||||&#8220; header_2_text_color=&#8220;#00171f&#8220; header_2_font_size=&#8220;30px&#8220; header_2_line_height=&#8220;1.2em&#8220; global_colors_info=&#8220;{}&#8220;]<\/p>\n<h2>Wer steht hinter ASRP-Systems?<\/h2>\n<p>[\/et_pb_text][\/et_pb_column][\/et_pb_row][\/et_pb_section][et_pb_section fb_built=&#8220;1&#8243; _builder_version=&#8220;4.27.0&#8243; _module_preset=&#8220;default&#8220; background_enable_color=&#8220;off&#8220; global_colors_info=&#8220;{}&#8220;][et_pb_row _builder_version=&#8220;4.21.0&#8243; _module_preset=&#8220;default&#8220; custom_padding=&#8220;0vw||1vw||false|false&#8220; global_colors_info=&#8220;{}&#8220;][et_pb_column type=&#8220;4_4&#8243; _builder_version=&#8220;4.21.0&#8243; _module_preset=&#8220;default&#8220; global_colors_info=&#8220;{}&#8220;][et_pb_team_member name=&#8220;Attila G\u00f6nczi&#8220; position=&#8220;Gesch\u00e4ftsf\u00fchrer &#038; Gr\u00fcnder&#8220; image_url=&#8220;https:\/\/asrp-systems.com\/wp-content\/uploads\/2021\/12\/Profil-e1640155244497.jpg&#8220; _builder_version=&#8220;4.27.4&#8243; _module_preset=&#8220;default&#8220; header_font=&#8220;|700|||||||&#8220; header_text_color=&#8220;#000000&#8243; header_line_height=&#8220;1.2em&#8220; body_text_color=&#8220;#00171f&#8220; body_font_size=&#8220;16px&#8220; body_line_height=&#8220;1.2em&#8220; position_font=&#8220;|600|on||||||&#8220; position_text_align=&#8220;left&#8220; position_text_color=&#8220;#000000&#8243; position_font_size=&#8220;16px&#8220; position_line_height=&#8220;1.4em&#8220; child_filter_brightness=&#8220;110%&#8220; child_filter_contrast=&#8220;110%&#8220; hover_enabled=&#8220;0&#8243; custom_css_member_image=&#8220;max-width: 17%;||height: auto;&#8220; box_shadow_style_image=&#8220;preset1&#8243; box_shadow_horizontal_image=&#8220;6px&#8220; box_shadow_vertical_image=&#8220;6px&#8220; box_shadow_color_image=&#8220;#8f8f8f&#8220; global_colors_info=&#8220;{}&#8220; sticky_enabled=&#8220;0&#8243;]<\/p>\n<p>Attila verf\u00fcgt \u00fcber 18 Jahre Berufserfahrung, von denen er 12 Jahre in Deutschland in den Bereichen Automobil und industrielle Automatisierung als Hardware-Design-Ingenieur, Functional Safety Engineer (zertifiziert vom T\u00dcV Rheinland) und sp\u00e4ter als Functional Safety Consultant t\u00e4tig war. Er erwarb einen B.Sc.-Abschluss in Elektrotechnik an der Budapest Tech (heute Universit\u00e4t \u00d3buda) in Ungarn und einen M.Sc.-Abschluss in Mikrosystemtechnik an der Hochschule Furtwangen in Deutschland.<\/p>\n<p>Attila arbeitet seit mehr als 11 Jahren im Bereich der Entwicklung sicherheitsrelevanter elektronischer und programmierbarer elektronischer Systeme. Als Functional Safety Consultant hat er zahlreichen Unternehmen dabei geholfen, Sicherheitssysteme erfolgreich zu spezifizieren, zu entwickeln, zu testen und zu zertifizieren.<\/p>\n<p>[\/et_pb_team_member][\/et_pb_column][\/et_pb_row][\/et_pb_section][et_pb_section fb_built=&#8220;1&#8243; _builder_version=&#8220;4.27.0&#8243; _module_preset=&#8220;default&#8220; background_color=&#8220;#f0f0f0&#8243; custom_padding=&#8220;1vw||1vw||true|false&#8220; global_colors_info=&#8220;{}&#8220;][et_pb_row _builder_version=&#8220;4.16&#8243; _module_preset=&#8220;default&#8220; global_colors_info=&#8220;{}&#8220;][et_pb_column type=&#8220;4_4&#8243; _builder_version=&#8220;4.16&#8243; _module_preset=&#8220;default&#8220; global_colors_info=&#8220;{}&#8220;][et_pb_text _builder_version=&#8220;4.21.0&#8243; _module_preset=&#8220;default&#8220; text_text_color=&#8220;#00171f&#8220; text_font_size=&#8220;16px&#8220; text_line_height=&#8220;1.2em&#8220; header_3_font=&#8220;|600|||||||&#8220; header_3_text_color=&#8220;#00171f&#8220; header_3_font_size=&#8220;30px&#8220; header_3_line_height=&#8220;1.2em&#8220; custom_margin=&#8220;-10px||||false|false&#8220; custom_padding=&#8220;0vw||0vw||true|false&#8220; global_colors_info=&#8220;{}&#8220;]<\/p>\n<h3>F\u00fcr wen arbeiten wir?<\/h3>\n<p>Unsere Kunden kommen haupts\u00e4chlich aus der Automobil- und Industrieautomatisierungsbranche.<\/p>\n<p>Bisher haben wir Projekte unterst\u00fctz in:<\/p>\n<ul>\n<li>Australien<\/li>\n<li>\u00d6sterreich<\/li>\n<li>Deutschland<\/li>\n<li>Irland<\/li>\n<li>Italien<\/li>\n<li>Spanien<\/li>\n<li>Gro\u00dfbritannien<\/li>\n<li>USA<\/li>\n<\/ul>\n<p>Wir sind bereit, Ihr n\u00e4chstes Sicherheitsprodukt zu entwickeln. Sind Sie auch?<\/p>\n<p>[\/et_pb_text][et_pb_button button_url=&#8220;https:\/\/asrp-systems.com\/de\/index.php\/kontakt\/&#8220; button_text=&#8220;LASSEN SIE UNS REDEN!&#8220; button_alignment=&#8220;left&#8220; _builder_version=&#8220;4.27.0&#8243; _module_preset=&#8220;default&#8220; custom_button=&#8220;on&#8220; button_text_size=&#8220;18px&#8220; button_text_color=&#8220;#FFFFFF&#8220; button_bg_color=&#8220;#ee960a&#8220; button_border_width=&#8220;0px&#8220; button_border_color=&#8220;#00171f&#8220; button_border_radius=&#8220;3px&#8220; button_font=&#8220;|700||on|||||&#8220; button_icon_color=&#8220;#00171f&#8220; custom_margin=&#8220;-10px||-10px||true|false&#8220; custom_padding=&#8220;||||true|false&#8220; box_shadow_style=&#8220;preset1&#8243; global_colors_info=&#8220;{}&#8220;][\/et_pb_button][\/et_pb_column][\/et_pb_row][\/et_pb_section]<\/p>\n","protected":false},"excerpt":{"rendered":"<p>Unsere Geschichte Das Unternehmen ASRP-Systems Ltd. wurde im Jahr 2021 in Ungarn gegr\u00fcndet, um professionelle Ingenieurdienstleistungen \u2013 in dem Automobil und anderen industriellen Bereichen \u2013 weltweit anzubieten. Unsere Leidenschaft ist die Entwicklung und der Bau von hochwertigen, programmierbaren elektronischen Systemen in \u00dcbereinstimmung mit internationalen Normen und Richtlinien (IEC 61508, ISO 26262, ISO 13849 usw.) f\u00fcr [&hellip;]<\/p>\n","protected":false},"author":1,"featured_media":0,"parent":0,"menu_order":0,"comment_status":"closed","ping_status":"closed","template":"","meta":{"_et_pb_use_builder":"on","_et_pb_old_content":"","_et_gb_content_width":"","footnotes":""},"class_list":["post-824","page","type-page","status-publish","hentry"],"aioseo_notices":[],"_links":{"self":[{"href":"https:\/\/asrp-systems.com\/de\/index.php\/wp-json\/wp\/v2\/pages\/824","targetHints":{"allow":["GET"]}}],"collection":[{"href":"https:\/\/asrp-systems.com\/de\/index.php\/wp-json\/wp\/v2\/pages"}],"about":[{"href":"https:\/\/asrp-systems.com\/de\/index.php\/wp-json\/wp\/v2\/types\/page"}],"author":[{"embeddable":true,"href":"https:\/\/asrp-systems.com\/de\/index.php\/wp-json\/wp\/v2\/users\/1"}],"replies":[{"embeddable":true,"href":"https:\/\/asrp-systems.com\/de\/index.php\/wp-json\/wp\/v2\/comments?post=824"}],"version-history":[{"count":9,"href":"https:\/\/asrp-systems.com\/de\/index.php\/wp-json\/wp\/v2\/pages\/824\/revisions"}],"predecessor-version":[{"id":1402,"href":"https:\/\/asrp-systems.com\/de\/index.php\/wp-json\/wp\/v2\/pages\/824\/revisions\/1402"}],"wp:attachment":[{"href":"https:\/\/asrp-systems.com\/de\/index.php\/wp-json\/wp\/v2\/media?parent=824"}],"curies":[{"name":"wp","href":"https:\/\/api.w.org\/{rel}","templated":true}]}}