{"id":1364,"date":"2025-03-27T10:52:43","date_gmt":"2025-03-27T09:52:43","guid":{"rendered":"https:\/\/asrp-systems.com\/?page_id=1364"},"modified":"2025-03-27T11:33:20","modified_gmt":"2025-03-27T10:33:20","slug":"unternehmenspolitik","status":"publish","type":"page","link":"https:\/\/asrp-systems.com\/de\/index.php\/unternehmenspolitik\/","title":{"rendered":"Unternehmenspolitik"},"content":{"rendered":"<p>[et_pb_section fb_built=&#8220;1&#8243; _builder_version=&#8220;4.16&#8243; _module_preset=&#8220;default&#8220; global_colors_info=&#8220;{}&#8220;][et_pb_row _builder_version=&#8220;4.16&#8243; _module_preset=&#8220;default&#8220; global_colors_info=&#8220;{}&#8220;][et_pb_column type=&#8220;4_4&#8243; _builder_version=&#8220;4.16&#8243; _module_preset=&#8220;default&#8220; global_colors_info=&#8220;{}&#8220;][et_pb_text _builder_version=&#8220;4.27.4&#8243; _module_preset=&#8220;default&#8220; text_text_color=&#8220;#00171f&#8220; text_font_size=&#8220;16px&#8220; text_line_height=&#8220;1.2em&#8220; header_4_font=&#8220;|700|||||||&#8220; header_4_text_color=&#8220;#00171f&#8220; header_4_font_size=&#8220;25px&#8220; header_4_line_height=&#8220;1.4em&#8220; custom_padding=&#8220;0vw||0vw||true|false&#8220; hover_enabled=&#8220;0&#8243; global_colors_info=&#8220;{}&#8220; header_5_font_size=&#8220;18px&#8220; header_5_font=&#8220;|700|||||||&#8220; sticky_enabled=&#8220;0&#8243;]<\/p>\n<h4>Unternehmenspolitik<\/h4>\n<h5 style=\"text-align: justify;\">Richtlinie zum Integrierten Managementsystem<\/h5>\n<p style=\"text-align: justify;\">Mit der Umseztung dieser Richtlinie und des daruf basierenden Rahmensbedingungen verf\u00fcgt ASRP-Systems Ltd. \u00fcber ein Integrieretes Managementsystem, das die Anforderungen der ISO 9001 und ISO\/IEC 27001 erf\u00fcllt. Qualit\u00e4t und Informationssicherheit sind entscheidend f\u00fcr den Erfolg unseres Unternehmens sowie f\u00fcr unsere langfristige Nachhaltigkeit und Rentabilit\u00e4t.<\/p>\n<p style=\"text-align: justify;\">ASRP-Systems erreicht in jeder Arbeitsphase h\u00f6chste Qualit\u00e4ts- und Informationssicherheitsstandards. Dieses Engagament zeigt sich in:<\/p>\n<ul style=\"text-align: justify;\">\n<li>Prozessen, ausgef\u00fchrt von gut geschultem Personal, um stets konsistente Ergebnisse zu erzielen. Unser Managementteam ist bestreibt, sich kontinuierlich zu verbessern und Innovationen voranzutreiben, um die Kindenbed\u00fcrfnisse besser zu erf\u00fcllen.<\/li>\n<li>Bereitstellung aller notwendigen Ressourcen f\u00fcr unser Integriertes Managementsystem zur Zielerreichung und Schulung der Mitarbeiter, die f\u00fcr die Umsetzung der Prozesse und Verfahren des Integrierten Managementsystem erfordelich sind.<\/li>\n<li>Unterst\u00fctzung der kontinuierlichen Verbesserung des Systems.<\/li>\n<li>Fairness und Professionalit\u00e4t.<\/li>\n<li>Einhaltung der Qualit\u00e4ts- und Informationssicherheitsanforderungen des Unternehmens, der Stakeholder, der Vorschriften und Gesetze sowie der Kunden.<\/li>\n<li>Sicherung aller Informationen in jeglicher Form (papierbasiert, Cloud-basiert, digitale Daten).<\/li>\n<li>Reaktion auf sich entwickelnde Sicherheitsrisiken mithilfe von Risikobewertungsmethoden.<\/li>\n<li>Sicherstellung, dass Verm\u00f6gensst\u00e4nde wie Jahresabschl\u00fcsse, geistiges Eigentum, Mitarbeiterdaten und von Dritten anvertraute Informationen unbesch\u00e4digt, vertraulich und bei Bedarf verf\u00fcgbar bleiben.<\/li>\n<\/ul>\n<p style=\"text-align: justify;\">ASRP-Systems Ltd. ist sich der kontinuierlichen Verbesserung bewusst, kontrolliert dacher regelm\u00e4\u00dfig die Effizienz und Effektivit\u00e4t seines Integrierten Managementsystems und verbessert es anhand von Praxiserfahrungen.<\/p>\n<p style=\"text-align: justify;\">Kecskem\u00e9t, 01.09.2024<\/p>\n<p style=\"text-align: justify;\">Attila G\u00f6nczi<\/p>\n<p style=\"text-align: justify;\">Gesch\u00e4ftsf\u00fchrer<\/p>\n<p style=\"text-align: justify;\">ASRP-Systems Ltd.<\/p>\n<p>[\/et_pb_text][\/et_pb_column][\/et_pb_row][\/et_pb_section]<\/p>\n","protected":false},"excerpt":{"rendered":"<p>Unternehmenspolitik Richtlinie zum Integrierten Managementsystem Mit der Umseztung dieser Richtlinie und des daruf basierenden Rahmensbedingungen verf\u00fcgt ASRP-Systems Ltd. \u00fcber ein Integrieretes Managementsystem, das die Anforderungen der ISO 9001 und ISO\/IEC 27001 erf\u00fcllt. Qualit\u00e4t und Informationssicherheit sind entscheidend f\u00fcr den Erfolg unseres Unternehmens sowie f\u00fcr unsere langfristige Nachhaltigkeit und Rentabilit\u00e4t. ASRP-Systems erreicht in jeder Arbeitsphase h\u00f6chste [&hellip;]<\/p>\n","protected":false},"author":1,"featured_media":0,"parent":0,"menu_order":0,"comment_status":"closed","ping_status":"closed","template":"","meta":{"_et_pb_use_builder":"on","_et_pb_old_content":"","_et_gb_content_width":"","footnotes":""},"class_list":["post-1364","page","type-page","status-publish","hentry"],"aioseo_notices":[],"_links":{"self":[{"href":"https:\/\/asrp-systems.com\/de\/index.php\/wp-json\/wp\/v2\/pages\/1364","targetHints":{"allow":["GET"]}}],"collection":[{"href":"https:\/\/asrp-systems.com\/de\/index.php\/wp-json\/wp\/v2\/pages"}],"about":[{"href":"https:\/\/asrp-systems.com\/de\/index.php\/wp-json\/wp\/v2\/types\/page"}],"author":[{"embeddable":true,"href":"https:\/\/asrp-systems.com\/de\/index.php\/wp-json\/wp\/v2\/users\/1"}],"replies":[{"embeddable":true,"href":"https:\/\/asrp-systems.com\/de\/index.php\/wp-json\/wp\/v2\/comments?post=1364"}],"version-history":[{"count":5,"href":"https:\/\/asrp-systems.com\/de\/index.php\/wp-json\/wp\/v2\/pages\/1364\/revisions"}],"predecessor-version":[{"id":1383,"href":"https:\/\/asrp-systems.com\/de\/index.php\/wp-json\/wp\/v2\/pages\/1364\/revisions\/1383"}],"wp:attachment":[{"href":"https:\/\/asrp-systems.com\/de\/index.php\/wp-json\/wp\/v2\/media?parent=1364"}],"curies":[{"name":"wp","href":"https:\/\/api.w.org\/{rel}","templated":true}]}}